{"id":19303,"date":"2025-10-31T10:36:26","date_gmt":"2025-10-31T07:36:26","guid":{"rendered":"https:\/\/ceoparts.com\/?post_type=product&#038;p=19303"},"modified":"2026-05-03T04:03:13","modified_gmt":"2026-05-03T01:03:13","slug":"linde-piston-tamir-takimi-0009608129","status":"publish","type":"product","link":"https:\/\/ceoparts.com\/tr\/urun\/linde-piston-tamir-takimi-0009608129\/","title":{"rendered":"Linde Piston Tamir Tak\u0131m\u0131 &#8211; 0009608129"},"content":{"rendered":"<p>Linde Piston Tamir Tak\u0131m\u0131 &#8211; 0009608129<\/p>","protected":false},"excerpt":{"rendered":"<p data-start=\"196\" data-end=\"614\">Linde forklift modellerinde kullan\u0131lan piston grubunun s\u0131zd\u0131rmazl\u0131k ve \u00e7al\u0131\u015fma performans\u0131n\u0131 yenilemek i\u00e7in tasarlanm\u0131\u015f tamir tak\u0131m\u0131d\u0131r. \u0130\u00e7indeki ke\u00e7eler, O-ringler ve conta setleri sayesinde hidrolik pistonun bas\u0131n\u00e7 kayb\u0131n\u0131 \u00f6nler, sars\u0131nt\u0131s\u0131z ve g\u00fcvenilir \u00e7al\u0131\u015fma sa\u011flar. Orijinal kaliteye uygun, uzun \u00f6m\u00fcrl\u00fc yedek par\u00e7a setidir.<br data-start=\"584\" data-end=\"587\" \/><strong data-start=\"587\" data-end=\"612\">\u00d6ne \u00c7\u0131kan \u00d6zellikler:<\/strong><\/p>\n<ul data-start=\"615\" data-end=\"779\">\n<li data-start=\"615\" data-end=\"658\">\n<p data-start=\"617\" data-end=\"658\">Linde forkliftler ile uyumlu tamir seti<\/p>\n<\/li>\n<li data-start=\"659\" data-end=\"708\">\n<p data-start=\"661\" data-end=\"708\">S\u0131zd\u0131rmazl\u0131k elemanlar\u0131n\u0131n komple yenilenmesi<\/p>\n<\/li>\n<li data-start=\"709\" data-end=\"749\">\n<p data-start=\"711\" data-end=\"749\">Bas\u0131n\u00e7 kayb\u0131n\u0131 ve ya\u011f ka\u00e7a\u011f\u0131n\u0131 \u00f6nler<\/p>\n<\/li>\n<li data-start=\"750\" data-end=\"779\">\n<p data-start=\"752\" data-end=\"779\">Y\u00fcksek dayan\u0131m ve uzun \u00f6m\u00fcr<\/p>\n<\/li>\n<\/ul>\n","protected":false},"featured_media":19305,"template":"","meta":[],"product_brand":[],"product_cat":[470,246,523],"product_tag":[],"class_list":{"0":"post-19303","1":"product","2":"type-product","3":"status-publish","4":"has-post-thumbnail","6":"product_cat-diger-yedek-parcalar","7":"product_cat-linde","8":"product_cat-yedek-parca-linde","10":"first","11":"instock","12":"taxable","13":"shipping-taxable","14":"purchasable","15":"product-type-simple"},"_links":{"self":[{"href":"https:\/\/ceoparts.com\/tr\/wp-json\/wp\/v2\/product\/19303","targetHints":{"allow":["GET"]}}],"collection":[{"href":"https:\/\/ceoparts.com\/tr\/wp-json\/wp\/v2\/product"}],"about":[{"href":"https:\/\/ceoparts.com\/tr\/wp-json\/wp\/v2\/types\/product"}],"wp:featuredmedia":[{"embeddable":true,"href":"https:\/\/ceoparts.com\/tr\/wp-json\/wp\/v2\/media\/19305"}],"wp:attachment":[{"href":"https:\/\/ceoparts.com\/tr\/wp-json\/wp\/v2\/media?parent=19303"}],"wp:term":[{"taxonomy":"product_brand","embeddable":true,"href":"https:\/\/ceoparts.com\/tr\/wp-json\/wp\/v2\/product_brand?post=19303"},{"taxonomy":"product_cat","embeddable":true,"href":"https:\/\/ceoparts.com\/tr\/wp-json\/wp\/v2\/product_cat?post=19303"},{"taxonomy":"product_tag","embeddable":true,"href":"https:\/\/ceoparts.com\/tr\/wp-json\/wp\/v2\/product_tag?post=19303"}],"curies":[{"name":"wp","href":"https:\/\/api.w.org\/{rel}","templated":true}]}}