{"id":19306,"date":"2025-10-31T10:54:22","date_gmt":"2025-10-31T07:54:22","guid":{"rendered":"https:\/\/ceoparts.com\/?post_type=product&#038;p=19306"},"modified":"2026-05-03T03:35:54","modified_gmt":"2026-05-03T00:35:54","slug":"linde-t16-tesisat-kablosu-3093810431","status":"publish","type":"product","link":"https:\/\/ceoparts.com\/tr\/urun\/linde-t16-tesisat-kablosu-3093810431\/","title":{"rendered":"Linde T16 Tesisat Kablosu &#8211; 3093810431"},"content":{"rendered":"<p>Linde T16 Tesisat Kablosu &#8211; 3093810431<\/p>","protected":false},"excerpt":{"rendered":"<p data-start=\"77\" data-end=\"515\">Linde T16 transpalet modelleri i\u00e7in \u00fcretilmi\u015f 3093810431 tesisat kablosu, elektriksel ba\u011flant\u0131lar\u0131n g\u00fcvenli ve kesintisiz \u015fekilde iletilmesini sa\u011flar. Makinenin kontrol, s\u00fcr\u00fc\u015f ve sens\u00f6r sistemleri aras\u0131ndaki sinyalleri do\u011fru \u015fekilde aktar\u0131r. Orijinal \u00f6l\u00e7\u00fc ve konekt\u00f6r yap\u0131s\u0131na birebir uyumlu, dayan\u0131kl\u0131 bir yedek par\u00e7a olarak kullan\u0131l\u0131r.<br data-start=\"485\" data-end=\"488\" \/><strong data-start=\"488\" data-end=\"513\">\u00d6ne \u00c7\u0131kan \u00d6zellikler:<\/strong><\/p>\n<ul data-start=\"516\" data-end=\"661\">\n<li data-start=\"516\" data-end=\"535\">\n<p data-start=\"518\" data-end=\"535\">Kod: 3093810431<\/p>\n<\/li>\n<li data-start=\"536\" data-end=\"573\">\n<p data-start=\"538\" data-end=\"573\">Linde T16 modelleri i\u00e7in tam uyum<\/p>\n<\/li>\n<li data-start=\"574\" data-end=\"602\">\n<p data-start=\"576\" data-end=\"602\">G\u00fcvenli elektrik iletimi<\/p>\n<\/li>\n<li data-start=\"603\" data-end=\"631\">\n<p data-start=\"605\" data-end=\"631\">Orijinal konekt\u00f6r yap\u0131s\u0131<\/p>\n<\/li>\n<li data-start=\"632\" data-end=\"661\">\n<p data-start=\"634\" data-end=\"661\">Y\u00fcksek dayan\u0131m ve uzun \u00f6m\u00fcr<\/p>\n<\/li>\n<\/ul>\n","protected":false},"featured_media":19309,"template":"","meta":[],"product_brand":[],"product_cat":[469,246,523],"product_tag":[],"class_list":{"0":"post-19306","1":"product","2":"type-product","3":"status-publish","4":"has-post-thumbnail","6":"product_cat-elektrik-ve-sistem-parcalari","7":"product_cat-linde","8":"product_cat-yedek-parca-linde","10":"first","11":"instock","12":"taxable","13":"shipping-taxable","14":"purchasable","15":"product-type-simple"},"_links":{"self":[{"href":"https:\/\/ceoparts.com\/tr\/wp-json\/wp\/v2\/product\/19306","targetHints":{"allow":["GET"]}}],"collection":[{"href":"https:\/\/ceoparts.com\/tr\/wp-json\/wp\/v2\/product"}],"about":[{"href":"https:\/\/ceoparts.com\/tr\/wp-json\/wp\/v2\/types\/product"}],"wp:featuredmedia":[{"embeddable":true,"href":"https:\/\/ceoparts.com\/tr\/wp-json\/wp\/v2\/media\/19309"}],"wp:attachment":[{"href":"https:\/\/ceoparts.com\/tr\/wp-json\/wp\/v2\/media?parent=19306"}],"wp:term":[{"taxonomy":"product_brand","embeddable":true,"href":"https:\/\/ceoparts.com\/tr\/wp-json\/wp\/v2\/product_brand?post=19306"},{"taxonomy":"product_cat","embeddable":true,"href":"https:\/\/ceoparts.com\/tr\/wp-json\/wp\/v2\/product_cat?post=19306"},{"taxonomy":"product_tag","embeddable":true,"href":"https:\/\/ceoparts.com\/tr\/wp-json\/wp\/v2\/product_tag?post=19306"}],"curies":[{"name":"wp","href":"https:\/\/api.w.org\/{rel}","templated":true}]}}