{"id":19310,"date":"2025-10-31T11:09:57","date_gmt":"2025-10-31T08:09:57","guid":{"rendered":"https:\/\/ceoparts.com\/?post_type=product&#038;p=19310"},"modified":"2026-05-03T03:05:43","modified_gmt":"2026-05-03T00:05:43","slug":"jungheinrich-camurluk-50040374","status":"publish","type":"product","link":"https:\/\/ceoparts.com\/tr\/urun\/jungheinrich-camurluk-50040374\/","title":{"rendered":"Jungheinrich \u00c7amurluk &#8211; 50040374"},"content":{"rendered":"<p>Jungheinrich \u00c7amurluk &#8211; 50040374<\/p>","protected":false},"excerpt":{"rendered":"<p data-start=\"78\" data-end=\"507\">Albright SW280 \u2013 54VCO kontakt\u00f6r, y\u00fcksek ak\u0131m ta\u015f\u0131ma kapasitesi ve h\u0131zl\u0131 a\u00e7ma-kapama performans\u0131 ile elektrikli forkliftlerde, end\u00fcstriyel ekipmanlarda ve DC motor kontrol sistemlerinde kullan\u0131l\u0131r. 54V bobin yap\u0131s\u0131 sayesinde kararl\u0131 \u00e7al\u0131\u015fma sunar. Uzun \u00f6m\u00fcrl\u00fc, darbe ve titre\u015fim dayan\u0131m\u0131 y\u00fcksek, orijinal kalite bir g\u00fc\u00e7 kontakt\u00f6r\u00fcd\u00fcr.<br data-start=\"477\" data-end=\"480\" \/><strong data-start=\"480\" data-end=\"505\">\u00d6ne \u00c7\u0131kan \u00d6zellikler:<\/strong><\/p>\n<ul data-start=\"508\" data-end=\"667\">\n<li data-start=\"508\" data-end=\"532\">\n<p data-start=\"510\" data-end=\"532\">Model: SW280 \u2013 54VCO<\/p>\n<\/li>\n<li data-start=\"533\" data-end=\"555\">\n<p data-start=\"535\" data-end=\"555\">54V bobin gerilimi<\/p>\n<\/li>\n<li data-start=\"556\" data-end=\"589\">\n<p data-start=\"558\" data-end=\"589\">Y\u00fcksek ak\u0131m ta\u015f\u0131ma kapasitesi<\/p>\n<\/li>\n<li data-start=\"590\" data-end=\"632\">\n<p data-start=\"592\" data-end=\"632\">A\u011f\u0131r hizmet DC uygulamalar\u0131 i\u00e7in ideal<\/p>\n<\/li>\n<li data-start=\"633\" data-end=\"667\">\n<p data-start=\"635\" data-end=\"667\">Dayan\u0131kl\u0131 ve uzun \u00f6m\u00fcrl\u00fc tasar\u0131m<\/p>\n<\/li>\n<\/ul>\n","protected":false},"featured_media":19313,"template":"","meta":[],"product_brand":[],"product_cat":[472,522,236],"product_tag":[],"class_list":{"0":"post-19310","1":"product","2":"type-product","3":"status-publish","4":"has-post-thumbnail","6":"product_cat-kaporta-aksami","7":"product_cat-yedek-parca-jungheinrich","8":"product_cat-jungheinrich","10":"first","11":"instock","12":"taxable","13":"shipping-taxable","14":"purchasable","15":"product-type-simple"},"_links":{"self":[{"href":"https:\/\/ceoparts.com\/tr\/wp-json\/wp\/v2\/product\/19310","targetHints":{"allow":["GET"]}}],"collection":[{"href":"https:\/\/ceoparts.com\/tr\/wp-json\/wp\/v2\/product"}],"about":[{"href":"https:\/\/ceoparts.com\/tr\/wp-json\/wp\/v2\/types\/product"}],"wp:featuredmedia":[{"embeddable":true,"href":"https:\/\/ceoparts.com\/tr\/wp-json\/wp\/v2\/media\/19313"}],"wp:attachment":[{"href":"https:\/\/ceoparts.com\/tr\/wp-json\/wp\/v2\/media?parent=19310"}],"wp:term":[{"taxonomy":"product_brand","embeddable":true,"href":"https:\/\/ceoparts.com\/tr\/wp-json\/wp\/v2\/product_brand?post=19310"},{"taxonomy":"product_cat","embeddable":true,"href":"https:\/\/ceoparts.com\/tr\/wp-json\/wp\/v2\/product_cat?post=19310"},{"taxonomy":"product_tag","embeddable":true,"href":"https:\/\/ceoparts.com\/tr\/wp-json\/wp\/v2\/product_tag?post=19310"}],"curies":[{"name":"wp","href":"https:\/\/api.w.org\/{rel}","templated":true}]}}