{"id":19315,"date":"2025-10-31T11:36:40","date_gmt":"2025-10-31T08:36:40","guid":{"rendered":"https:\/\/ceoparts.com\/?post_type=product&#038;p=19315"},"modified":"2026-05-03T03:32:32","modified_gmt":"2026-05-03T00:32:32","slug":"albright-kontaktor-sw280-54vco","status":"publish","type":"product","link":"https:\/\/ceoparts.com\/tr\/urun\/albright-kontaktor-sw280-54vco\/","title":{"rendered":"Albright Kontakt\u00f6r SW280 &#8211; 54VCO"},"content":{"rendered":"<p>Albright Kontakt\u00f6r SW280 &#8211; 54VCO<\/p>","protected":false},"excerpt":{"rendered":"<p data-start=\"162\" data-end=\"545\">Albright SW280 \u2013 54VCO kontakt\u00f6r, y\u00fcksek ak\u0131m ta\u015f\u0131ma kapasitesine sahip a\u011f\u0131r hizmet tipi bir DC kontakt\u00f6rd\u00fcr. Elektrikli forkliftler, end\u00fcstriyel makineler, vin\u00e7ler ve motor kontrol sistemlerinde g\u00fcvenilir a\u00e7ma-kapama performans\u0131 sa\u011flar. 54V bobin yap\u0131s\u0131 ile stabil \u00e7al\u0131\u015fma sunar ve uzun \u00f6m\u00fcrl\u00fcd\u00fcr.<br data-start=\"525\" data-end=\"528\" \/><strong data-start=\"528\" data-end=\"543\">\u00d6zellikler:<\/strong><\/p>\n<ul data-start=\"546\" data-end=\"690\">\n<li data-start=\"546\" data-end=\"570\">\n<p data-start=\"548\" data-end=\"570\">Model: SW280 \u2013 54VCO<\/p>\n<\/li>\n<li data-start=\"571\" data-end=\"593\">\n<p data-start=\"573\" data-end=\"593\">54V bobin gerilimi<\/p>\n<\/li>\n<li data-start=\"594\" data-end=\"618\">\n<p data-start=\"596\" data-end=\"618\">Y\u00fcksek ak\u0131m dayan\u0131m\u0131<\/p>\n<\/li>\n<li data-start=\"619\" data-end=\"661\">\n<p data-start=\"621\" data-end=\"661\">A\u011f\u0131r hizmet DC uygulamalar\u0131 i\u00e7in ideal<\/p>\n<\/li>\n<li data-start=\"662\" data-end=\"690\">\n<p data-start=\"664\" data-end=\"690\">Sa\u011flam ve uzun \u00f6m\u00fcrl\u00fc yap\u0131<\/p>\n<\/li>\n<\/ul>\n","protected":false},"featured_media":19320,"template":"","meta":[],"product_brand":[],"product_cat":[462],"product_tag":[],"class_list":{"0":"post-19315","1":"product","2":"type-product","3":"status-publish","4":"has-post-thumbnail","6":"product_cat-kontaktorler","8":"first","9":"instock","10":"taxable","11":"shipping-taxable","12":"purchasable","13":"product-type-simple"},"_links":{"self":[{"href":"https:\/\/ceoparts.com\/tr\/wp-json\/wp\/v2\/product\/19315","targetHints":{"allow":["GET"]}}],"collection":[{"href":"https:\/\/ceoparts.com\/tr\/wp-json\/wp\/v2\/product"}],"about":[{"href":"https:\/\/ceoparts.com\/tr\/wp-json\/wp\/v2\/types\/product"}],"wp:featuredmedia":[{"embeddable":true,"href":"https:\/\/ceoparts.com\/tr\/wp-json\/wp\/v2\/media\/19320"}],"wp:attachment":[{"href":"https:\/\/ceoparts.com\/tr\/wp-json\/wp\/v2\/media?parent=19315"}],"wp:term":[{"taxonomy":"product_brand","embeddable":true,"href":"https:\/\/ceoparts.com\/tr\/wp-json\/wp\/v2\/product_brand?post=19315"},{"taxonomy":"product_cat","embeddable":true,"href":"https:\/\/ceoparts.com\/tr\/wp-json\/wp\/v2\/product_cat?post=19315"},{"taxonomy":"product_tag","embeddable":true,"href":"https:\/\/ceoparts.com\/tr\/wp-json\/wp\/v2\/product_tag?post=19315"}],"curies":[{"name":"wp","href":"https:\/\/api.w.org\/{rel}","templated":true}]}}