{"id":19321,"date":"2025-10-31T13:55:27","date_gmt":"2025-10-31T10:55:27","guid":{"rendered":"https:\/\/ceoparts.com\/?post_type=product&#038;p=19321"},"modified":"2026-05-03T03:09:37","modified_gmt":"2026-05-03T00:09:37","slug":"still-fmx-fren-manyetigi-11205000500","status":"publish","type":"product","link":"https:\/\/ceoparts.com\/tr\/urun\/still-fmx-fren-manyetigi-11205000500\/","title":{"rendered":"Still FMX Fren Manyeti\u011fi &#8211; 11205000500"},"content":{"rendered":"<p>Still FMX Fren Manyeti\u011fi &#8211; 11205000500<\/p>","protected":false},"excerpt":{"rendered":"<p data-start=\"84\" data-end=\"508\">Still FMX serisi forkliftler i\u00e7in \u00fcretilmi\u015f 11205000500 fren manyeti\u011fi, fren sisteminin do\u011fru ve g\u00fcvenilir \u015fekilde devreye girmesini sa\u011flar. Elektriksel sinyal ile fren mekanizmas\u0131n\u0131 aktif eden bu par\u00e7a, \u00f6zellikle yo\u011fun kullan\u0131mda stabil fren performans\u0131 sunar. Orijinal \u00f6l\u00e7\u00fclere birebir uyumlu, uzun \u00f6m\u00fcrl\u00fc yedek par\u00e7ad\u0131r.<br data-start=\"478\" data-end=\"481\" \/><strong data-start=\"481\" data-end=\"506\">\u00d6ne \u00c7\u0131kan \u00d6zellikler:<\/strong><\/p>\n<ul data-start=\"509\" data-end=\"651\">\n<li data-start=\"509\" data-end=\"529\">\n<p data-start=\"511\" data-end=\"529\">Kod: 11205000500<\/p>\n<\/li>\n<li data-start=\"530\" data-end=\"566\">\n<p data-start=\"532\" data-end=\"566\">Still FMX modelleri ile tam uyum<\/p>\n<\/li>\n<li data-start=\"567\" data-end=\"613\">\n<p data-start=\"569\" data-end=\"613\">Kararl\u0131 frenleme i\u00e7in elektromanyetik yap\u0131<\/p>\n<\/li>\n<li data-start=\"614\" data-end=\"651\">\n<p data-start=\"616\" data-end=\"651\">Yo\u011fun \u00e7al\u0131\u015fma ko\u015fullar\u0131na dayan\u0131kl\u0131<\/p>\n<\/li>\n<\/ul>\n","protected":false},"featured_media":19326,"template":"","meta":[],"product_brand":[],"product_cat":[449,524,241],"product_tag":[],"class_list":{"0":"post-19321","1":"product","2":"type-product","3":"status-publish","4":"has-post-thumbnail","6":"product_cat-fren-sistem-parcalari","7":"product_cat-yedek-parca-still","8":"product_cat-still","10":"first","11":"instock","12":"taxable","13":"shipping-taxable","14":"purchasable","15":"product-type-simple"},"_links":{"self":[{"href":"https:\/\/ceoparts.com\/tr\/wp-json\/wp\/v2\/product\/19321","targetHints":{"allow":["GET"]}}],"collection":[{"href":"https:\/\/ceoparts.com\/tr\/wp-json\/wp\/v2\/product"}],"about":[{"href":"https:\/\/ceoparts.com\/tr\/wp-json\/wp\/v2\/types\/product"}],"wp:featuredmedia":[{"embeddable":true,"href":"https:\/\/ceoparts.com\/tr\/wp-json\/wp\/v2\/media\/19326"}],"wp:attachment":[{"href":"https:\/\/ceoparts.com\/tr\/wp-json\/wp\/v2\/media?parent=19321"}],"wp:term":[{"taxonomy":"product_brand","embeddable":true,"href":"https:\/\/ceoparts.com\/tr\/wp-json\/wp\/v2\/product_brand?post=19321"},{"taxonomy":"product_cat","embeddable":true,"href":"https:\/\/ceoparts.com\/tr\/wp-json\/wp\/v2\/product_cat?post=19321"},{"taxonomy":"product_tag","embeddable":true,"href":"https:\/\/ceoparts.com\/tr\/wp-json\/wp\/v2\/product_tag?post=19321"}],"curies":[{"name":"wp","href":"https:\/\/api.w.org\/{rel}","templated":true}]}}