{"id":19327,"date":"2025-11-01T09:20:37","date_gmt":"2025-11-01T06:20:37","guid":{"rendered":"https:\/\/ceoparts.com\/?post_type=product&#038;p=19327"},"modified":"2026-05-03T03:39:39","modified_gmt":"2026-05-03T00:39:39","slug":"jungheinrich-ere-karin-butonu-51283905","status":"publish","type":"product","link":"https:\/\/ceoparts.com\/tr\/urun\/jungheinrich-ere-karin-butonu-51283905\/","title":{"rendered":"Jungheinrich ERE Kar\u0131n Butonu &#8211; 51283905"},"content":{"rendered":"<p>Jungheinrich ERE Kar\u0131n Butonu &#8211; 51283905<\/p>\n<table border=\"0\" width=\"279\" cellspacing=\"0\" cellpadding=\"0\">\n<colgroup>\n<col width=\"191\" \/>\n<col width=\"88\" \/><\/colgroup>\n<tbody>\n<tr>\n<td width=\"191\" height=\"19\"><span style=\"font-family: Calibri;\">ERE 120<\/span><\/td>\n<td width=\"88\"><span style=\"font-family: Calibri;\">6.08 &#8211;\u00a0<\/span><\/td>\n<\/tr>\n<tr>\n<td height=\"19\"><span style=\"font-family: Calibri;\">ERE 225 KP<\/span><\/td>\n<td><span style=\"font-family: Calibri;\">7.08 &#8211;\u00a0<\/span><\/td>\n<\/tr>\n<tr>\n<td height=\"19\"><span style=\"font-family: Calibri;\">ERC 212 \/ 214 \/ 216<\/span><\/td>\n<td><span style=\"font-family: Calibri;\">4.09 &#8211;\u00a0<\/span><\/td>\n<\/tr>\n<tr>\n<td height=\"19\"><span style=\"font-family: Calibri;\">ERD 220<\/span><\/td>\n<td><span style=\"font-family: Calibri;\">6.10 &#8211;\u00a0<\/span><\/td>\n<\/tr>\n<tr>\n<td height=\"19\"><span style=\"font-family: Calibri;\">ERE 120 (Qingpu)<\/span><\/td>\n<td><span style=\"font-family: Calibri;\">1.09 &#8211; 8.09<\/span><\/td>\n<\/tr>\n<tr>\n<td height=\"19\"><span style=\"font-family: Calibri;\">ERE 120n<\/span><\/td>\n<td><span style=\"font-family: Calibri;\">9.09 &#8211; 1.18<\/span><\/td>\n<\/tr>\n<tr>\n<td height=\"19\"><span style=\"font-family: Calibri;\">ECE 118<\/span><\/td>\n<td><span style=\"font-family: Calibri;\">4.10 &#8211; 2.13<\/span><\/td>\n<\/tr>\n<tr>\n<td height=\"19\"><span style=\"font-family: Calibri;\">ERC 212z \/ 214z \/ 216z<\/span><\/td>\n<td><span style=\"font-family: Calibri;\">2.11 &#8211;\u00a0<\/span><\/td>\n<\/tr>\n<tr>\n<td height=\"19\"><span style=\"font-family: Calibri;\">ERE 120<\/span><\/td>\n<td><span style=\"font-family: Calibri;\">5.12 &#8211;\u00a0<\/span><\/td>\n<\/tr>\n<tr>\n<td height=\"19\"><span style=\"font-family: Calibri;\">ERE 120n (NICHIYU)<\/span><\/td>\n<td><span style=\"font-family: Calibri;\">1.11 &#8211; 2.20<\/span><\/td>\n<\/tr>\n<tr>\n<td height=\"19\"><span style=\"font-family: Calibri;\">ERC 215a<\/span><\/td>\n<td><span style=\"font-family: Calibri;\">11.12 &#8211;\u00a0<\/span><\/td>\n<\/tr>\n<tr>\n<td height=\"19\"><span style=\"font-family: Calibri;\">ERE 225a<\/span><\/td>\n<td><span style=\"font-family: Calibri;\">7.13 &#8211;\u00a0<\/span><\/td>\n<\/tr>\n<tr>\n<td height=\"19\"><span style=\"font-family: Calibri;\">ECE 118<\/span><\/td>\n<td><span style=\"font-family: Calibri;\">4.13 &#8211;\u00a0<\/span><\/td>\n<\/tr>\n<tr>\n<td height=\"19\"><span style=\"font-family: Calibri;\">ERV 308<\/span><\/td>\n<td><span style=\"font-family: Calibri;\">7.13 &#8211;\u00a0<\/span><\/td>\n<\/tr>\n<tr>\n<td height=\"19\"><span style=\"font-family: Calibri;\">ERC 214 \/ 216 (US)<\/span><\/td>\n<td><span style=\"font-family: Calibri;\">8.14 &#8211;\u00a0<\/span><\/td>\n<\/tr>\n<tr>\n<td height=\"19\"><span style=\"font-family: Calibri;\">ERC 220<\/span><\/td>\n<td><span style=\"font-family: Calibri;\">1.16 &#8211;\u00a0<\/span><\/td>\n<\/tr>\n<tr>\n<td height=\"19\"><span style=\"font-family: Calibri;\">ERE 120 \/ 125 \/ 225<\/span><\/td>\n<td><span style=\"font-family: Calibri;\">10.16 &#8211;\u00a0<\/span><\/td>\n<\/tr>\n<tr>\n<td height=\"19\"><span style=\"font-family: Calibri;\">ERE 120 \/ 125 \/ 225 (US)<\/span><\/td>\n<td><span style=\"font-family: Calibri;\">10.16 &#8211;\u00a0<\/span><\/td>\n<\/tr>\n<tr>\n<td height=\"19\"><span style=\"font-family: Calibri;\">ERD 120 \/ 220<\/span><\/td>\n<td><span style=\"font-family: Calibri;\">11.17 &#8211;\u00a0<\/span><\/td>\n<\/tr>\n<tr>\n<td height=\"19\"><span style=\"font-family: Calibri;\">ERE 120n<\/span><\/td>\n<td><span style=\"font-family: Calibri;\">1.18 &#8211;\u00a0<\/span><\/td>\n<\/tr>\n<tr>\n<td height=\"19\"><span style=\"font-family: Calibri;\">ERC\/ERC-B 212 \/ 214 \/ 216<\/span><\/td>\n<td><span style=\"font-family: Calibri;\">9.18 &#8211;\u00a0<\/span><\/td>\n<\/tr>\n<tr>\n<td height=\"19\"><span style=\"font-family: Calibri;\">ERC\/ERC-B 212 \/ 214 \/ 216 US<\/span><\/td>\n<td><span style=\"font-family: Calibri;\">9.18 &#8211;\u00a0<\/span><\/td>\n<\/tr>\n<tr>\n<td height=\"19\"><span style=\"font-family: Calibri;\">ERC 212z \/ 214z \/ 216z<\/span><\/td>\n<td><span style=\"font-family: Calibri;\">11.18 &#8211;\u00a0<\/span><\/td>\n<\/tr>\n<tr>\n<td height=\"19\"><span style=\"font-family: Calibri;\">ERC 214z \/ 216z US<\/span><\/td>\n<td><span style=\"font-family: Calibri;\">11.18 &#8211;\u00a0<\/span><\/td>\n<\/tr>\n<tr>\n<td height=\"19\"><span style=\"font-family: Calibri;\">ERC 213a<\/span><\/td>\n<td><span style=\"font-family: Calibri;\">5.19 &#8211;\u00a0<\/span><\/td>\n<\/tr>\n<tr>\n<td height=\"19\"><span style=\"font-family: Calibri;\">EZS MB 230<\/span><\/td>\n<td><span style=\"font-family: Calibri;\">7.20 &#8211;\u00a0<\/span><\/td>\n<\/tr>\n<\/tbody>\n<\/table>","protected":false},"excerpt":{"rendered":"<p data-start=\"79\" data-end=\"484\">Jungheinrich ERE serisi makineler i\u00e7in \u00fcretilmi\u015f 51283905 kar\u0131n butonu, operat\u00f6r g\u00fcvenli\u011fi i\u00e7in kullan\u0131lan acil durdurma bile\u015fenidir. Ani s\u0131k\u0131\u015fma, \u00e7arpma veya kontrol kayb\u0131 durumlar\u0131nda sistemi an\u0131nda durdurarak kazalar\u0131 \u00f6nler. Orijinal \u00f6l\u00e7\u00fclere birebir uyumlu, dayan\u0131kl\u0131 ve uzun \u00f6m\u00fcrl\u00fc yedek par\u00e7ad\u0131r.<br data-start=\"454\" data-end=\"457\" \/><strong data-start=\"457\" data-end=\"482\">\u00d6ne \u00c7\u0131kan \u00d6zellikler:<\/strong><\/p>\n<ul data-start=\"485\" data-end=\"612\">\n<li data-start=\"485\" data-end=\"502\">\n<p data-start=\"487\" data-end=\"502\">Kod: 51283905<\/p>\n<\/li>\n<li data-start=\"503\" data-end=\"530\">\n<p data-start=\"505\" data-end=\"530\">ERE serisi ile tam uyum<\/p>\n<\/li>\n<li data-start=\"531\" data-end=\"566\">\n<p data-start=\"533\" data-end=\"566\">Acil durdurma \/ g\u00fcvenlik butonu<\/p>\n<\/li>\n<li data-start=\"567\" data-end=\"612\">\n<p data-start=\"569\" data-end=\"612\">Darbelere ve yo\u011fun kullan\u0131ma dayan\u0131kl\u0131 yap\u0131<\/p>\n<\/li>\n<\/ul>\n<p>&nbsp;<\/p>\n","protected":false},"featured_media":19331,"template":"","meta":[],"product_brand":[],"product_cat":[454,522,236],"product_tag":[],"class_list":{"0":"post-19327","1":"product","2":"type-product","3":"status-publish","4":"has-post-thumbnail","6":"product_cat-switch-ve-buton","7":"product_cat-yedek-parca-jungheinrich","8":"product_cat-jungheinrich","10":"first","11":"instock","12":"taxable","13":"shipping-taxable","14":"purchasable","15":"product-type-simple"},"_links":{"self":[{"href":"https:\/\/ceoparts.com\/tr\/wp-json\/wp\/v2\/product\/19327","targetHints":{"allow":["GET"]}}],"collection":[{"href":"https:\/\/ceoparts.com\/tr\/wp-json\/wp\/v2\/product"}],"about":[{"href":"https:\/\/ceoparts.com\/tr\/wp-json\/wp\/v2\/types\/product"}],"wp:featuredmedia":[{"embeddable":true,"href":"https:\/\/ceoparts.com\/tr\/wp-json\/wp\/v2\/media\/19331"}],"wp:attachment":[{"href":"https:\/\/ceoparts.com\/tr\/wp-json\/wp\/v2\/media?parent=19327"}],"wp:term":[{"taxonomy":"product_brand","embeddable":true,"href":"https:\/\/ceoparts.com\/tr\/wp-json\/wp\/v2\/product_brand?post=19327"},{"taxonomy":"product_cat","embeddable":true,"href":"https:\/\/ceoparts.com\/tr\/wp-json\/wp\/v2\/product_cat?post=19327"},{"taxonomy":"product_tag","embeddable":true,"href":"https:\/\/ceoparts.com\/tr\/wp-json\/wp\/v2\/product_tag?post=19327"}],"curies":[{"name":"wp","href":"https:\/\/api.w.org\/{rel}","templated":true}]}}