{"id":19332,"date":"2025-11-01T09:58:55","date_gmt":"2025-11-01T06:58:55","guid":{"rendered":"https:\/\/ceoparts.com\/?post_type=product&#038;p=19332"},"modified":"2026-05-16T17:11:29","modified_gmt":"2026-05-16T14:11:29","slug":"still-havalandirma-filtresi-0735620","status":"publish","type":"product","link":"https:\/\/ceoparts.com\/tr\/urun\/still-havalandirma-filtresi-0735620\/","title":{"rendered":"Still Havaland\u0131rma Filtresi &#8211; 0735620"},"content":{"rendered":"<p>Still Havaland\u0131rma Filtresi &#8211; 0735620<\/p>","protected":false},"excerpt":{"rendered":"<p data-start=\"80\" data-end=\"450\">Still forklift modelleri i\u00e7in \u00fcretilen 0735620 havaland\u0131rma filtresi, motorun temiz hava almas\u0131n\u0131 sa\u011flayarak performans\u0131 ve yak\u0131t verimlili\u011fini art\u0131r\u0131r. Toz, partik\u00fcl ve kir giri\u015fini engelleyerek motorun \u00f6mr\u00fcn\u00fc uzat\u0131r. Orijinal \u00f6l\u00e7\u00fclere uygun, tam uyumlu yedek par\u00e7ad\u0131r.<br data-start=\"420\" data-end=\"423\" \/><strong data-start=\"423\" data-end=\"448\">\u00d6ne \u00c7\u0131kan \u00d6zellikler:<\/strong><\/p>\n<ul data-start=\"451\" data-end=\"572\">\n<li data-start=\"451\" data-end=\"467\">\n<p data-start=\"453\" data-end=\"467\">Kod: 0735620<\/p>\n<\/li>\n<li data-start=\"468\" data-end=\"495\">\n<p data-start=\"470\" data-end=\"495\">Y\u00fcksek hava filtrasyonu<\/p>\n<\/li>\n<li data-start=\"496\" data-end=\"534\">\n<p data-start=\"498\" data-end=\"534\">Motoru toz ve partik\u00fcllerden korur<\/p>\n<\/li>\n<li data-start=\"535\" data-end=\"572\">\n<p data-start=\"537\" data-end=\"572\">Still forklift modelleri ile uyumlu<\/p>\n<\/li>\n<\/ul>\n","protected":false},"featured_media":19333,"template":"","meta":[],"product_brand":[],"product_cat":[498,241,524],"product_tag":[],"class_list":{"0":"post-19332","1":"product","2":"type-product","3":"status-publish","4":"has-post-thumbnail","6":"product_cat-filtre-cesitleri","7":"product_cat-still","8":"product_cat-yedek-parca-still","10":"first","11":"instock","12":"taxable","13":"shipping-taxable","14":"purchasable","15":"product-type-simple"},"_links":{"self":[{"href":"https:\/\/ceoparts.com\/tr\/wp-json\/wp\/v2\/product\/19332","targetHints":{"allow":["GET"]}}],"collection":[{"href":"https:\/\/ceoparts.com\/tr\/wp-json\/wp\/v2\/product"}],"about":[{"href":"https:\/\/ceoparts.com\/tr\/wp-json\/wp\/v2\/types\/product"}],"wp:featuredmedia":[{"embeddable":true,"href":"https:\/\/ceoparts.com\/tr\/wp-json\/wp\/v2\/media\/19333"}],"wp:attachment":[{"href":"https:\/\/ceoparts.com\/tr\/wp-json\/wp\/v2\/media?parent=19332"}],"wp:term":[{"taxonomy":"product_brand","embeddable":true,"href":"https:\/\/ceoparts.com\/tr\/wp-json\/wp\/v2\/product_brand?post=19332"},{"taxonomy":"product_cat","embeddable":true,"href":"https:\/\/ceoparts.com\/tr\/wp-json\/wp\/v2\/product_cat?post=19332"},{"taxonomy":"product_tag","embeddable":true,"href":"https:\/\/ceoparts.com\/tr\/wp-json\/wp\/v2\/product_tag?post=19332"}],"curies":[{"name":"wp","href":"https:\/\/api.w.org\/{rel}","templated":true}]}}