{"id":19336,"date":"2025-11-01T10:17:41","date_gmt":"2025-11-01T07:17:41","guid":{"rendered":"https:\/\/ceoparts.com\/?post_type=product&#038;p=19336"},"modified":"2026-05-16T17:05:10","modified_gmt":"2026-05-16T14:05:10","slug":"still-hidrolik-filtre-0174164","status":"publish","type":"product","link":"https:\/\/ceoparts.com\/tr\/urun\/still-hidrolik-filtre-0174164\/","title":{"rendered":"Still Hidrolik Filtre &#8211; 0174164"},"content":{"rendered":"<p>Still Hidrolik Filtre &#8211; 0174164<\/p>","protected":false},"excerpt":{"rendered":"<p data-start=\"233\" data-end=\"661\">Still forklift modelleri i\u00e7in \u00fcretilmi\u015f 0174164 kodlu hidrolik filtre, hidrolik sistemdeki ya\u011f\u0131n temiz kalmas\u0131n\u0131 sa\u011flayarak pompa, valf ve hidrolik hatlar\u0131n \u00f6mr\u00fcn\u00fc uzat\u0131r. Y\u00fcksek bas\u0131nca dayan\u0131kl\u0131 yap\u0131s\u0131 sayesinde stabil performans sunar ve bak\u0131m maliyetlerini d\u00fc\u015f\u00fcr\u00fcr. Orijinal \u00f6l\u00e7\u00fclerle birebir uyumlu yedek par\u00e7a olarak kullan\u0131l\u0131r.<br data-start=\"631\" data-end=\"634\" \/><strong data-start=\"634\" data-end=\"659\">\u00d6ne \u00c7\u0131kan \u00d6zellikler:<\/strong><\/p>\n<ul data-start=\"662\" data-end=\"777\">\n<li data-start=\"662\" data-end=\"678\">\n<p data-start=\"664\" data-end=\"678\">Kod: 0174164<\/p>\n<\/li>\n<li data-start=\"679\" data-end=\"712\">\n<p data-start=\"681\" data-end=\"712\">Y\u00fcksek filtreleme verimlili\u011fi<\/p>\n<\/li>\n<li data-start=\"713\" data-end=\"739\">\n<p data-start=\"715\" data-end=\"739\">Hidrolik sistemi korur<\/p>\n<\/li>\n<li data-start=\"740\" data-end=\"777\">\n<p data-start=\"742\" data-end=\"777\">Still forklift modelleri ile uyumlu<\/p>\n<\/li>\n<\/ul>\n","protected":false},"featured_media":19341,"template":"","meta":[],"product_brand":[],"product_cat":[498,241,524],"product_tag":[],"class_list":{"0":"post-19336","1":"product","2":"type-product","3":"status-publish","4":"has-post-thumbnail","6":"product_cat-filtre-cesitleri","7":"product_cat-still","8":"product_cat-yedek-parca-still","10":"first","11":"instock","12":"taxable","13":"shipping-taxable","14":"purchasable","15":"product-type-simple"},"_links":{"self":[{"href":"https:\/\/ceoparts.com\/tr\/wp-json\/wp\/v2\/product\/19336","targetHints":{"allow":["GET"]}}],"collection":[{"href":"https:\/\/ceoparts.com\/tr\/wp-json\/wp\/v2\/product"}],"about":[{"href":"https:\/\/ceoparts.com\/tr\/wp-json\/wp\/v2\/types\/product"}],"wp:featuredmedia":[{"embeddable":true,"href":"https:\/\/ceoparts.com\/tr\/wp-json\/wp\/v2\/media\/19341"}],"wp:attachment":[{"href":"https:\/\/ceoparts.com\/tr\/wp-json\/wp\/v2\/media?parent=19336"}],"wp:term":[{"taxonomy":"product_brand","embeddable":true,"href":"https:\/\/ceoparts.com\/tr\/wp-json\/wp\/v2\/product_brand?post=19336"},{"taxonomy":"product_cat","embeddable":true,"href":"https:\/\/ceoparts.com\/tr\/wp-json\/wp\/v2\/product_cat?post=19336"},{"taxonomy":"product_tag","embeddable":true,"href":"https:\/\/ceoparts.com\/tr\/wp-json\/wp\/v2\/product_tag?post=19336"}],"curies":[{"name":"wp","href":"https:\/\/api.w.org\/{rel}","templated":true}]}}