{"id":19406,"date":"2025-11-03T14:17:41","date_gmt":"2025-11-03T11:17:41","guid":{"rendered":"https:\/\/ceoparts.com\/?post_type=product&#038;p=19406"},"modified":"2026-05-16T12:04:27","modified_gmt":"2026-05-16T09:04:27","slug":"jungheinrich-ere120-catal-mekanizmasi-51194454","status":"publish","type":"product","link":"https:\/\/ceoparts.com\/tr\/urun\/jungheinrich-ere120-catal-mekanizmasi-51194454\/","title":{"rendered":"Jungheinrich ERE120 \u00c7atal Mekanizmas\u0131 &#8211; 51194454"},"content":{"rendered":"<p>Jungheinrich ERE120 \u00c7atal Mekanizmas\u0131 &#8211; 51194454<\/p>","protected":false},"excerpt":{"rendered":"<p>Jungheinrich ERE120 \u00c7atal Mekanizmas\u0131 &#8211; 51194454<\/p>\n","protected":false},"featured_media":19411,"template":"","meta":[],"product_brand":[],"product_cat":[406,236,408,522],"product_tag":[],"class_list":{"0":"post-19406","1":"product","2":"type-product","3":"status-publish","4":"has-post-thumbnail","6":"product_cat-catal-mekanizma","7":"product_cat-jungheinrich","8":"product_cat-jungheinrich-catal-mekanizma","9":"product_cat-yedek-parca-jungheinrich","11":"first","12":"instock","13":"taxable","14":"shipping-taxable","15":"purchasable","16":"product-type-simple"},"_links":{"self":[{"href":"https:\/\/ceoparts.com\/tr\/wp-json\/wp\/v2\/product\/19406","targetHints":{"allow":["GET"]}}],"collection":[{"href":"https:\/\/ceoparts.com\/tr\/wp-json\/wp\/v2\/product"}],"about":[{"href":"https:\/\/ceoparts.com\/tr\/wp-json\/wp\/v2\/types\/product"}],"wp:featuredmedia":[{"embeddable":true,"href":"https:\/\/ceoparts.com\/tr\/wp-json\/wp\/v2\/media\/19411"}],"wp:attachment":[{"href":"https:\/\/ceoparts.com\/tr\/wp-json\/wp\/v2\/media?parent=19406"}],"wp:term":[{"taxonomy":"product_brand","embeddable":true,"href":"https:\/\/ceoparts.com\/tr\/wp-json\/wp\/v2\/product_brand?post=19406"},{"taxonomy":"product_cat","embeddable":true,"href":"https:\/\/ceoparts.com\/tr\/wp-json\/wp\/v2\/product_cat?post=19406"},{"taxonomy":"product_tag","embeddable":true,"href":"https:\/\/ceoparts.com\/tr\/wp-json\/wp\/v2\/product_tag?post=19406"}],"curies":[{"name":"wp","href":"https:\/\/api.w.org\/{rel}","templated":true}]}}