{"id":19447,"date":"2025-11-04T09:59:50","date_gmt":"2025-11-04T06:59:50","guid":{"rendered":"https:\/\/ceoparts.com\/?post_type=product&#038;p=19447"},"modified":"2026-05-16T14:58:46","modified_gmt":"2026-05-16T11:58:46","slug":"200x50-20-60-blickle-alht-denge-tekeri","status":"publish","type":"product","link":"https:\/\/ceoparts.com\/tr\/urun\/200x50-20-60-blickle-alht-denge-tekeri\/","title":{"rendered":"200&#215;50\/60-20 Blickle ALHT Denge Tekeri"},"content":{"rendered":"<p>200&#215;50\/60-20 Blickle ALHT Denge Tekeri<\/p>\n<p><\/p>\n<table class=\"table table-striped technical-data\">\n<tbody>\n<tr class=\"d-flex\">\n<td class=\"col-7 col-lg-4\">Teker \u00e7ap\u0131 (D)<\/td>\n<td class=\"col-1 centered\"><\/td>\n<td class=\"col-4 col-lg-7\"><span class=\"technical-data-value metric size\">200 mm<\/span><\/td>\n<\/tr>\n<tr class=\"d-flex\">\n<td class=\"col-7 col-lg-4\">Teker geni\u015fli\u011fi<\/td>\n<td class=\"col-1 centered\"><\/td>\n<td class=\"col-4 col-lg-7\"><span class=\"technical-data-value metric size\">50 mm<\/span><\/td>\n<\/tr>\n<tr class=\"d-flex\">\n<td class=\"col-7 col-lg-4\"><span class=\"technical-data-title metric weight\">4 km\/saat h\u0131zda ta\u015f\u0131ma kapasitesi<\/span><\/td>\n<td class=\"col-1 centered\"><\/td>\n<td class=\"col-4 col-lg-7\"><span class=\"technical-data-value metric weight\">800 kg<\/span><\/td>\n<\/tr>\n<tr class=\"d-flex\">\n<td class=\"col-7 col-lg-4\"><span class=\"technical-data-title metric weight\">6 km\/saat h\u0131zda ta\u015f\u0131ma kapasitesi<\/span><\/td>\n<td class=\"col-1 centered\"><\/td>\n<td class=\"col-4 col-lg-7\"><span class=\"technical-data-value metric weight\">640 kg<\/span><\/td>\n<\/tr>\n<tr class=\"d-flex\">\n<td class=\"col-7 col-lg-4\"><span class=\"technical-data-title metric weight\">10 km\/saat h\u0131zda ta\u015f\u0131ma kapasitesi<\/span><\/td>\n<td class=\"col-1 centered\"><\/td>\n<td class=\"col-4 col-lg-7\"><span class=\"technical-data-value metric weight\">400 kg<\/span><\/td>\n<\/tr>\n<tr class=\"d-flex\">\n<td class=\"col-7 col-lg-4\">Ta\u015f\u0131ma kapasitesi (statik)<\/td>\n<td class=\"col-1 centered\"><\/td>\n<td class=\"col-4 col-lg-7\"><span class=\"technical-data-value metric weight\">2.000 kg<\/span><\/td>\n<\/tr>\n<tr class=\"d-flex\">\n<td class=\"col-7 col-lg-4\">Yatak t\u00fcr\u00fc<\/td>\n<td class=\"col-1 centered\"><\/td>\n<td class=\"col-4 col-lg-7\"><span class=\"technical-data-value general\">bilyal\u0131\u00a0rulman<\/span><\/td>\n<\/tr>\n<tr class=\"d-flex\">\n<td class=\"col-7 col-lg-4\">Aks deli\u011fi \u00e7ap\u0131 (d)<\/td>\n<td class=\"col-1 centered\"><\/td>\n<td class=\"col-4 col-lg-7\"><span class=\"technical-data-value metric size\">20 mm<\/span><\/td>\n<\/tr>\n<tr class=\"d-flex\">\n<td class=\"col-7 col-lg-4\">G\u00f6bek uzunlu\u011fu (T1)<\/td>\n<td class=\"col-1 centered\"><\/td>\n<td class=\"col-4 col-lg-7\"><span class=\"technical-data-value metric size\">60 mm<\/span><\/td>\n<\/tr>\n<tr class=\"d-flex\">\n<td class=\"col-7 col-lg-4\">Min. s\u0131cakl\u0131k dayan\u0131m\u0131<\/td>\n<td class=\"col-1 centered\"><\/td>\n<td class=\"col-4 col-lg-7\"><span class=\"technical-data-value metric temperature\">-20 \u00b0C<\/span><\/td>\n<\/tr>\n<tr class=\"d-flex\">\n<td class=\"col-7 col-lg-4\">Maks. s\u0131cakl\u0131k dayan\u0131m\u0131<\/td>\n<td class=\"col-1 centered\"><\/td>\n<td class=\"col-4 col-lg-7\"><span class=\"technical-data-value metric temperature\">70 \u00b0C<\/span><\/td>\n<\/tr>\n<tr class=\"d-flex\">\n<td class=\"col-7 col-lg-4\">Kaplama sertli\u011fi<\/td>\n<td class=\"col-1 centered\"><\/td>\n<td class=\"col-4 col-lg-7\"><span class=\"technical-data-value general\">92\u00a0Shore\u00a0A<\/span><\/td>\n<\/tr>\n<tr class=\"d-flex\">\n<td class=\"col-7 col-lg-4\">Adet a\u011f\u0131rl\u0131\u011f\u0131<\/td>\n<td class=\"col-1 centered\"><\/td>\n<td class=\"col-4 col-lg-7\"><span class=\"technical-data-value metric weight\">1,5 kg<\/span><\/td>\n<\/tr>\n<tr class=\"d-flex\">\n<td class=\"col-7 col-lg-4\">\u0130z b\u0131rakmaz<\/td>\n<td class=\"col-1 centered\"><\/td>\n<td class=\"col-4 col-lg-7\">x<\/td>\n<\/tr>\n<tr class=\"d-flex\">\n<td class=\"col-7 col-lg-4\">Temas y\u00fczeylerinde rengi atmaz<\/td>\n<td class=\"col-1 centered\"><\/td>\n<td class=\"col-4 col-lg-7\">x<\/td>\n<\/tr>\n<tr class=\"d-flex\">\n<td class=\"col-7 col-lg-4\">Antistatik<\/td>\n<td class=\"col-1 centered\"><\/td>\n<td class=\"col-4 col-lg-7\">x<\/td>\n<\/tr>\n<tr class=\"d-flex\">\n<td class=\"col-7 col-lg-4\">ESD<\/td>\n<td class=\"col-1 centered\"><\/td>\n<td class=\"col-4 col-lg-7\">x<\/td>\n<\/tr>\n<tr class=\"d-flex\">\n<td class=\"col-7 col-lg-4\">Elektrik yal\u0131t\u0131ml\u0131<\/td>\n<td class=\"col-1 centered\"><\/td>\n<td class=\"col-4 col-lg-7\">x<\/td>\n<\/tr>\n<tr class=\"d-flex\">\n<td class=\"col-7 col-lg-4\">Paslanmaya kar\u015f\u0131 dayan\u0131kl\u0131<\/td>\n<td class=\"col-1 centered\"><\/td>\n<td class=\"col-4 col-lg-7\">x<\/td>\n<\/tr>\n<tr class=\"d-flex\">\n<td class=\"col-7 col-lg-4\">Is\u0131ya dayan\u0131kl\u0131<\/td>\n<td class=\"col-1 centered\"><\/td>\n<td class=\"col-4 col-lg-7\">x<\/td>\n<\/tr>\n<tr class=\"d-flex\">\n<td class=\"col-7 col-lg-4\">Teker kaplamas\u0131 hidrolize dayan\u0131kl\u0131<\/td>\n<td class=\"col-1 centered\"><\/td>\n<td class=\"col-4 col-lg-7\">x<\/td>\n<\/tr>\n<tr class=\"d-flex\">\n<td class=\"col-7 col-lg-4\">Otoklava uygundur<\/td>\n<td class=\"col-1 centered\"><\/td>\n<td class=\"col-4 col-lg-7\">x<\/td>\n<\/tr>\n<\/tbody>\n<\/table>\n<p><\/p>","protected":false},"excerpt":{"rendered":"<p>200&#215;50\/60-20 Blickle ALHT Denge Tekeri Teker \u00e7ap\u0131 (D) 200 mm Teker geni\u015fli\u011fi 50 mm 4 km\/saat h\u0131zda ta\u015f\u0131ma kapasitesi 800<\/p>\n","protected":false},"featured_media":19450,"template":"","meta":[],"product_brand":[],"product_cat":[499,501,185],"product_tag":[],"class_list":{"0":"post-19447","1":"product","2":"type-product","3":"status-publish","4":"has-post-thumbnail","6":"product_cat-blickle","7":"product_cat-denge-tekeri-blickle","8":"product_cat-denge-tekeri","10":"first","11":"instock","12":"taxable","13":"shipping-taxable","14":"purchasable","15":"product-type-simple"},"_links":{"self":[{"href":"https:\/\/ceoparts.com\/tr\/wp-json\/wp\/v2\/product\/19447","targetHints":{"allow":["GET"]}}],"collection":[{"href":"https:\/\/ceoparts.com\/tr\/wp-json\/wp\/v2\/product"}],"about":[{"href":"https:\/\/ceoparts.com\/tr\/wp-json\/wp\/v2\/types\/product"}],"wp:featuredmedia":[{"embeddable":true,"href":"https:\/\/ceoparts.com\/tr\/wp-json\/wp\/v2\/media\/19450"}],"wp:attachment":[{"href":"https:\/\/ceoparts.com\/tr\/wp-json\/wp\/v2\/media?parent=19447"}],"wp:term":[{"taxonomy":"product_brand","embeddable":true,"href":"https:\/\/ceoparts.com\/tr\/wp-json\/wp\/v2\/product_brand?post=19447"},{"taxonomy":"product_cat","embeddable":true,"href":"https:\/\/ceoparts.com\/tr\/wp-json\/wp\/v2\/product_cat?post=19447"},{"taxonomy":"product_tag","embeddable":true,"href":"https:\/\/ceoparts.com\/tr\/wp-json\/wp\/v2\/product_tag?post=19447"}],"curies":[{"name":"wp","href":"https:\/\/api.w.org\/{rel}","templated":true}]}}