{"id":19644,"date":"2025-11-20T17:48:22","date_gmt":"2025-11-20T14:48:22","guid":{"rendered":"https:\/\/ceoparts.com\/?post_type=product&#038;p=19644"},"modified":"2026-04-11T13:27:06","modified_gmt":"2026-04-11T10:27:06","slug":"300x106-30-stellana-yuk-tekeri-poliuretan-plus-bt-241486-7518697","status":"publish","type":"product","link":"https:\/\/ceoparts.com\/tr\/urun\/300x106-30-stellana-yuk-tekeri-poliuretan-plus-bt-241486-7518697\/","title":{"rendered":"300\u00d7106-30 Stellana Y\u00fck Tekeri Poli\u00fcretan Plus \u2013 BT 241486, 7518697"},"content":{"rendered":"<p>300\u00d7106-30 Stellana Y\u00fck Tekeri Poli\u00fcretan Plus \u2013 BT 241486, 7518697<\/p>","protected":false},"excerpt":{"rendered":"<p>241486, \u00a07518697\u00a0 BT 7578683<\/p>\n<p>RRE 140 C,E,EC<\/p>\n<p>RRE 160 C,E,EC<\/p>\n<p>Cesab R314<\/p>\n<p>Cesab R316<\/p>\n","protected":false},"featured_media":19647,"template":"","meta":[],"product_brand":[],"product_cat":[194,251,416,419,255],"product_tag":[],"class_list":{"0":"post-19644","1":"product","2":"type-product","3":"status-publish","4":"has-post-thumbnail","6":"product_cat-yuk-tekeri","7":"product_cat-bt","8":"product_cat-stellana","9":"product_cat-yuk-tekeri-stellana","10":"product_cat-yuk-tekeri-bt","12":"first","13":"instock","14":"taxable","15":"shipping-taxable","16":"purchasable","17":"product-type-simple"},"_links":{"self":[{"href":"https:\/\/ceoparts.com\/tr\/wp-json\/wp\/v2\/product\/19644","targetHints":{"allow":["GET"]}}],"collection":[{"href":"https:\/\/ceoparts.com\/tr\/wp-json\/wp\/v2\/product"}],"about":[{"href":"https:\/\/ceoparts.com\/tr\/wp-json\/wp\/v2\/types\/product"}],"wp:featuredmedia":[{"embeddable":true,"href":"https:\/\/ceoparts.com\/tr\/wp-json\/wp\/v2\/media\/19647"}],"wp:attachment":[{"href":"https:\/\/ceoparts.com\/tr\/wp-json\/wp\/v2\/media?parent=19644"}],"wp:term":[{"taxonomy":"product_brand","embeddable":true,"href":"https:\/\/ceoparts.com\/tr\/wp-json\/wp\/v2\/product_brand?post=19644"},{"taxonomy":"product_cat","embeddable":true,"href":"https:\/\/ceoparts.com\/tr\/wp-json\/wp\/v2\/product_cat?post=19644"},{"taxonomy":"product_tag","embeddable":true,"href":"https:\/\/ceoparts.com\/tr\/wp-json\/wp\/v2\/product_tag?post=19644"}],"curies":[{"name":"wp","href":"https:\/\/api.w.org\/{rel}","templated":true}]}}