{"id":19687,"date":"2025-11-21T13:03:49","date_gmt":"2025-11-21T10:03:49","guid":{"rendered":"https:\/\/ceoparts.com\/?post_type=product&#038;p=19687"},"modified":"2026-04-12T00:08:52","modified_gmt":"2026-04-11T21:08:52","slug":"16x6-8-noturque-segmanli-iz-birakmayan-dolgu-lastik","status":"publish","type":"product","link":"https:\/\/ceoparts.com\/tr\/urun\/16x6-8-noturque-segmanli-iz-birakmayan-dolgu-lastik\/","title":{"rendered":"16\u00d76-8 (150\/75-8) Nutorque Segmanl\u0131 \u0130z B\u0131rakmayan Dolgu Lastik"},"content":{"rendered":"<p>16\u00d76-8 (150\/75-8) Nutorque Segmanl\u0131 \u0130z B\u0131rakmayan Dolgu Lastik<\/p>","protected":false},"excerpt":{"rendered":"<p><strong data-start=\"91\" data-end=\"120\">Nutorque dolgu lastikleri<\/strong>, end\u00fcstriyel alanlardaki zorlu zemin ko\u015fullar\u0131nda maksimum performans sunmak \u00fczere m\u00fchendislik harikas\u0131 3 katmanl\u0131 s\u0131rt teknolojisi ile geli\u015ftirilmi\u015ftir. Premium kalitedeki s\u0131rt hamuru ve g\u00fc\u00e7lendirilmi\u015f g\u00f6vde yap\u0131s\u0131, lasti\u011fin a\u015f\u0131nma direncini art\u0131rarak operasyonel s\u00fcreklili\u011fi garanti alt\u0131na al\u0131r.<br data-start=\"418\" data-end=\"421\" \/>\u00d6zellikle g\u00fcnl\u00fck 12 saati a\u015fan yo\u011fun \u00e7al\u0131\u015fma tempolar\u0131 i\u00e7in optimize edilen Nutorque, derin di\u015f yap\u0131s\u0131 sayesinde uzun kullan\u0131m \u00f6mr\u00fc sunar. Bu \u00f6zellikleri ile i\u015fletmenizin lastik giderlerini minimize ederken, i\u015f ak\u0131\u015f\u0131n\u0131z\u0131n kesintisiz devam etmesine stratejik katk\u0131 sa\u011flar.<\/p>\n","protected":false},"featured_media":19691,"template":"","meta":[],"product_brand":[],"product_cat":[516],"product_tag":[],"class_list":{"0":"post-19687","1":"product","2":"type-product","3":"status-publish","4":"has-post-thumbnail","6":"product_cat-dolgu-lastikler","8":"first","9":"instock","10":"taxable","11":"shipping-taxable","12":"purchasable","13":"product-type-simple"},"_links":{"self":[{"href":"https:\/\/ceoparts.com\/tr\/wp-json\/wp\/v2\/product\/19687","targetHints":{"allow":["GET"]}}],"collection":[{"href":"https:\/\/ceoparts.com\/tr\/wp-json\/wp\/v2\/product"}],"about":[{"href":"https:\/\/ceoparts.com\/tr\/wp-json\/wp\/v2\/types\/product"}],"wp:featuredmedia":[{"embeddable":true,"href":"https:\/\/ceoparts.com\/tr\/wp-json\/wp\/v2\/media\/19691"}],"wp:attachment":[{"href":"https:\/\/ceoparts.com\/tr\/wp-json\/wp\/v2\/media?parent=19687"}],"wp:term":[{"taxonomy":"product_brand","embeddable":true,"href":"https:\/\/ceoparts.com\/tr\/wp-json\/wp\/v2\/product_brand?post=19687"},{"taxonomy":"product_cat","embeddable":true,"href":"https:\/\/ceoparts.com\/tr\/wp-json\/wp\/v2\/product_cat?post=19687"},{"taxonomy":"product_tag","embeddable":true,"href":"https:\/\/ceoparts.com\/tr\/wp-json\/wp\/v2\/product_tag?post=19687"}],"curies":[{"name":"wp","href":"https:\/\/api.w.org\/{rel}","templated":true}]}}