{"id":19697,"date":"2025-11-21T14:44:31","date_gmt":"2025-11-21T11:44:31","guid":{"rendered":"https:\/\/ceoparts.com\/?post_type=product&#038;p=19697"},"modified":"2026-04-11T21:09:35","modified_gmt":"2026-04-11T18:09:35","slug":"linde-still-t16-denge-mekanizmasi-11524505505","status":"publish","type":"product","link":"https:\/\/ceoparts.com\/tr\/urun\/linde-still-t16-denge-mekanizmasi-11524505505\/","title":{"rendered":"Linde\/ Still Denge Mekanizmas\u0131 \u2013 11524505505"},"content":{"rendered":"<p>Linde\/ Still Denge Mekanizmas\u0131 \u2013 11524505505<\/p>","protected":false},"excerpt":{"rendered":"<p data-start=\"0\" data-end=\"224\">Linde \/ Still T16 Denge Mekanizmas\u0131, forkliftlerde kullan\u0131lan tekerlekli denge mekanizmas\u0131d\u0131r. Y\u00fck\u00fcn dengede tutulmas\u0131n\u0131 sa\u011flar ve forkliftin stabilitesini art\u0131r\u0131r. Dayan\u0131kl\u0131 malzemeden \u00fcretilmi\u015f olup uzun \u00f6m\u00fcrl\u00fcd\u00fcr.<\/p>\n<p data-start=\"226\" data-end=\"481\"><strong data-start=\"226\" data-end=\"241\">\u00d6zellikler:<\/strong><br data-start=\"241\" data-end=\"244\" \/><strong data-start=\"244\" data-end=\"257\">\u00dcr\u00fcn Ad\u0131:<\/strong>\u00a0Linde \/ Still T16 Denge Mekanizmas\u0131<br data-start=\"293\" data-end=\"296\" \/><strong data-start=\"296\" data-end=\"311\">Par\u00e7a Kodu:<\/strong>\u00a011524505505<br data-start=\"323\" data-end=\"326\" \/><strong data-start=\"326\" data-end=\"338\">Malzeme:<\/strong>\u00a0Dayan\u0131kl\u0131 metal ala\u015f\u0131m<br data-start=\"361\" data-end=\"364\" \/><strong data-start=\"364\" data-end=\"383\">Kullan\u0131m Alan\u0131:<\/strong>\u00a0Forklift denge mekanizmas\u0131 (tekerlekli)<br data-start=\"423\" data-end=\"426\" \/><strong data-start=\"426\" data-end=\"438\">Avantaj:<\/strong>\u00a0Y\u00fck stabilitesi, dayan\u0131kl\u0131l\u0131k, uzun \u00f6m\u00fcr<\/p>\n","protected":false},"featured_media":19706,"template":"","meta":[],"product_brand":[],"product_cat":[420,523,246,423,425],"product_tag":[],"class_list":{"0":"post-19697","1":"product","2":"type-product","3":"status-publish","4":"has-post-thumbnail","6":"product_cat-denge-mekanizmalar","7":"product_cat-yedek-parca-linde","8":"product_cat-linde","9":"product_cat-still-denge-mekanizma","10":"product_cat-linde-denge-mekanizma","12":"first","13":"instock","14":"taxable","15":"shipping-taxable","16":"purchasable","17":"product-type-simple"},"_links":{"self":[{"href":"https:\/\/ceoparts.com\/tr\/wp-json\/wp\/v2\/product\/19697","targetHints":{"allow":["GET"]}}],"collection":[{"href":"https:\/\/ceoparts.com\/tr\/wp-json\/wp\/v2\/product"}],"about":[{"href":"https:\/\/ceoparts.com\/tr\/wp-json\/wp\/v2\/types\/product"}],"wp:featuredmedia":[{"embeddable":true,"href":"https:\/\/ceoparts.com\/tr\/wp-json\/wp\/v2\/media\/19706"}],"wp:attachment":[{"href":"https:\/\/ceoparts.com\/tr\/wp-json\/wp\/v2\/media?parent=19697"}],"wp:term":[{"taxonomy":"product_brand","embeddable":true,"href":"https:\/\/ceoparts.com\/tr\/wp-json\/wp\/v2\/product_brand?post=19697"},{"taxonomy":"product_cat","embeddable":true,"href":"https:\/\/ceoparts.com\/tr\/wp-json\/wp\/v2\/product_cat?post=19697"},{"taxonomy":"product_tag","embeddable":true,"href":"https:\/\/ceoparts.com\/tr\/wp-json\/wp\/v2\/product_tag?post=19697"}],"curies":[{"name":"wp","href":"https:\/\/api.w.org\/{rel}","templated":true}]}}