{"id":20077,"date":"2025-12-03T15:21:29","date_gmt":"2025-12-03T12:21:29","guid":{"rendered":"https:\/\/ceoparts.com\/?post_type=product&#038;p=20077"},"modified":"2026-05-03T18:25:17","modified_gmt":"2026-05-03T15:25:17","slug":"bfs-49-mm-otomatik-dolum-busonu","status":"publish","type":"product","link":"https:\/\/ceoparts.com\/tr\/urun\/bfs-49-mm-otomatik-dolum-busonu\/","title":{"rendered":"BFS 49 mm Otomatik Dolum Bu\u015fonu"},"content":{"rendered":"<p>BFS 49 mm Otomatik Dolum Bu\u015fonu<\/p>","protected":false},"excerpt":{"rendered":"<p data-start=\"78\" data-end=\"368\">Forklift ve end\u00fcstriyel ekipmanlarda kullan\u0131lan <strong data-start=\"126\" data-end=\"161\">BFS 49 mm Otomatik Dolum Bu\u015fonu<\/strong>, ya\u011f ve s\u0131v\u0131 depolama sistemlerinde otomatik seviye denetimi ve bas\u0131n\u00e7 dengelemesi sa\u011flayan bir s\u0131zd\u0131rmazl\u0131k eleman\u0131d\u0131r. 49 mm \u00f6l\u00e7\u00fcs\u00fc ve dayan\u0131kl\u0131 yap\u0131s\u0131 sayesinde uzun \u00f6m\u00fcrl\u00fc ve g\u00fcvenilir performans sunar.<\/p>\n<p data-start=\"370\" data-end=\"387\"><strong data-start=\"370\" data-end=\"385\">\u00d6zellikler:<\/strong><\/p>\n<ul data-start=\"388\" data-end=\"662\">\n<li data-start=\"388\" data-end=\"433\">\n<p data-start=\"390\" data-end=\"433\">\u00dcr\u00fcn Ad\u0131: BFS 49 mm Otomatik Dolum Bu\u015fonu<\/p>\n<\/li>\n<li data-start=\"434\" data-end=\"449\">\n<p data-start=\"436\" data-end=\"449\">\u00d6l\u00e7\u00fc: 49 mm<\/p>\n<\/li>\n<li data-start=\"450\" data-end=\"480\">\n<p data-start=\"452\" data-end=\"480\">Tip: Otomatik dolum bu\u015fonu<\/p>\n<\/li>\n<li data-start=\"481\" data-end=\"522\">\n<p data-start=\"483\" data-end=\"522\">Malzeme: Dayan\u0131kl\u0131 metal\/plastik yap\u0131<\/p>\n<\/li>\n<li data-start=\"523\" data-end=\"595\">\n<p data-start=\"525\" data-end=\"595\">Kullan\u0131m Alan\u0131: Ak\u00fc ya\u011f\u0131, hidrolik ya\u011f, yak\u0131t ve di\u011fer s\u0131v\u0131 tanklar\u0131<\/p>\n<\/li>\n<li data-start=\"596\" data-end=\"662\">\n<p data-start=\"598\" data-end=\"662\">Avantajlar: Otomatik seviye dengeleme, s\u0131zd\u0131rmazl\u0131k, uzun \u00f6m\u00fcr<\/p>\n<\/li>\n<\/ul>\n","protected":false},"featured_media":20080,"template":"","meta":[],"product_brand":[],"product_cat":[443],"product_tag":[],"class_list":{"0":"post-20077","1":"product","2":"type-product","3":"status-publish","4":"has-post-thumbnail","6":"product_cat-aku-parcalari","8":"first","9":"instock","10":"taxable","11":"shipping-taxable","12":"purchasable","13":"product-type-simple"},"_links":{"self":[{"href":"https:\/\/ceoparts.com\/tr\/wp-json\/wp\/v2\/product\/20077","targetHints":{"allow":["GET"]}}],"collection":[{"href":"https:\/\/ceoparts.com\/tr\/wp-json\/wp\/v2\/product"}],"about":[{"href":"https:\/\/ceoparts.com\/tr\/wp-json\/wp\/v2\/types\/product"}],"wp:featuredmedia":[{"embeddable":true,"href":"https:\/\/ceoparts.com\/tr\/wp-json\/wp\/v2\/media\/20080"}],"wp:attachment":[{"href":"https:\/\/ceoparts.com\/tr\/wp-json\/wp\/v2\/media?parent=20077"}],"wp:term":[{"taxonomy":"product_brand","embeddable":true,"href":"https:\/\/ceoparts.com\/tr\/wp-json\/wp\/v2\/product_brand?post=20077"},{"taxonomy":"product_cat","embeddable":true,"href":"https:\/\/ceoparts.com\/tr\/wp-json\/wp\/v2\/product_cat?post=20077"},{"taxonomy":"product_tag","embeddable":true,"href":"https:\/\/ceoparts.com\/tr\/wp-json\/wp\/v2\/product_tag?post=20077"}],"curies":[{"name":"wp","href":"https:\/\/api.w.org\/{rel}","templated":true}]}}