{"id":20092,"date":"2025-12-04T11:19:44","date_gmt":"2025-12-04T08:19:44","guid":{"rendered":"https:\/\/ceoparts.com\/?post_type=product&#038;p=20092"},"modified":"2026-05-03T17:44:19","modified_gmt":"2026-05-03T14:44:19","slug":"linde-sensor-0039730001","status":"publish","type":"product","link":"https:\/\/ceoparts.com\/tr\/urun\/linde-sensor-0039730001\/","title":{"rendered":"Linde Sensor &#8211; 0039730001"},"content":{"rendered":"<p>Linde Sensor &#8211; 0039730001<\/p>","protected":false},"excerpt":{"rendered":"<p data-start=\"80\" data-end=\"365\">Forklift ve end\u00fcstriyel ara\u00e7larda kullan\u0131lan <strong data-start=\"125\" data-end=\"154\">Linde Sensor \u2013 0039730001<\/strong>, ara\u00e7 sistemlerinden gelen kritik verileri alg\u0131layarak kontrol \u00fcnitesine ileten y\u00fcksek hassasiyetli bir alg\u0131lay\u0131c\u0131d\u0131r. Dayan\u0131kl\u0131 yap\u0131s\u0131 sayesinde zorlu \u00e7al\u0131\u015fma ko\u015fullar\u0131nda stabil performans ve uzun \u00f6m\u00fcr sunar.<\/p>\n<p data-start=\"367\" data-end=\"384\"><strong data-start=\"367\" data-end=\"382\">\u00d6zellikler:<\/strong><\/p>\n<ul data-start=\"385\" data-end=\"676\">\n<li data-start=\"385\" data-end=\"424\">\n<p data-start=\"387\" data-end=\"424\">\u00dcr\u00fcn Ad\u0131: Linde Sensor \u2013 0039730001<\/p>\n<\/li>\n<li data-start=\"425\" data-end=\"451\">\n<p data-start=\"427\" data-end=\"451\">Par\u00e7a Kodu: 0039730001<\/p>\n<\/li>\n<li data-start=\"452\" data-end=\"492\">\n<p data-start=\"454\" data-end=\"492\">Tip: End\u00fcstriyel sens\u00f6r \/ alg\u0131lay\u0131c\u0131<\/p>\n<\/li>\n<li data-start=\"493\" data-end=\"545\">\n<p data-start=\"495\" data-end=\"545\">Malzeme: End\u00fcstriyel s\u0131n\u0131f elektronik bile\u015fenler<\/p>\n<\/li>\n<li data-start=\"546\" data-end=\"608\">\n<p data-start=\"548\" data-end=\"608\">Kullan\u0131m Alan\u0131: Linde forklift kontrol ve \u00f6l\u00e7\u00fcm sistemleri<\/p>\n<\/li>\n<li data-start=\"609\" data-end=\"676\">\n<p data-start=\"611\" data-end=\"676\">Avantajlar: Y\u00fcksek hassasiyet, g\u00fcvenilir sinyal, dayan\u0131kl\u0131 yap\u0131<\/p>\n<\/li>\n<\/ul>\n","protected":false},"featured_media":20095,"template":"","meta":[],"product_brand":[],"product_cat":[469,246,523],"product_tag":[],"class_list":{"0":"post-20092","1":"product","2":"type-product","3":"status-publish","4":"has-post-thumbnail","6":"product_cat-elektrik-ve-sistem-parcalari","7":"product_cat-linde","8":"product_cat-yedek-parca-linde","10":"first","11":"instock","12":"taxable","13":"shipping-taxable","14":"purchasable","15":"product-type-simple"},"_links":{"self":[{"href":"https:\/\/ceoparts.com\/tr\/wp-json\/wp\/v2\/product\/20092","targetHints":{"allow":["GET"]}}],"collection":[{"href":"https:\/\/ceoparts.com\/tr\/wp-json\/wp\/v2\/product"}],"about":[{"href":"https:\/\/ceoparts.com\/tr\/wp-json\/wp\/v2\/types\/product"}],"wp:featuredmedia":[{"embeddable":true,"href":"https:\/\/ceoparts.com\/tr\/wp-json\/wp\/v2\/media\/20095"}],"wp:attachment":[{"href":"https:\/\/ceoparts.com\/tr\/wp-json\/wp\/v2\/media?parent=20092"}],"wp:term":[{"taxonomy":"product_brand","embeddable":true,"href":"https:\/\/ceoparts.com\/tr\/wp-json\/wp\/v2\/product_brand?post=20092"},{"taxonomy":"product_cat","embeddable":true,"href":"https:\/\/ceoparts.com\/tr\/wp-json\/wp\/v2\/product_cat?post=20092"},{"taxonomy":"product_tag","embeddable":true,"href":"https:\/\/ceoparts.com\/tr\/wp-json\/wp\/v2\/product_tag?post=20092"}],"curies":[{"name":"wp","href":"https:\/\/api.w.org\/{rel}","templated":true}]}}