{"id":20106,"date":"2025-12-04T13:57:40","date_gmt":"2025-12-04T10:57:40","guid":{"rendered":"https:\/\/ceoparts.com\/?post_type=product&#038;p=20106"},"modified":"2026-05-03T15:30:15","modified_gmt":"2026-05-03T12:30:15","slug":"bt-lpe-rre-baco-acil-buton-alt-swtich-264121","status":"publish","type":"product","link":"https:\/\/ceoparts.com\/tr\/urun\/bt-lpe-rre-baco-acil-buton-alt-swtich-264121\/","title":{"rendered":"BT-LPE\/RRE BACO Acil Buton Alt Swtich &#8211; 264121"},"content":{"rendered":"<p>BT-LPE\/RRE BACO Acil Buton Alt Swtich &#8211; 264121<\/p>\n<p><span dir=\"auto\">BT 264121<\/span><\/p>\n<p><span dir=\"auto\">LPE200\/220\/250<\/span><\/p>","protected":false},"excerpt":{"rendered":"<p data-start=\"85\" data-end=\"378\">BT-LPE \/ RRE BACO serisi ara\u00e7larda kullan\u0131lan <strong data-start=\"131\" data-end=\"156\">Acil Buton Alt Switch<\/strong>, acil stop sistemi i\u00e7indeki alt kontak anahtar\u0131d\u0131r ve butona bas\u0131ld\u0131\u011f\u0131nda elektrik devresini keserek sistemin g\u00fcvenli \u015fekilde durmas\u0131n\u0131 sa\u011flar. Dayan\u0131kl\u0131 yap\u0131s\u0131yla yo\u011fun kullan\u0131ma uygundur ve uzun \u00f6m\u00fcrl\u00fc performans sunar.<\/p>\n<p data-start=\"380\" data-end=\"397\"><strong data-start=\"380\" data-end=\"395\">\u00d6zellikler:<\/strong><\/p>\n<ul data-start=\"398\" data-end=\"738\">\n<li data-start=\"398\" data-end=\"449\">\n<p data-start=\"400\" data-end=\"449\">\u00dcr\u00fcn Ad\u0131: BT-LPE\/RRE BACO Acil Buton Alt Switch<\/p>\n<\/li>\n<li data-start=\"450\" data-end=\"497\">\n<p data-start=\"452\" data-end=\"497\">Tip: Acil stop alt switch \/ kontak anahtar\u0131<\/p>\n<\/li>\n<li data-start=\"498\" data-end=\"546\">\n<p data-start=\"500\" data-end=\"546\">Uyumluluk: BT-LPE ve RRE seri ara\u00e7lar (BACO)<\/p>\n<\/li>\n<li data-start=\"547\" data-end=\"607\">\n<p data-start=\"549\" data-end=\"607\">Malzeme: Y\u00fcksek kaliteli plastik g\u00f6vde + metal kontaklar<\/p>\n<\/li>\n<li data-start=\"608\" data-end=\"675\">\n<p data-start=\"610\" data-end=\"675\">Kullan\u0131m Alan\u0131: Acil stop emniyet sistemleri, kontrol panelleri<\/p>\n<\/li>\n<li data-start=\"676\" data-end=\"738\">\n<p data-start=\"678\" data-end=\"738\">Avantajlar: G\u00fcvenilir tetikleme, sa\u011flam yap\u0131, kolay montaj<\/p>\n<\/li>\n<\/ul>\n","protected":false},"featured_media":20111,"template":"","meta":[],"product_brand":[],"product_cat":[469,251,518],"product_tag":[],"class_list":{"0":"post-20106","1":"product","2":"type-product","3":"status-publish","4":"has-post-thumbnail","6":"product_cat-elektrik-ve-sistem-parcalari","7":"product_cat-bt","8":"product_cat-yedek-parca-bt","10":"first","11":"instock","12":"taxable","13":"shipping-taxable","14":"purchasable","15":"product-type-simple"},"_links":{"self":[{"href":"https:\/\/ceoparts.com\/tr\/wp-json\/wp\/v2\/product\/20106","targetHints":{"allow":["GET"]}}],"collection":[{"href":"https:\/\/ceoparts.com\/tr\/wp-json\/wp\/v2\/product"}],"about":[{"href":"https:\/\/ceoparts.com\/tr\/wp-json\/wp\/v2\/types\/product"}],"wp:featuredmedia":[{"embeddable":true,"href":"https:\/\/ceoparts.com\/tr\/wp-json\/wp\/v2\/media\/20111"}],"wp:attachment":[{"href":"https:\/\/ceoparts.com\/tr\/wp-json\/wp\/v2\/media?parent=20106"}],"wp:term":[{"taxonomy":"product_brand","embeddable":true,"href":"https:\/\/ceoparts.com\/tr\/wp-json\/wp\/v2\/product_brand?post=20106"},{"taxonomy":"product_cat","embeddable":true,"href":"https:\/\/ceoparts.com\/tr\/wp-json\/wp\/v2\/product_cat?post=20106"},{"taxonomy":"product_tag","embeddable":true,"href":"https:\/\/ceoparts.com\/tr\/wp-json\/wp\/v2\/product_tag?post=20106"}],"curies":[{"name":"wp","href":"https:\/\/api.w.org\/{rel}","templated":true}]}}