{"id":20116,"date":"2025-12-04T15:28:38","date_gmt":"2025-12-04T12:28:38","guid":{"rendered":"https:\/\/ceoparts.com\/?post_type=product&#038;p=20116"},"modified":"2026-05-03T15:30:12","modified_gmt":"2026-05-03T12:30:12","slug":"bt-lpe-acil-stop-buton-kilidi-238957","status":"publish","type":"product","link":"https:\/\/ceoparts.com\/tr\/urun\/bt-lpe-acil-stop-buton-kilidi-238957\/","title":{"rendered":"BT-LPE Acil Stop Buton Kilidi &#8211; 238957"},"content":{"rendered":"<p>BT-LPE Acil Stop Buton Kilidi &#8211; 238957<\/p>","protected":false},"excerpt":{"rendered":"<p data-start=\"82\" data-end=\"335\">BT-LPE serisi ara\u00e7larda kullan\u0131lan <strong data-start=\"117\" data-end=\"152\">Acil Stop Buton Kilidi \u2013 238957<\/strong>, acil stop sistemindeki butonun yanl\u0131\u015fl\u0131kla veya izinsiz bas\u0131lmas\u0131n\u0131 \u00f6nleyen g\u00fcvenlik aksesuar\u0131d\u0131r. Dayan\u0131kl\u0131 yap\u0131s\u0131 sayesinde yo\u011fun kullan\u0131m ko\u015fullar\u0131nda g\u00fcvenilir performans sunar.<\/p>\n<p data-start=\"337\" data-end=\"354\"><strong data-start=\"337\" data-end=\"352\">\u00d6zellikler:<\/strong><\/p>\n<ul data-start=\"355\" data-end=\"704\">\n<li data-start=\"355\" data-end=\"407\">\n<p data-start=\"357\" data-end=\"407\">\u00dcr\u00fcn Ad\u0131: BT-LPE Acil Stop Buton Kilidi \u2013 238957<\/p>\n<\/li>\n<li data-start=\"408\" data-end=\"430\">\n<p data-start=\"410\" data-end=\"430\">Par\u00e7a Kodu: 238957<\/p>\n<\/li>\n<li data-start=\"431\" data-end=\"483\">\n<p data-start=\"433\" data-end=\"483\">Tip: Acil stop buton kilidi \/ g\u00fcvenlik aksesuar\u0131<\/p>\n<\/li>\n<li data-start=\"484\" data-end=\"518\">\n<p data-start=\"486\" data-end=\"518\">Uyumluluk: BT-LPE seri ara\u00e7lar<\/p>\n<\/li>\n<li data-start=\"519\" data-end=\"580\">\n<p data-start=\"521\" data-end=\"580\">Malzeme: Y\u00fcksek kaliteli dayan\u0131kl\u0131 plastik ve metal par\u00e7a<\/p>\n<\/li>\n<li data-start=\"581\" data-end=\"640\">\n<p data-start=\"583\" data-end=\"640\">Kullan\u0131m Alan\u0131: Acil stop sistemleri, kontrol panelleri<\/p>\n<\/li>\n<li data-start=\"641\" data-end=\"704\">\n<p data-start=\"643\" data-end=\"704\">Avantajlar: Yanl\u0131\u015f basmay\u0131 \u00f6nler, sa\u011flam yap\u0131, kolay montaj<\/p>\n<\/li>\n<\/ul>\n","protected":false},"featured_media":20119,"template":"","meta":[],"product_brand":[],"product_cat":[469,251,518],"product_tag":[],"class_list":{"0":"post-20116","1":"product","2":"type-product","3":"status-publish","4":"has-post-thumbnail","6":"product_cat-elektrik-ve-sistem-parcalari","7":"product_cat-bt","8":"product_cat-yedek-parca-bt","10":"first","11":"instock","12":"taxable","13":"shipping-taxable","14":"purchasable","15":"product-type-simple"},"_links":{"self":[{"href":"https:\/\/ceoparts.com\/tr\/wp-json\/wp\/v2\/product\/20116","targetHints":{"allow":["GET"]}}],"collection":[{"href":"https:\/\/ceoparts.com\/tr\/wp-json\/wp\/v2\/product"}],"about":[{"href":"https:\/\/ceoparts.com\/tr\/wp-json\/wp\/v2\/types\/product"}],"wp:featuredmedia":[{"embeddable":true,"href":"https:\/\/ceoparts.com\/tr\/wp-json\/wp\/v2\/media\/20119"}],"wp:attachment":[{"href":"https:\/\/ceoparts.com\/tr\/wp-json\/wp\/v2\/media?parent=20116"}],"wp:term":[{"taxonomy":"product_brand","embeddable":true,"href":"https:\/\/ceoparts.com\/tr\/wp-json\/wp\/v2\/product_brand?post=20116"},{"taxonomy":"product_cat","embeddable":true,"href":"https:\/\/ceoparts.com\/tr\/wp-json\/wp\/v2\/product_cat?post=20116"},{"taxonomy":"product_tag","embeddable":true,"href":"https:\/\/ceoparts.com\/tr\/wp-json\/wp\/v2\/product_tag?post=20116"}],"curies":[{"name":"wp","href":"https:\/\/api.w.org\/{rel}","templated":true}]}}