{"id":20120,"date":"2025-12-04T15:34:56","date_gmt":"2025-12-04T12:34:56","guid":{"rendered":"https:\/\/ceoparts.com\/?post_type=product&#038;p=20120"},"modified":"2026-05-03T15:30:10","modified_gmt":"2026-05-03T12:30:10","slug":"bt-lpe200-kol-kapagi-7529404","status":"publish","type":"product","link":"https:\/\/ceoparts.com\/tr\/urun\/bt-lpe200-kol-kapagi-7529404\/","title":{"rendered":"BT-LPE200 Kol Kapa\u011f\u0131 &#8211; 7529404"},"content":{"rendered":"<p>BT-LPE200 Kol Kapa\u011f\u0131 &#8211; 7529404<\/p>","protected":false},"excerpt":{"rendered":"<p data-start=\"84\" data-end=\"341\">BT-LPE200 serisi ara\u00e7larda kullan\u0131lan <strong data-start=\"122\" data-end=\"146\">Kol Kapa\u011f\u0131 \u2013 7529404<\/strong>, operat\u00f6r kolunun mekanik ve estetik korumas\u0131n\u0131 sa\u011flayan dayan\u0131kl\u0131 bir yedek par\u00e7ad\u0131r. Kol kapa\u011f\u0131, uzun s\u00fcreli kullan\u0131mda deformasyona kar\u015f\u0131 diren\u00e7 g\u00f6sterir ve arac\u0131n kullan\u0131m konforunu art\u0131r\u0131r.<\/p>\n<p data-start=\"343\" data-end=\"360\"><strong data-start=\"343\" data-end=\"358\">\u00d6zellikler:<\/strong><\/p>\n<ul data-start=\"361\" data-end=\"622\">\n<li data-start=\"361\" data-end=\"405\">\n<p data-start=\"363\" data-end=\"405\">\u00dcr\u00fcn Ad\u0131: BT-LPE200 Kol Kapa\u011f\u0131 \u2013 7529404<\/p>\n<\/li>\n<li data-start=\"406\" data-end=\"429\">\n<p data-start=\"408\" data-end=\"429\">Par\u00e7a Kodu: 7529404<\/p>\n<\/li>\n<li data-start=\"430\" data-end=\"469\">\n<p data-start=\"432\" data-end=\"469\">Uyumluluk: BT-LPE200 serisi ara\u00e7lar<\/p>\n<\/li>\n<li data-start=\"470\" data-end=\"511\">\n<p data-start=\"472\" data-end=\"511\">Malzeme: Dayan\u0131kl\u0131 plastik \/ kompozit<\/p>\n<\/li>\n<li data-start=\"512\" data-end=\"567\">\n<p data-start=\"514\" data-end=\"567\">Kullan\u0131m Alan\u0131: Operat\u00f6r kolu ve ba\u011flant\u0131 noktalar\u0131<\/p>\n<\/li>\n<li data-start=\"568\" data-end=\"622\">\n<p data-start=\"570\" data-end=\"622\">Avantajlar: Koruyucu yap\u0131, uzun \u00f6m\u00fcr, kolay montaj<\/p>\n<\/li>\n<\/ul>\n","protected":false},"featured_media":20122,"template":"","meta":[],"product_brand":[],"product_cat":[472,518,251],"product_tag":[],"class_list":{"0":"post-20120","1":"product","2":"type-product","3":"status-publish","4":"has-post-thumbnail","6":"product_cat-kaporta-aksami","7":"product_cat-yedek-parca-bt","8":"product_cat-bt","10":"first","11":"instock","12":"taxable","13":"shipping-taxable","14":"purchasable","15":"product-type-simple"},"_links":{"self":[{"href":"https:\/\/ceoparts.com\/tr\/wp-json\/wp\/v2\/product\/20120","targetHints":{"allow":["GET"]}}],"collection":[{"href":"https:\/\/ceoparts.com\/tr\/wp-json\/wp\/v2\/product"}],"about":[{"href":"https:\/\/ceoparts.com\/tr\/wp-json\/wp\/v2\/types\/product"}],"wp:featuredmedia":[{"embeddable":true,"href":"https:\/\/ceoparts.com\/tr\/wp-json\/wp\/v2\/media\/20122"}],"wp:attachment":[{"href":"https:\/\/ceoparts.com\/tr\/wp-json\/wp\/v2\/media?parent=20120"}],"wp:term":[{"taxonomy":"product_brand","embeddable":true,"href":"https:\/\/ceoparts.com\/tr\/wp-json\/wp\/v2\/product_brand?post=20120"},{"taxonomy":"product_cat","embeddable":true,"href":"https:\/\/ceoparts.com\/tr\/wp-json\/wp\/v2\/product_cat?post=20120"},{"taxonomy":"product_tag","embeddable":true,"href":"https:\/\/ceoparts.com\/tr\/wp-json\/wp\/v2\/product_tag?post=20120"}],"curies":[{"name":"wp","href":"https:\/\/api.w.org\/{rel}","templated":true}]}}