{"id":20136,"date":"2025-12-06T09:08:31","date_gmt":"2025-12-06T06:08:31","guid":{"rendered":"https:\/\/ceoparts.com\/?post_type=product&#038;p=20136"},"modified":"2026-05-03T16:20:32","modified_gmt":"2026-05-03T13:20:32","slug":"bt-lpe200-baglanti-destek-parcasi-7565481","status":"publish","type":"product","link":"https:\/\/ceoparts.com\/tr\/urun\/bt-lpe200-baglanti-destek-parcasi-7565481\/","title":{"rendered":"BT LPE200 Ba\u011flant\u0131 Destek Par\u00e7as\u0131 &#8211; 7565481"},"content":{"rendered":"<p>BT LPE200 Ba\u011flant\u0131 Destek Par\u00e7as\u0131 &#8211; 7565481<\/p>","protected":false},"excerpt":{"rendered":"<p data-start=\"84\" data-end=\"343\">BT LPE200 serisi ara\u00e7larda kullan\u0131lan <strong data-start=\"122\" data-end=\"159\">Ba\u011flant\u0131 Destek Par\u00e7as\u0131 \u2013 7565481<\/strong>, \u015fasi ve mekanik ba\u011flant\u0131 noktalar\u0131 aras\u0131nda g\u00fcvenli destek sa\u011flayan dayan\u0131kl\u0131 bir yedek par\u00e7ad\u0131r. Y\u00fck ta\u015f\u0131ma ve manevra s\u0131ras\u0131nda stabiliteyi art\u0131r\u0131r ve uzun \u00f6m\u00fcrl\u00fc performans sunar.<\/p>\n<p data-start=\"345\" data-end=\"362\"><strong data-start=\"345\" data-end=\"360\">\u00d6zellikler:<\/strong><\/p>\n<ul data-start=\"363\" data-end=\"643\">\n<li data-start=\"363\" data-end=\"420\">\n<p data-start=\"365\" data-end=\"420\">\u00dcr\u00fcn Ad\u0131: BT LPE200 Ba\u011flant\u0131 Destek Par\u00e7as\u0131 \u2013 7565481<\/p>\n<\/li>\n<li data-start=\"421\" data-end=\"444\">\n<p data-start=\"423\" data-end=\"444\">Par\u00e7a Kodu: 7565481<\/p>\n<\/li>\n<li data-start=\"445\" data-end=\"484\">\n<p data-start=\"447\" data-end=\"484\">Uyumluluk: BT LPE200 serisi ara\u00e7lar<\/p>\n<\/li>\n<li data-start=\"485\" data-end=\"527\">\n<p data-start=\"487\" data-end=\"527\">Malzeme: Y\u00fcksek dayan\u0131ml\u0131 metal ala\u015f\u0131m<\/p>\n<\/li>\n<li data-start=\"528\" data-end=\"582\">\n<p data-start=\"530\" data-end=\"582\">Kullan\u0131m Alan\u0131: \u015easi ve mekanik ba\u011flant\u0131 noktalar\u0131<\/p>\n<\/li>\n<li data-start=\"583\" data-end=\"643\">\n<p data-start=\"585\" data-end=\"643\">Avantajlar: Stabil destek, sa\u011flam yap\u0131, uzun servis \u00f6mr\u00fc<\/p>\n<\/li>\n<\/ul>\n","protected":false},"featured_media":20138,"template":"","meta":[],"product_brand":[],"product_cat":[470,518,251],"product_tag":[],"class_list":{"0":"post-20136","1":"product","2":"type-product","3":"status-publish","4":"has-post-thumbnail","6":"product_cat-diger-yedek-parcalar","7":"product_cat-yedek-parca-bt","8":"product_cat-bt","10":"first","11":"instock","12":"taxable","13":"shipping-taxable","14":"purchasable","15":"product-type-simple"},"_links":{"self":[{"href":"https:\/\/ceoparts.com\/tr\/wp-json\/wp\/v2\/product\/20136","targetHints":{"allow":["GET"]}}],"collection":[{"href":"https:\/\/ceoparts.com\/tr\/wp-json\/wp\/v2\/product"}],"about":[{"href":"https:\/\/ceoparts.com\/tr\/wp-json\/wp\/v2\/types\/product"}],"wp:featuredmedia":[{"embeddable":true,"href":"https:\/\/ceoparts.com\/tr\/wp-json\/wp\/v2\/media\/20138"}],"wp:attachment":[{"href":"https:\/\/ceoparts.com\/tr\/wp-json\/wp\/v2\/media?parent=20136"}],"wp:term":[{"taxonomy":"product_brand","embeddable":true,"href":"https:\/\/ceoparts.com\/tr\/wp-json\/wp\/v2\/product_brand?post=20136"},{"taxonomy":"product_cat","embeddable":true,"href":"https:\/\/ceoparts.com\/tr\/wp-json\/wp\/v2\/product_cat?post=20136"},{"taxonomy":"product_tag","embeddable":true,"href":"https:\/\/ceoparts.com\/tr\/wp-json\/wp\/v2\/product_tag?post=20136"}],"curies":[{"name":"wp","href":"https:\/\/api.w.org\/{rel}","templated":true}]}}