{"id":20144,"date":"2025-12-06T09:54:09","date_gmt":"2025-12-06T06:54:09","guid":{"rendered":"https:\/\/ceoparts.com\/?post_type=product&#038;p=20144"},"modified":"2026-05-03T17:40:37","modified_gmt":"2026-05-03T14:40:37","slug":"valfli-erkek-hizli-baglanti-jaki-kaplin-6mm","status":"publish","type":"product","link":"https:\/\/ceoparts.com\/tr\/urun\/valfli-erkek-hizli-baglanti-jaki-kaplin-6mm\/","title":{"rendered":"Valfli Erkek H\u0131zl\u0131 Ba\u011flant\u0131 Jak\u0131 (Kaplin) &#8211; 6mm"},"content":{"rendered":"<p>Valfli Erkek H\u0131zl\u0131 Ba\u011flant\u0131 Jak\u0131 (Kaplin) &#8211; 6mm<\/p>","protected":false},"excerpt":{"rendered":"<p data-start=\"84\" data-end=\"389\"><strong data-start=\"84\" data-end=\"135\">Valfli Erkek H\u0131zl\u0131 Ba\u011flant\u0131 Jak\u0131 (Kaplin) \u2013 6mm<\/strong>, pn\u00f6matik ve hidrolik sistemlerde kullan\u0131lan y\u00fcksek kaliteli bir ba\u011flant\u0131 eleman\u0131d\u0131r. Valfli yap\u0131s\u0131 sayesinde ba\u011flant\u0131 a\u00e7\u0131ld\u0131\u011f\u0131nda s\u0131v\u0131 veya hava s\u0131zd\u0131rmaz, g\u00fcvenli ve h\u0131zl\u0131 montaj sa\u011flar. 6mm \u00e7ap ile k\u00fc\u00e7\u00fck \u00e7apl\u0131 hortum ve boru sistemleri i\u00e7in uygundur.<\/p>\n<p data-start=\"391\" data-end=\"408\"><strong data-start=\"391\" data-end=\"406\">\u00d6zellikler:<\/strong><\/p>\n<ul data-start=\"409\" data-end=\"692\">\n<li data-start=\"409\" data-end=\"470\">\n<p data-start=\"411\" data-end=\"470\">\u00dcr\u00fcn Ad\u0131: Valfli Erkek H\u0131zl\u0131 Ba\u011flant\u0131 Jak\u0131 (Kaplin) \u2013 6mm<\/p>\n<\/li>\n<li data-start=\"471\" data-end=\"509\">\n<p data-start=\"473\" data-end=\"509\">Tip: Erkek h\u0131zl\u0131 ba\u011flant\u0131 \/ kaplin<\/p>\n<\/li>\n<li data-start=\"510\" data-end=\"523\">\n<p data-start=\"512\" data-end=\"523\">\u00c7ap: 6 mm<\/p>\n<\/li>\n<li data-start=\"524\" data-end=\"579\">\n<p data-start=\"526\" data-end=\"579\">Malzeme: Dayan\u0131kl\u0131 metal ala\u015f\u0131m ve valf mekanizmas\u0131<\/p>\n<\/li>\n<li data-start=\"580\" data-end=\"627\">\n<p data-start=\"582\" data-end=\"627\">Kullan\u0131m Alan\u0131: Pn\u00f6matik ve hidrolik hatlar<\/p>\n<\/li>\n<li data-start=\"628\" data-end=\"692\">\n<p data-start=\"630\" data-end=\"692\">Avantajlar: S\u0131zd\u0131rmaz valf, h\u0131zl\u0131 ba\u011flant\u0131, g\u00fcvenli kullan\u0131m<\/p>\n<\/li>\n<\/ul>\n","protected":false},"featured_media":20145,"template":"","meta":[],"product_brand":[],"product_cat":[443],"product_tag":[],"class_list":{"0":"post-20144","1":"product","2":"type-product","3":"status-publish","4":"has-post-thumbnail","6":"product_cat-aku-parcalari","8":"first","9":"instock","10":"taxable","11":"shipping-taxable","12":"purchasable","13":"product-type-simple"},"_links":{"self":[{"href":"https:\/\/ceoparts.com\/tr\/wp-json\/wp\/v2\/product\/20144","targetHints":{"allow":["GET"]}}],"collection":[{"href":"https:\/\/ceoparts.com\/tr\/wp-json\/wp\/v2\/product"}],"about":[{"href":"https:\/\/ceoparts.com\/tr\/wp-json\/wp\/v2\/types\/product"}],"wp:featuredmedia":[{"embeddable":true,"href":"https:\/\/ceoparts.com\/tr\/wp-json\/wp\/v2\/media\/20145"}],"wp:attachment":[{"href":"https:\/\/ceoparts.com\/tr\/wp-json\/wp\/v2\/media?parent=20144"}],"wp:term":[{"taxonomy":"product_brand","embeddable":true,"href":"https:\/\/ceoparts.com\/tr\/wp-json\/wp\/v2\/product_brand?post=20144"},{"taxonomy":"product_cat","embeddable":true,"href":"https:\/\/ceoparts.com\/tr\/wp-json\/wp\/v2\/product_cat?post=20144"},{"taxonomy":"product_tag","embeddable":true,"href":"https:\/\/ceoparts.com\/tr\/wp-json\/wp\/v2\/product_tag?post=20144"}],"curies":[{"name":"wp","href":"https:\/\/api.w.org\/{rel}","templated":true}]}}