{"id":20150,"date":"2025-12-06T10:12:24","date_gmt":"2025-12-06T07:12:24","guid":{"rendered":"https:\/\/ceoparts.com\/?post_type=product&#038;p=20150"},"modified":"2026-05-03T18:15:35","modified_gmt":"2026-05-03T15:15:35","slug":"bt-lpe200-aku-kapagi-7585214","status":"publish","type":"product","link":"https:\/\/ceoparts.com\/tr\/urun\/bt-lpe200-aku-kapagi-7585214\/","title":{"rendered":"BT LPE200 Ak\u00fc Kapa\u011f\u0131 &#8211; 7585214"},"content":{"rendered":"<p>BT LPE200 Ak\u00fc Kapa\u011f\u0131 &#8211; 7585214<\/p>","protected":false},"excerpt":{"rendered":"<p data-start=\"84\" data-end=\"342\">BT LPE200 serisi ara\u00e7larda kullan\u0131lan <strong data-start=\"122\" data-end=\"146\">Ak\u00fc Kapa\u011f\u0131 \u2013 7585214<\/strong>, batarya b\u00f6lmesini g\u00fcvenli ve estetik \u015fekilde kapatan dayan\u0131kl\u0131 bir yedek par\u00e7ad\u0131r. Darbelere ve deformasyona kar\u015f\u0131 diren\u00e7li yap\u0131s\u0131yla uzun \u00f6m\u00fcrl\u00fc kullan\u0131m sa\u011flar ve operat\u00f6r g\u00fcvenli\u011fini art\u0131r\u0131r.<\/p>\n<p data-start=\"344\" data-end=\"361\"><strong data-start=\"344\" data-end=\"359\">\u00d6zellikler:<\/strong><\/p>\n<ul data-start=\"362\" data-end=\"627\">\n<li data-start=\"362\" data-end=\"406\">\n<p data-start=\"364\" data-end=\"406\">\u00dcr\u00fcn Ad\u0131: BT LPE200 Ak\u00fc Kapa\u011f\u0131 \u2013 7585214<\/p>\n<\/li>\n<li data-start=\"407\" data-end=\"430\">\n<p data-start=\"409\" data-end=\"430\">Par\u00e7a Kodu: 7585214<\/p>\n<\/li>\n<li data-start=\"431\" data-end=\"470\">\n<p data-start=\"433\" data-end=\"470\">Uyumluluk: BT LPE200 serisi ara\u00e7lar<\/p>\n<\/li>\n<li data-start=\"471\" data-end=\"512\">\n<p data-start=\"473\" data-end=\"512\">Malzeme: Dayan\u0131kl\u0131 plastik \/ kompozit<\/p>\n<\/li>\n<li data-start=\"513\" data-end=\"564\">\n<p data-start=\"515\" data-end=\"564\">Kullan\u0131m Alan\u0131: Ak\u00fc b\u00f6lmesi, operat\u00f6r g\u00fcvenli\u011fi<\/p>\n<\/li>\n<li data-start=\"565\" data-end=\"627\">\n<p data-start=\"567\" data-end=\"627\">Avantajlar: Darbelere dayan\u0131kl\u0131, uzun \u00f6m\u00fcrl\u00fc, kolay montaj<\/p>\n<\/li>\n<\/ul>\n","protected":false},"featured_media":20155,"template":"","meta":[],"product_brand":[],"product_cat":[472,251,518],"product_tag":[],"class_list":{"0":"post-20150","1":"product","2":"type-product","3":"status-publish","4":"has-post-thumbnail","6":"product_cat-kaporta-aksami","7":"product_cat-bt","8":"product_cat-yedek-parca-bt","10":"first","11":"instock","12":"taxable","13":"shipping-taxable","14":"purchasable","15":"product-type-simple"},"_links":{"self":[{"href":"https:\/\/ceoparts.com\/tr\/wp-json\/wp\/v2\/product\/20150","targetHints":{"allow":["GET"]}}],"collection":[{"href":"https:\/\/ceoparts.com\/tr\/wp-json\/wp\/v2\/product"}],"about":[{"href":"https:\/\/ceoparts.com\/tr\/wp-json\/wp\/v2\/types\/product"}],"wp:featuredmedia":[{"embeddable":true,"href":"https:\/\/ceoparts.com\/tr\/wp-json\/wp\/v2\/media\/20155"}],"wp:attachment":[{"href":"https:\/\/ceoparts.com\/tr\/wp-json\/wp\/v2\/media?parent=20150"}],"wp:term":[{"taxonomy":"product_brand","embeddable":true,"href":"https:\/\/ceoparts.com\/tr\/wp-json\/wp\/v2\/product_brand?post=20150"},{"taxonomy":"product_cat","embeddable":true,"href":"https:\/\/ceoparts.com\/tr\/wp-json\/wp\/v2\/product_cat?post=20150"},{"taxonomy":"product_tag","embeddable":true,"href":"https:\/\/ceoparts.com\/tr\/wp-json\/wp\/v2\/product_tag?post=20150"}],"curies":[{"name":"wp","href":"https:\/\/api.w.org\/{rel}","templated":true}]}}