{"id":20156,"date":"2025-12-06T10:36:28","date_gmt":"2025-12-06T07:36:28","guid":{"rendered":"https:\/\/ceoparts.com\/?post_type=product&#038;p=20156"},"modified":"2026-05-03T17:44:28","modified_gmt":"2026-05-03T14:44:28","slug":"bt-tesisat-kablosu-7573840","status":"publish","type":"product","link":"https:\/\/ceoparts.com\/tr\/urun\/bt-tesisat-kablosu-7573840\/","title":{"rendered":"BT Tesisat Kablosu &#8211; 7573840"},"content":{"rendered":"<p>BT Tesisat Kablosu &#8211; 7573840<\/p>","protected":false},"excerpt":{"rendered":"<p data-start=\"84\" data-end=\"383\">BT serisi forklift ve elektrikli ara\u00e7larda kullan\u0131lan <strong data-start=\"138\" data-end=\"167\">Tesisat Kablosu \u2013 7573840<\/strong>, elektrik ak\u0131\u015f\u0131n\u0131 g\u00fcvenli ve kesintisiz \u015fekilde sa\u011flayan dayan\u0131kl\u0131 bir yedek par\u00e7ad\u0131r. Y\u00fcksek iletkenlik ve izolasyon \u00f6zellikleri sayesinde uzun \u00f6m\u00fcrl\u00fc kullan\u0131m sunar ve arac\u0131n elektrik sistem performans\u0131n\u0131 art\u0131r\u0131r.<\/p>\n<p data-start=\"385\" data-end=\"402\"><strong data-start=\"385\" data-end=\"400\">\u00d6zellikler:<\/strong><\/p>\n<ul data-start=\"403\" data-end=\"712\">\n<li data-start=\"403\" data-end=\"445\">\n<p data-start=\"405\" data-end=\"445\">\u00dcr\u00fcn Ad\u0131: BT Tesisat Kablosu \u2013 7573840<\/p>\n<\/li>\n<li data-start=\"446\" data-end=\"469\">\n<p data-start=\"448\" data-end=\"469\">Par\u00e7a Kodu: 7573840<\/p>\n<\/li>\n<li data-start=\"470\" data-end=\"503\">\n<p data-start=\"472\" data-end=\"503\">Tip: Elektrik tesisat kablosu<\/p>\n<\/li>\n<li data-start=\"504\" data-end=\"575\">\n<p data-start=\"506\" data-end=\"575\">Malzeme: Y\u00fcksek iletkenlikli bak\u0131r iletken, izolasyonlu d\u0131\u015f kaplama<\/p>\n<\/li>\n<li data-start=\"576\" data-end=\"646\">\n<p data-start=\"578\" data-end=\"646\">Kullan\u0131m Alan\u0131: BT forklift ve elektrikli ara\u00e7 elektrik sistemleri<\/p>\n<\/li>\n<li data-start=\"647\" data-end=\"712\">\n<p data-start=\"649\" data-end=\"712\">Avantajlar: G\u00fcvenli enerji iletimi, dayan\u0131kl\u0131 yap\u0131, uzun \u00f6m\u00fcr<\/p>\n<\/li>\n<\/ul>\n","protected":false},"featured_media":20160,"template":"","meta":[],"product_brand":[],"product_cat":[469,518,251],"product_tag":[],"class_list":{"0":"post-20156","1":"product","2":"type-product","3":"status-publish","4":"has-post-thumbnail","6":"product_cat-elektrik-ve-sistem-parcalari","7":"product_cat-yedek-parca-bt","8":"product_cat-bt","10":"first","11":"instock","12":"taxable","13":"shipping-taxable","14":"purchasable","15":"product-type-simple"},"_links":{"self":[{"href":"https:\/\/ceoparts.com\/tr\/wp-json\/wp\/v2\/product\/20156","targetHints":{"allow":["GET"]}}],"collection":[{"href":"https:\/\/ceoparts.com\/tr\/wp-json\/wp\/v2\/product"}],"about":[{"href":"https:\/\/ceoparts.com\/tr\/wp-json\/wp\/v2\/types\/product"}],"wp:featuredmedia":[{"embeddable":true,"href":"https:\/\/ceoparts.com\/tr\/wp-json\/wp\/v2\/media\/20160"}],"wp:attachment":[{"href":"https:\/\/ceoparts.com\/tr\/wp-json\/wp\/v2\/media?parent=20156"}],"wp:term":[{"taxonomy":"product_brand","embeddable":true,"href":"https:\/\/ceoparts.com\/tr\/wp-json\/wp\/v2\/product_brand?post=20156"},{"taxonomy":"product_cat","embeddable":true,"href":"https:\/\/ceoparts.com\/tr\/wp-json\/wp\/v2\/product_cat?post=20156"},{"taxonomy":"product_tag","embeddable":true,"href":"https:\/\/ceoparts.com\/tr\/wp-json\/wp\/v2\/product_tag?post=20156"}],"curies":[{"name":"wp","href":"https:\/\/api.w.org\/{rel}","templated":true}]}}