{"id":20161,"date":"2025-12-06T11:13:59","date_gmt":"2025-12-06T08:13:59","guid":{"rendered":"https:\/\/ceoparts.com\/?post_type=product&#038;p=20161"},"modified":"2026-05-03T17:00:07","modified_gmt":"2026-05-03T14:00:07","slug":"albright-kontaktor-sd-200a-92-24v-7915492113","status":"publish","type":"product","link":"https:\/\/ceoparts.com\/tr\/urun\/albright-kontaktor-sd-200a-92-24v-7915492113\/","title":{"rendered":"Albright Kontakt\u00f6r SD 200A-92  24V &#8211; 7915492113"},"content":{"rendered":"<p>Albright Kontakt\u00f6r SD 200A-92  24V &#8211; 7915492113<\/p>","protected":false},"excerpt":{"rendered":"<p data-start=\"84\" data-end=\"340\"><strong data-start=\"84\" data-end=\"134\">Albright Kontakt\u00f6r SD 200A-92 24V \u2013 7915492113<\/strong>, forklift ve elektrikli ara\u00e7larda y\u00fcksek ak\u0131m devrelerini g\u00fcvenli \u015fekilde kontrol eden g\u00fc\u00e7l\u00fc bir elektrik kontakt\u00f6r\u00fcd\u00fcr. 200A kapasitesi ve 24V \u00e7al\u0131\u015fma gerilimi ile dayan\u0131kl\u0131 ve g\u00fcvenilir performans sunar.<\/p>\n<p data-start=\"342\" data-end=\"359\"><strong data-start=\"342\" data-end=\"357\">\u00d6zellikler:<\/strong><\/p>\n<ul data-start=\"360\" data-end=\"697\">\n<li data-start=\"360\" data-end=\"420\">\n<p data-start=\"362\" data-end=\"420\">\u00dcr\u00fcn Ad\u0131: Albright Kontakt\u00f6r SD 200A-92 24V \u2013 7915492113<\/p>\n<\/li>\n<li data-start=\"421\" data-end=\"447\">\n<p data-start=\"423\" data-end=\"447\">Par\u00e7a Kodu: 7915492113<\/p>\n<\/li>\n<li data-start=\"448\" data-end=\"498\">\n<p data-start=\"450\" data-end=\"498\">Tip: Elektrik kontakt\u00f6r\u00fc \/ y\u00fcksek ak\u0131m devresi<\/p>\n<\/li>\n<li data-start=\"499\" data-end=\"524\">\n<p data-start=\"501\" data-end=\"524\">\u00c7al\u0131\u015fma Gerilimi: 24V<\/p>\n<\/li>\n<li data-start=\"525\" data-end=\"550\">\n<p data-start=\"527\" data-end=\"550\">Ak\u0131m Kapasitesi: 200A<\/p>\n<\/li>\n<li data-start=\"551\" data-end=\"625\">\n<p data-start=\"553\" data-end=\"625\">Kullan\u0131m Alan\u0131: Forkliftler, elektrikli ara\u00e7lar, y\u00fcksek ak\u0131m devreleri<\/p>\n<\/li>\n<li data-start=\"626\" data-end=\"697\">\n<p data-start=\"628\" data-end=\"697\">Avantajlar: Y\u00fcksek ak\u0131m dayan\u0131m\u0131, g\u00fcvenli devre kontrol\u00fc, uzun \u00f6m\u00fcr<\/p>\n<\/li>\n<\/ul>\n","protected":false},"featured_media":20165,"template":"","meta":[],"product_brand":[],"product_cat":[462],"product_tag":[],"class_list":{"0":"post-20161","1":"product","2":"type-product","3":"status-publish","4":"has-post-thumbnail","6":"product_cat-kontaktorler","8":"first","9":"instock","10":"taxable","11":"shipping-taxable","12":"purchasable","13":"product-type-simple"},"_links":{"self":[{"href":"https:\/\/ceoparts.com\/tr\/wp-json\/wp\/v2\/product\/20161","targetHints":{"allow":["GET"]}}],"collection":[{"href":"https:\/\/ceoparts.com\/tr\/wp-json\/wp\/v2\/product"}],"about":[{"href":"https:\/\/ceoparts.com\/tr\/wp-json\/wp\/v2\/types\/product"}],"wp:featuredmedia":[{"embeddable":true,"href":"https:\/\/ceoparts.com\/tr\/wp-json\/wp\/v2\/media\/20165"}],"wp:attachment":[{"href":"https:\/\/ceoparts.com\/tr\/wp-json\/wp\/v2\/media?parent=20161"}],"wp:term":[{"taxonomy":"product_brand","embeddable":true,"href":"https:\/\/ceoparts.com\/tr\/wp-json\/wp\/v2\/product_brand?post=20161"},{"taxonomy":"product_cat","embeddable":true,"href":"https:\/\/ceoparts.com\/tr\/wp-json\/wp\/v2\/product_cat?post=20161"},{"taxonomy":"product_tag","embeddable":true,"href":"https:\/\/ceoparts.com\/tr\/wp-json\/wp\/v2\/product_tag?post=20161"}],"curies":[{"name":"wp","href":"https:\/\/api.w.org\/{rel}","templated":true}]}}