{"id":20166,"date":"2025-12-06T11:33:58","date_gmt":"2025-12-06T08:33:58","guid":{"rendered":"https:\/\/ceoparts.com\/?post_type=product&#038;p=20166"},"modified":"2026-05-03T17:37:15","modified_gmt":"2026-05-03T14:37:15","slug":"still-exu-kol-mili-alyanli-45755401700","status":"publish","type":"product","link":"https:\/\/ceoparts.com\/tr\/urun\/still-exu-kol-mili-alyanli-45755401700\/","title":{"rendered":"STILL &#8211; EXU Kol Mili Alyanl\u0131 &#8211; 45755401700"},"content":{"rendered":"<p>STILL &#8211; EXU Kol Mili Alyanl\u0131 &#8211; 45755401700<\/p>","protected":false},"excerpt":{"rendered":"<p data-start=\"84\" data-end=\"332\">STILL forkliftlerde kullan\u0131lan <strong data-start=\"115\" data-end=\"153\">EXU Kol Mili Alyanl\u0131 \u2013 45755401700<\/strong>, operat\u00f6r kolu mekanizmas\u0131n\u0131n g\u00fcvenli ve do\u011fru \u015fekilde d\u00f6nmesini sa\u011flayan dayan\u0131kl\u0131 bir yedek par\u00e7ad\u0131r. Alyan ba\u011flant\u0131s\u0131 sayesinde montaj\u0131 kolayd\u0131r ve uzun \u00f6m\u00fcrl\u00fc kullan\u0131m sunar.<\/p>\n<p data-start=\"334\" data-end=\"351\"><strong data-start=\"334\" data-end=\"349\">\u00d6zellikler:<\/strong><\/p>\n<ul data-start=\"352\" data-end=\"613\">\n<li data-start=\"352\" data-end=\"406\">\n<p data-start=\"354\" data-end=\"406\">\u00dcr\u00fcn Ad\u0131: STILL EXU Kol Mili Alyanl\u0131 \u2013 45755401700<\/p>\n<\/li>\n<li data-start=\"407\" data-end=\"434\">\n<p data-start=\"409\" data-end=\"434\">Par\u00e7a Kodu: 45755401700<\/p>\n<\/li>\n<li data-start=\"435\" data-end=\"471\">\n<p data-start=\"437\" data-end=\"471\">Tip: Kol mili \/ alyan ba\u011flant\u0131l\u0131<\/p>\n<\/li>\n<li data-start=\"472\" data-end=\"514\">\n<p data-start=\"474\" data-end=\"514\">Malzeme: Y\u00fcksek dayan\u0131ml\u0131 metal ala\u015f\u0131m<\/p>\n<\/li>\n<li data-start=\"515\" data-end=\"560\">\n<p data-start=\"517\" data-end=\"560\">Kullan\u0131m Alan\u0131: Operat\u00f6r kolu mekanizmas\u0131<\/p>\n<\/li>\n<li data-start=\"561\" data-end=\"613\">\n<p data-start=\"563\" data-end=\"613\">Avantajlar: Kolay montaj, sa\u011flam yap\u0131, uzun \u00f6m\u00fcr<\/p>\n<\/li>\n<\/ul>\n","protected":false},"featured_media":20170,"template":"","meta":[],"product_brand":[],"product_cat":[467,241,524],"product_tag":[],"class_list":{"0":"post-20166","1":"product","2":"type-product","3":"status-publish","4":"has-post-thumbnail","6":"product_cat-mil-grubu","7":"product_cat-still","8":"product_cat-yedek-parca-still","10":"first","11":"instock","12":"taxable","13":"shipping-taxable","14":"purchasable","15":"product-type-simple"},"_links":{"self":[{"href":"https:\/\/ceoparts.com\/tr\/wp-json\/wp\/v2\/product\/20166","targetHints":{"allow":["GET"]}}],"collection":[{"href":"https:\/\/ceoparts.com\/tr\/wp-json\/wp\/v2\/product"}],"about":[{"href":"https:\/\/ceoparts.com\/tr\/wp-json\/wp\/v2\/types\/product"}],"wp:featuredmedia":[{"embeddable":true,"href":"https:\/\/ceoparts.com\/tr\/wp-json\/wp\/v2\/media\/20170"}],"wp:attachment":[{"href":"https:\/\/ceoparts.com\/tr\/wp-json\/wp\/v2\/media?parent=20166"}],"wp:term":[{"taxonomy":"product_brand","embeddable":true,"href":"https:\/\/ceoparts.com\/tr\/wp-json\/wp\/v2\/product_brand?post=20166"},{"taxonomy":"product_cat","embeddable":true,"href":"https:\/\/ceoparts.com\/tr\/wp-json\/wp\/v2\/product_cat?post=20166"},{"taxonomy":"product_tag","embeddable":true,"href":"https:\/\/ceoparts.com\/tr\/wp-json\/wp\/v2\/product_tag?post=20166"}],"curies":[{"name":"wp","href":"https:\/\/api.w.org\/{rel}","templated":true}]}}