{"id":20175,"date":"2025-12-06T11:58:10","date_gmt":"2025-12-06T08:58:10","guid":{"rendered":"https:\/\/ceoparts.com\/?post_type=product&#038;p=20175"},"modified":"2026-05-03T18:49:07","modified_gmt":"2026-05-03T15:49:07","slug":"linde-kece-9620000542","status":"publish","type":"product","link":"https:\/\/ceoparts.com\/tr\/urun\/linde-kece-9620000542\/","title":{"rendered":"Linde Ke\u00e7e &#8211; 9620000542"},"content":{"rendered":"<p>Linde Ke\u00e7e &#8211; 9620000542<\/p>","protected":false},"excerpt":{"rendered":"<p data-start=\"75\" data-end=\"380\">Forklift uygulamalar\u0131nda kullan\u0131lan <strong data-start=\"111\" data-end=\"138\">Linde Ke\u00e7e \u2013 9620000542<\/strong>, Linde marka forkliftlerde ya\u011f, toz ve kir s\u0131zd\u0131rmazl\u0131\u011f\u0131n\u0131 sa\u011flamak amac\u0131yla kullan\u0131lan bir s\u0131zd\u0131rmazl\u0131k eleman\u0131d\u0131r. Dayan\u0131kl\u0131 yap\u0131s\u0131 sayesinde hareketli par\u00e7alarda a\u015f\u0131nmay\u0131 azalt\u0131r ve sistemin uzun \u00f6m\u00fcrl\u00fc, sorunsuz \u00e7al\u0131\u015fmas\u0131na katk\u0131 sa\u011flar.<\/p>\n<p data-start=\"382\" data-end=\"397\"><strong data-start=\"382\" data-end=\"397\">\u00d6zellikler:<\/strong><\/p>\n<ul data-start=\"398\" data-end=\"649\">\n<li data-start=\"398\" data-end=\"435\">\n<p data-start=\"400\" data-end=\"435\">\u00dcr\u00fcn Ad\u0131: Linde Ke\u00e7e \u2013 9620000542<\/p>\n<\/li>\n<li data-start=\"436\" data-end=\"462\">\n<p data-start=\"438\" data-end=\"462\">Par\u00e7a Kodu: 9620000542<\/p>\n<\/li>\n<li data-start=\"463\" data-end=\"522\">\n<p data-start=\"465\" data-end=\"522\">Malzeme: A\u015f\u0131nmaya ve ya\u011fa dayan\u0131kl\u0131 s\u0131zd\u0131rmazl\u0131k ke\u00e7esi<\/p>\n<\/li>\n<li data-start=\"523\" data-end=\"588\">\n<p data-start=\"525\" data-end=\"588\">Kullan\u0131m Alan\u0131: Linde forklift mekanik ve hidrolik sistemleri<\/p>\n<\/li>\n<\/ul>\n","protected":false},"featured_media":20176,"template":"","meta":[],"product_brand":[],"product_cat":[470,246,523],"product_tag":[],"class_list":{"0":"post-20175","1":"product","2":"type-product","3":"status-publish","4":"has-post-thumbnail","6":"product_cat-diger-yedek-parcalar","7":"product_cat-linde","8":"product_cat-yedek-parca-linde","10":"first","11":"instock","12":"taxable","13":"shipping-taxable","14":"purchasable","15":"product-type-simple"},"_links":{"self":[{"href":"https:\/\/ceoparts.com\/tr\/wp-json\/wp\/v2\/product\/20175","targetHints":{"allow":["GET"]}}],"collection":[{"href":"https:\/\/ceoparts.com\/tr\/wp-json\/wp\/v2\/product"}],"about":[{"href":"https:\/\/ceoparts.com\/tr\/wp-json\/wp\/v2\/types\/product"}],"wp:featuredmedia":[{"embeddable":true,"href":"https:\/\/ceoparts.com\/tr\/wp-json\/wp\/v2\/media\/20176"}],"wp:attachment":[{"href":"https:\/\/ceoparts.com\/tr\/wp-json\/wp\/v2\/media?parent=20175"}],"wp:term":[{"taxonomy":"product_brand","embeddable":true,"href":"https:\/\/ceoparts.com\/tr\/wp-json\/wp\/v2\/product_brand?post=20175"},{"taxonomy":"product_cat","embeddable":true,"href":"https:\/\/ceoparts.com\/tr\/wp-json\/wp\/v2\/product_cat?post=20175"},{"taxonomy":"product_tag","embeddable":true,"href":"https:\/\/ceoparts.com\/tr\/wp-json\/wp\/v2\/product_tag?post=20175"}],"curies":[{"name":"wp","href":"https:\/\/api.w.org\/{rel}","templated":true}]}}