{"id":20206,"date":"2025-12-16T13:51:39","date_gmt":"2025-12-16T10:51:39","guid":{"rendered":"https:\/\/ceoparts.com\/?post_type=product&#038;p=20206"},"modified":"2026-05-03T19:22:50","modified_gmt":"2026-05-03T16:22:50","slug":"jungheinrich-hidrolik-filtre-50297585","status":"publish","type":"product","link":"https:\/\/ceoparts.com\/tr\/urun\/jungheinrich-hidrolik-filtre-50297585\/","title":{"rendered":"Jungheinrich Hidrolik Filtre &#8211; 50297585"},"content":{"rendered":"<p>Jungheinrich Hidrolik Filtre &#8211; 50297585<\/p>","protected":false},"excerpt":{"rendered":"<p data-start=\"63\" data-end=\"371\">Forklift uygulamalar\u0131nda kullan\u0131lan <strong data-start=\"99\" data-end=\"131\">Jungheinrich Hidrolik Filtre<\/strong>, hidrolik sistem i\u00e7erisindeki ya\u011f\u0131n temizli\u011fini sa\u011flayarak kir, metal partik\u00fclleri ve yabanc\u0131 maddelerin sisteme zarar vermesini \u00f6nler. Hidrolik pompalar\u0131n ve valflerin \u00f6mr\u00fcn\u00fc uzat\u0131r, forkliftin g\u00fcvenli ve verimli \u00e7al\u0131\u015fmas\u0131na katk\u0131 sa\u011flar.<\/p>\n<p data-start=\"373\" data-end=\"388\"><strong data-start=\"373\" data-end=\"388\">\u00d6zellikler:<\/strong><\/p>\n<ul data-start=\"389\" data-end=\"674\">\n<li data-start=\"389\" data-end=\"431\">\n<p data-start=\"391\" data-end=\"431\">\u00dcr\u00fcn Ad\u0131: Jungheinrich Hidrolik Filtre<\/p>\n<\/li>\n<li data-start=\"432\" data-end=\"461\">\n<p data-start=\"434\" data-end=\"461\">Par\u00e7a Kodu: Belirtilmemi\u015f<\/p>\n<\/li>\n<li data-start=\"462\" data-end=\"543\">\n<p data-start=\"464\" data-end=\"543\">Malzeme: Y\u00fcksek filtrasyon kapasiteli filtre eleman\u0131 ve dayan\u0131kl\u0131 metal g\u00f6vde<\/p>\n<\/li>\n<li data-start=\"544\" data-end=\"605\">\n<p data-start=\"546\" data-end=\"605\">Kullan\u0131m Alan\u0131: Jungheinrich forklift hidrolik sistemleri<\/p>\n<\/li>\n<li data-start=\"606\" data-end=\"674\">\n<p data-start=\"608\" data-end=\"674\">Avantajlar: Etkili filtrasyon, sistem korumas\u0131, uzun servis \u00f6mr\u00fc<\/p>\n<\/li>\n<\/ul>\n","protected":false},"featured_media":20211,"template":"","meta":[],"product_brand":[],"product_cat":[522,236,498],"product_tag":[],"class_list":{"0":"post-20206","1":"product","2":"type-product","3":"status-publish","4":"has-post-thumbnail","6":"product_cat-yedek-parca-jungheinrich","7":"product_cat-jungheinrich","8":"product_cat-filtre-cesitleri","10":"first","11":"instock","12":"taxable","13":"shipping-taxable","14":"purchasable","15":"product-type-simple"},"_links":{"self":[{"href":"https:\/\/ceoparts.com\/tr\/wp-json\/wp\/v2\/product\/20206","targetHints":{"allow":["GET"]}}],"collection":[{"href":"https:\/\/ceoparts.com\/tr\/wp-json\/wp\/v2\/product"}],"about":[{"href":"https:\/\/ceoparts.com\/tr\/wp-json\/wp\/v2\/types\/product"}],"wp:featuredmedia":[{"embeddable":true,"href":"https:\/\/ceoparts.com\/tr\/wp-json\/wp\/v2\/media\/20211"}],"wp:attachment":[{"href":"https:\/\/ceoparts.com\/tr\/wp-json\/wp\/v2\/media?parent=20206"}],"wp:term":[{"taxonomy":"product_brand","embeddable":true,"href":"https:\/\/ceoparts.com\/tr\/wp-json\/wp\/v2\/product_brand?post=20206"},{"taxonomy":"product_cat","embeddable":true,"href":"https:\/\/ceoparts.com\/tr\/wp-json\/wp\/v2\/product_cat?post=20206"},{"taxonomy":"product_tag","embeddable":true,"href":"https:\/\/ceoparts.com\/tr\/wp-json\/wp\/v2\/product_tag?post=20206"}],"curies":[{"name":"wp","href":"https:\/\/api.w.org\/{rel}","templated":true}]}}