{"id":20221,"date":"2025-12-16T15:01:32","date_gmt":"2025-12-16T12:01:32","guid":{"rendered":"https:\/\/ceoparts.com\/?post_type=product&#038;p=20221"},"modified":"2026-05-16T15:34:29","modified_gmt":"2026-05-16T12:34:29","slug":"bt-lwe-swe-acil-stop-butonu-254380","status":"publish","type":"product","link":"https:\/\/ceoparts.com\/tr\/urun\/bt-lwe-swe-acil-stop-butonu-254380\/","title":{"rendered":"BT LWE\/SWE Acil Stop Butonu &#8211; 254380"},"content":{"rendered":"<p>BT LWE\/SWE Acil Stop Butonu &#8211; 254380<\/p>","protected":false},"excerpt":{"rendered":"<p data-start=\"70\" data-end=\"362\">BT LWE\/SWE serisi ara\u00e7larda kullan\u0131lan <strong data-start=\"109\" data-end=\"138\">Acil Stop Butonu \u2013 254380<\/strong>, acil durumlarda sistemi h\u0131zl\u0131 ve g\u00fcvenli \u015fekilde durdurmak i\u00e7in tasarlanm\u0131\u015f kritik bir emniyet bile\u015fenidir. Ergonomik yap\u0131s\u0131 ve net tepki \u00f6zelli\u011fi sayesinde operat\u00f6r\u00fcn kolay eri\u015fimine uygundur ve uzun \u00f6m\u00fcrl\u00fc dayan\u0131m sunar.<\/p>\n<p data-start=\"364\" data-end=\"381\"><strong data-start=\"364\" data-end=\"379\">\u00d6zellikler:<\/strong><\/p>\n<ul data-start=\"382\" data-end=\"693\">\n<li data-start=\"382\" data-end=\"432\">\n<p data-start=\"384\" data-end=\"432\">\u00dcr\u00fcn Ad\u0131: BT LWE\/SWE Acil Stop Butonu \u2013 254380<\/p>\n<\/li>\n<li data-start=\"433\" data-end=\"455\">\n<p data-start=\"435\" data-end=\"455\">Par\u00e7a Kodu: 254380<\/p>\n<\/li>\n<li data-start=\"456\" data-end=\"492\">\n<p data-start=\"458\" data-end=\"492\">Tip: Acil stop \/ g\u00fcvenlik butonu<\/p>\n<\/li>\n<li data-start=\"493\" data-end=\"556\">\n<p data-start=\"495\" data-end=\"556\">Malzeme: Dayan\u0131kl\u0131 plastik g\u00f6vde ve g\u00fcvenilir kontak yap\u0131s\u0131<\/p>\n<\/li>\n<li data-start=\"557\" data-end=\"634\">\n<p data-start=\"559\" data-end=\"634\">Kullan\u0131m Alan\u0131: BT LWE\/SWE forklift kontrol panelleri, emniyet sistemleri<\/p>\n<\/li>\n<li data-start=\"635\" data-end=\"693\">\n<p data-start=\"637\" data-end=\"693\">Avantajlar: H\u0131zl\u0131 duru\u015f, y\u00fcksek g\u00fcvenlik, kolay montaj<\/p>\n<\/li>\n<\/ul>\n","protected":false},"featured_media":20225,"template":"","meta":[],"product_brand":[],"product_cat":[251,454,518],"product_tag":[],"class_list":{"0":"post-20221","1":"product","2":"type-product","3":"status-publish","4":"has-post-thumbnail","6":"product_cat-bt","7":"product_cat-switch-ve-buton","8":"product_cat-yedek-parca-bt","10":"first","11":"instock","12":"taxable","13":"shipping-taxable","14":"purchasable","15":"product-type-simple"},"_links":{"self":[{"href":"https:\/\/ceoparts.com\/tr\/wp-json\/wp\/v2\/product\/20221","targetHints":{"allow":["GET"]}}],"collection":[{"href":"https:\/\/ceoparts.com\/tr\/wp-json\/wp\/v2\/product"}],"about":[{"href":"https:\/\/ceoparts.com\/tr\/wp-json\/wp\/v2\/types\/product"}],"wp:featuredmedia":[{"embeddable":true,"href":"https:\/\/ceoparts.com\/tr\/wp-json\/wp\/v2\/media\/20225"}],"wp:attachment":[{"href":"https:\/\/ceoparts.com\/tr\/wp-json\/wp\/v2\/media?parent=20221"}],"wp:term":[{"taxonomy":"product_brand","embeddable":true,"href":"https:\/\/ceoparts.com\/tr\/wp-json\/wp\/v2\/product_brand?post=20221"},{"taxonomy":"product_cat","embeddable":true,"href":"https:\/\/ceoparts.com\/tr\/wp-json\/wp\/v2\/product_cat?post=20221"},{"taxonomy":"product_tag","embeddable":true,"href":"https:\/\/ceoparts.com\/tr\/wp-json\/wp\/v2\/product_tag?post=20221"}],"curies":[{"name":"wp","href":"https:\/\/api.w.org\/{rel}","templated":true}]}}