{"id":20247,"date":"2025-12-17T14:29:27","date_gmt":"2025-12-17T11:29:27","guid":{"rendered":"https:\/\/ceoparts.com\/?post_type=product&#038;p=20247"},"modified":"2026-05-16T19:51:55","modified_gmt":"2026-05-16T16:51:55","slug":"jungheinrich-stop-butonu-50251694","status":"publish","type":"product","link":"https:\/\/ceoparts.com\/tr\/urun\/jungheinrich-stop-butonu-50251694\/","title":{"rendered":"Jungheinrich Stop Butonu &#8211; 50251694"},"content":{"rendered":"<p>Jungheinrich Stop Butonu &#8211; 50251694<\/p>","protected":false},"excerpt":{"rendered":"<p data-start=\"77\" data-end=\"374\">Forklift ve end\u00fcstriyel ara\u00e7 uygulamalar\u0131nda kullan\u0131lan <strong data-start=\"133\" data-end=\"172\">Jungheinrich Stop Butonu \u2013 50251694<\/strong>, acil durumlarda sistemi h\u0131zl\u0131 ve g\u00fcvenli \u015fekilde durdurmak i\u00e7in tasarlanm\u0131\u015f kritik bir emniyet butonudur. Ergonomik yap\u0131s\u0131 sayesinde operat\u00f6r\u00fcn kolay eri\u015fimine uygundur ve uzun \u00f6m\u00fcrl\u00fc kullan\u0131m sa\u011flar.<\/p>\n<p data-start=\"376\" data-end=\"393\"><strong data-start=\"376\" data-end=\"391\">\u00d6zellikler:<\/strong><\/p>\n<ul data-start=\"394\" data-end=\"715\">\n<li data-start=\"394\" data-end=\"443\">\n<p data-start=\"396\" data-end=\"443\">\u00dcr\u00fcn Ad\u0131: Jungheinrich Stop Butonu \u2013 50251694<\/p>\n<\/li>\n<li data-start=\"444\" data-end=\"468\">\n<p data-start=\"446\" data-end=\"468\">Par\u00e7a Kodu: 50251694<\/p>\n<\/li>\n<li data-start=\"469\" data-end=\"504\">\n<p data-start=\"471\" data-end=\"504\">Tip: Acil Stop \/ Emniyet Butonu<\/p>\n<\/li>\n<li data-start=\"505\" data-end=\"568\">\n<p data-start=\"507\" data-end=\"568\">Malzeme: Dayan\u0131kl\u0131 plastik g\u00f6vde ve g\u00fcvenilir kontak yap\u0131s\u0131<\/p>\n<\/li>\n<li data-start=\"569\" data-end=\"660\">\n<p data-start=\"571\" data-end=\"660\">Kullan\u0131m Alan\u0131: Jungheinrich forklift kontrol panelleri, end\u00fcstriyel emniyet sistemleri<\/p>\n<\/li>\n<li data-start=\"661\" data-end=\"715\">\n<p data-start=\"663\" data-end=\"715\">Avantajlar: H\u0131zl\u0131 duru\u015f, sa\u011flam yap\u0131, kolay montaj<\/p>\n<\/li>\n<\/ul>\n","protected":false},"featured_media":20252,"template":"","meta":[],"product_brand":[],"product_cat":[236,454,522],"product_tag":[],"class_list":{"0":"post-20247","1":"product","2":"type-product","3":"status-publish","4":"has-post-thumbnail","6":"product_cat-jungheinrich","7":"product_cat-switch-ve-buton","8":"product_cat-yedek-parca-jungheinrich","10":"first","11":"instock","12":"taxable","13":"shipping-taxable","14":"purchasable","15":"product-type-simple"},"_links":{"self":[{"href":"https:\/\/ceoparts.com\/tr\/wp-json\/wp\/v2\/product\/20247","targetHints":{"allow":["GET"]}}],"collection":[{"href":"https:\/\/ceoparts.com\/tr\/wp-json\/wp\/v2\/product"}],"about":[{"href":"https:\/\/ceoparts.com\/tr\/wp-json\/wp\/v2\/types\/product"}],"wp:featuredmedia":[{"embeddable":true,"href":"https:\/\/ceoparts.com\/tr\/wp-json\/wp\/v2\/media\/20252"}],"wp:attachment":[{"href":"https:\/\/ceoparts.com\/tr\/wp-json\/wp\/v2\/media?parent=20247"}],"wp:term":[{"taxonomy":"product_brand","embeddable":true,"href":"https:\/\/ceoparts.com\/tr\/wp-json\/wp\/v2\/product_brand?post=20247"},{"taxonomy":"product_cat","embeddable":true,"href":"https:\/\/ceoparts.com\/tr\/wp-json\/wp\/v2\/product_cat?post=20247"},{"taxonomy":"product_tag","embeddable":true,"href":"https:\/\/ceoparts.com\/tr\/wp-json\/wp\/v2\/product_tag?post=20247"}],"curies":[{"name":"wp","href":"https:\/\/api.w.org\/{rel}","templated":true}]}}