{"id":20253,"date":"2025-12-18T09:12:14","date_gmt":"2025-12-18T06:12:14","guid":{"rendered":"https:\/\/ceoparts.com\/?post_type=product&#038;p=20253"},"modified":"2026-05-16T14:06:35","modified_gmt":"2026-05-16T11:06:35","slug":"korsa-kalin-ses-korna-24v","status":"publish","type":"product","link":"https:\/\/ceoparts.com\/tr\/urun\/korsa-kalin-ses-korna-24v\/","title":{"rendered":"Korsa Kal\u0131n Ses Korna 24V"},"content":{"rendered":"<p>Korsa Kal\u0131n Ses Korna 24V<\/p>","protected":false},"excerpt":{"rendered":"<p data-start=\"89\" data-end=\"359\">Forklift ve end\u00fcstriyel ara\u00e7 uygulamalar\u0131nda kullan\u0131lan <strong data-start=\"145\" data-end=\"174\">Korsa Kal\u0131n Ses Korna 24V<\/strong>, y\u00fcksek ses \u00e7\u0131k\u0131\u015f\u0131yla operat\u00f6r ve \u00e7evre g\u00fcvenli\u011fini art\u0131ran dayan\u0131kl\u0131 bir uyar\u0131 cihaz\u0131d\u0131r. 24V elektrik sistemlerine uyumludur ve zorlu \u00e7al\u0131\u015fma ko\u015fullar\u0131nda g\u00fcvenilir performans sunar.<\/p>\n<p data-start=\"361\" data-end=\"378\"><strong data-start=\"361\" data-end=\"376\">\u00d6zellikler:<\/strong><\/p>\n<ul data-start=\"379\" data-end=\"642\">\n<li data-start=\"379\" data-end=\"418\">\n<p data-start=\"381\" data-end=\"418\">\u00dcr\u00fcn Ad\u0131: Korsa Kal\u0131n Ses Korna 24V<\/p>\n<\/li>\n<li data-start=\"419\" data-end=\"435\">\n<p data-start=\"421\" data-end=\"435\">Voltaj: 24 V<\/p>\n<\/li>\n<li data-start=\"436\" data-end=\"473\">\n<p data-start=\"438\" data-end=\"473\">Tip: Elektrikli korna (kal\u0131n ses)<\/p>\n<\/li>\n<li data-start=\"474\" data-end=\"516\">\n<p data-start=\"476\" data-end=\"516\">Malzeme: Dayan\u0131kl\u0131 metal\/plastik g\u00f6vde<\/p>\n<\/li>\n<li data-start=\"517\" data-end=\"584\">\n<p data-start=\"519\" data-end=\"584\">Kullan\u0131m Alan\u0131: Forklift, end\u00fcstriyel ara\u00e7lar, depo ekipmanlar\u0131<\/p>\n<\/li>\n<li data-start=\"585\" data-end=\"642\">\n<p data-start=\"587\" data-end=\"642\">Avantajlar: G\u00fc\u00e7l\u00fc ses \u00e7\u0131k\u0131\u015f\u0131, kolay montaj, uzun \u00f6m\u00fcr<\/p>\n<\/li>\n<\/ul>\n","protected":false},"featured_media":20256,"template":"","meta":[],"product_brand":[],"product_cat":[455],"product_tag":[],"class_list":{"0":"post-20253","1":"product","2":"type-product","3":"status-publish","4":"has-post-thumbnail","6":"product_cat-kornalar","8":"first","9":"instock","10":"taxable","11":"shipping-taxable","12":"purchasable","13":"product-type-simple"},"_links":{"self":[{"href":"https:\/\/ceoparts.com\/tr\/wp-json\/wp\/v2\/product\/20253","targetHints":{"allow":["GET"]}}],"collection":[{"href":"https:\/\/ceoparts.com\/tr\/wp-json\/wp\/v2\/product"}],"about":[{"href":"https:\/\/ceoparts.com\/tr\/wp-json\/wp\/v2\/types\/product"}],"wp:featuredmedia":[{"embeddable":true,"href":"https:\/\/ceoparts.com\/tr\/wp-json\/wp\/v2\/media\/20256"}],"wp:attachment":[{"href":"https:\/\/ceoparts.com\/tr\/wp-json\/wp\/v2\/media?parent=20253"}],"wp:term":[{"taxonomy":"product_brand","embeddable":true,"href":"https:\/\/ceoparts.com\/tr\/wp-json\/wp\/v2\/product_brand?post=20253"},{"taxonomy":"product_cat","embeddable":true,"href":"https:\/\/ceoparts.com\/tr\/wp-json\/wp\/v2\/product_cat?post=20253"},{"taxonomy":"product_tag","embeddable":true,"href":"https:\/\/ceoparts.com\/tr\/wp-json\/wp\/v2\/product_tag?post=20253"}],"curies":[{"name":"wp","href":"https:\/\/api.w.org\/{rel}","templated":true}]}}