{"id":20258,"date":"2025-12-18T16:01:38","date_gmt":"2025-12-18T13:01:38","guid":{"rendered":"https:\/\/ceoparts.com\/?post_type=product&#038;p=20258"},"modified":"2026-05-16T18:16:05","modified_gmt":"2026-05-16T15:16:05","slug":"jungheinrich-kaldirma-butonu-50251903","status":"publish","type":"product","link":"https:\/\/ceoparts.com\/tr\/urun\/jungheinrich-kaldirma-butonu-50251903\/","title":{"rendered":"Jungheinrich Kald\u0131rma Butonu &#8211; 50251903"},"content":{"rendered":"<p>Jungheinrich Kald\u0131rma Butonu &#8211; 50251903<\/p>","protected":false},"excerpt":{"rendered":"<p data-start=\"137\" data-end=\"412\">Forklift uygulamalar\u0131nda kullan\u0131lan <strong data-start=\"173\" data-end=\"205\">Jungheinrich Kald\u0131rma Butonu<\/strong>, forkliftin kald\u0131rma fonksiyonunun operat\u00f6r taraf\u0131ndan g\u00fcvenli ve hassas \u015fekilde kontrol edilmesini sa\u011flayan kumanda butonudur. Dayan\u0131kl\u0131 yap\u0131s\u0131 ve ergonomik tasar\u0131m\u0131 sayesinde uzun \u00f6m\u00fcrl\u00fc performans sunar.<\/p>\n<p data-start=\"414\" data-end=\"431\"><strong data-start=\"414\" data-end=\"429\">\u00d6zellikler:<\/strong><\/p>\n<ul data-start=\"432\" data-end=\"705\">\n<li data-start=\"432\" data-end=\"474\">\n<p data-start=\"434\" data-end=\"474\">\u00dcr\u00fcn Ad\u0131: Jungheinrich Kald\u0131rma Butonu<\/p>\n<\/li>\n<li data-start=\"475\" data-end=\"524\">\n<p data-start=\"477\" data-end=\"524\">Par\u00e7a Kodu: Jungheinrich uyumlu \/ model bazl\u0131<\/p>\n<\/li>\n<li data-start=\"525\" data-end=\"586\">\n<p data-start=\"527\" data-end=\"586\">Malzeme: Dayan\u0131kl\u0131 plastik g\u00f6vde ve elektriksel kontaklar<\/p>\n<\/li>\n<li data-start=\"587\" data-end=\"647\">\n<p data-start=\"589\" data-end=\"647\">Kullan\u0131m Alan\u0131: Jungheinrich forklift kumanda sistemleri<\/p>\n<\/li>\n<li data-start=\"648\" data-end=\"705\">\n<p data-start=\"650\" data-end=\"705\">Avantajlar: Hassas kontrol, sa\u011flam yap\u0131, kolay montaj<\/p>\n<\/li>\n<\/ul>\n","protected":false},"featured_media":20263,"template":"","meta":[],"product_brand":[],"product_cat":[454,236,251,518,522],"product_tag":[],"class_list":{"0":"post-20258","1":"product","2":"type-product","3":"status-publish","4":"has-post-thumbnail","6":"product_cat-switch-ve-buton","7":"product_cat-jungheinrich","8":"product_cat-bt","9":"product_cat-yedek-parca-bt","10":"product_cat-yedek-parca-jungheinrich","12":"first","13":"instock","14":"taxable","15":"shipping-taxable","16":"purchasable","17":"product-type-simple"},"_links":{"self":[{"href":"https:\/\/ceoparts.com\/tr\/wp-json\/wp\/v2\/product\/20258","targetHints":{"allow":["GET"]}}],"collection":[{"href":"https:\/\/ceoparts.com\/tr\/wp-json\/wp\/v2\/product"}],"about":[{"href":"https:\/\/ceoparts.com\/tr\/wp-json\/wp\/v2\/types\/product"}],"wp:featuredmedia":[{"embeddable":true,"href":"https:\/\/ceoparts.com\/tr\/wp-json\/wp\/v2\/media\/20263"}],"wp:attachment":[{"href":"https:\/\/ceoparts.com\/tr\/wp-json\/wp\/v2\/media?parent=20258"}],"wp:term":[{"taxonomy":"product_brand","embeddable":true,"href":"https:\/\/ceoparts.com\/tr\/wp-json\/wp\/v2\/product_brand?post=20258"},{"taxonomy":"product_cat","embeddable":true,"href":"https:\/\/ceoparts.com\/tr\/wp-json\/wp\/v2\/product_cat?post=20258"},{"taxonomy":"product_tag","embeddable":true,"href":"https:\/\/ceoparts.com\/tr\/wp-json\/wp\/v2\/product_tag?post=20258"}],"curies":[{"name":"wp","href":"https:\/\/api.w.org\/{rel}","templated":true}]}}