{"id":20264,"date":"2025-12-18T16:44:34","date_gmt":"2025-12-18T13:44:34","guid":{"rendered":"https:\/\/ceoparts.com\/?post_type=product&#038;p=20264"},"modified":"2026-05-16T22:10:18","modified_gmt":"2026-05-16T19:10:18","slug":"still-yuk-teker-baglanti-somunu-0009050241","status":"publish","type":"product","link":"https:\/\/ceoparts.com\/tr\/urun\/still-yuk-teker-baglanti-somunu-0009050241\/","title":{"rendered":"Still &#8211; Y\u00fck Teker Ba\u011flant\u0131 Somunu-0009050241"},"content":{"rendered":"<p>Still &#8211; Y\u00fck Teker Ba\u011flant\u0131 Somunu-0009050241<\/p>","protected":false},"excerpt":{"rendered":"<p data-start=\"71\" data-end=\"322\">Forklift ve depo ara\u00e7lar\u0131nda kullan\u0131lan <strong data-start=\"111\" data-end=\"159\">Still Y\u00fck Teker Ba\u011flant\u0131 Somunu \u2013 0009050241<\/strong>, y\u00fck tekerle\u011finin aksa s\u0131k\u0131 ve g\u00fcvenli \u015fekilde ba\u011flanmas\u0131n\u0131 sa\u011flayan dayan\u0131kl\u0131 bir ba\u011flant\u0131 somunudur. Y\u00fck ta\u015f\u0131ma s\u0131ras\u0131nda stabil ve g\u00fcvenilir performans sa\u011flar.<\/p>\n<p data-start=\"324\" data-end=\"341\"><strong data-start=\"324\" data-end=\"339\">\u00d6zellikler:<\/strong><\/p>\n<ul data-start=\"342\" data-end=\"596\">\n<li data-start=\"342\" data-end=\"400\">\n<p data-start=\"344\" data-end=\"400\">\u00dcr\u00fcn Ad\u0131: Still Y\u00fck Teker Ba\u011flant\u0131 Somunu \u2013 0009050241<\/p>\n<\/li>\n<li data-start=\"401\" data-end=\"427\">\n<p data-start=\"403\" data-end=\"427\">Par\u00e7a Kodu: 0009050241<\/p>\n<\/li>\n<li data-start=\"428\" data-end=\"465\">\n<p data-start=\"430\" data-end=\"465\">Malzeme: Y\u00fcksek mukavemetli \u00e7elik<\/p>\n<\/li>\n<li data-start=\"466\" data-end=\"530\">\n<p data-start=\"468\" data-end=\"530\">Kullan\u0131m Alan\u0131: Still forklift y\u00fck tekerlek ba\u011flant\u0131 sistemi<\/p>\n<\/li>\n<li data-start=\"531\" data-end=\"596\">\n<p data-start=\"533\" data-end=\"596\">Avantajlar: Sa\u011flam ba\u011flant\u0131, y\u00fcksek dayan\u0131m, uzun servis \u00f6mr\u00fc<\/p>\n<\/li>\n<\/ul>\n","protected":false},"featured_media":20270,"template":"","meta":[],"product_brand":[],"product_cat":[241,470,524],"product_tag":[],"class_list":{"0":"post-20264","1":"product","2":"type-product","3":"status-publish","4":"has-post-thumbnail","6":"product_cat-still","7":"product_cat-diger-yedek-parcalar","8":"product_cat-yedek-parca-still","10":"first","11":"instock","12":"taxable","13":"shipping-taxable","14":"purchasable","15":"product-type-simple"},"_links":{"self":[{"href":"https:\/\/ceoparts.com\/tr\/wp-json\/wp\/v2\/product\/20264","targetHints":{"allow":["GET"]}}],"collection":[{"href":"https:\/\/ceoparts.com\/tr\/wp-json\/wp\/v2\/product"}],"about":[{"href":"https:\/\/ceoparts.com\/tr\/wp-json\/wp\/v2\/types\/product"}],"wp:featuredmedia":[{"embeddable":true,"href":"https:\/\/ceoparts.com\/tr\/wp-json\/wp\/v2\/media\/20270"}],"wp:attachment":[{"href":"https:\/\/ceoparts.com\/tr\/wp-json\/wp\/v2\/media?parent=20264"}],"wp:term":[{"taxonomy":"product_brand","embeddable":true,"href":"https:\/\/ceoparts.com\/tr\/wp-json\/wp\/v2\/product_brand?post=20264"},{"taxonomy":"product_cat","embeddable":true,"href":"https:\/\/ceoparts.com\/tr\/wp-json\/wp\/v2\/product_cat?post=20264"},{"taxonomy":"product_tag","embeddable":true,"href":"https:\/\/ceoparts.com\/tr\/wp-json\/wp\/v2\/product_tag?post=20264"}],"curies":[{"name":"wp","href":"https:\/\/api.w.org\/{rel}","templated":true}]}}