{"id":20273,"date":"2025-12-19T09:00:47","date_gmt":"2025-12-19T06:00:47","guid":{"rendered":"https:\/\/ceoparts.com\/?post_type=product&#038;p=20273"},"modified":"2026-05-16T19:58:28","modified_gmt":"2026-05-16T16:58:28","slug":"jungheinrich-fren-manyetigi-51703170","status":"publish","type":"product","link":"https:\/\/ceoparts.com\/tr\/urun\/jungheinrich-fren-manyetigi-51703170\/","title":{"rendered":"Jungheinrich Fren Manyeti\u011fi  &#8211; 51703170"},"content":{"rendered":"<p>Jungheinrich Fren Manyeti\u011fi  &#8211; 51703170<\/p>","protected":false},"excerpt":{"rendered":"<p data-start=\"62\" data-end=\"360\">Forklift uygulamalar\u0131nda kullan\u0131lan <strong data-start=\"98\" data-end=\"140\">Jungheinrich Fren Manyeti\u011fi \u2013 51703170<\/strong>, forklift fren sisteminde elektromanyetik frenleme sa\u011flayan kritik bir bile\u015fendir. Y\u00fck ta\u015f\u0131ma ve durma an\u0131nda g\u00fcvenli, h\u0131zl\u0131 tepki ile fren performans\u0131n\u0131 art\u0131r\u0131r ve dayan\u0131kl\u0131 yap\u0131s\u0131 sayesinde uzun \u00f6m\u00fcrl\u00fc kullan\u0131m sunar.<\/p>\n<p data-start=\"362\" data-end=\"379\"><strong data-start=\"362\" data-end=\"377\">\u00d6zellikler:<\/strong><\/p>\n<ul data-start=\"380\" data-end=\"671\">\n<li data-start=\"380\" data-end=\"432\">\n<p data-start=\"382\" data-end=\"432\">\u00dcr\u00fcn Ad\u0131: Jungheinrich Fren Manyeti\u011fi \u2013 51703170<\/p>\n<\/li>\n<li data-start=\"433\" data-end=\"457\">\n<p data-start=\"435\" data-end=\"457\">Par\u00e7a Kodu: 51703170<\/p>\n<\/li>\n<li data-start=\"458\" data-end=\"497\">\n<p data-start=\"460\" data-end=\"497\">Tip: Elektromanyetik fren manyeti\u011fi<\/p>\n<\/li>\n<li data-start=\"498\" data-end=\"545\">\n<p data-start=\"500\" data-end=\"545\">Malzeme: Y\u00fcksek kalite elektromanyetik yap\u0131<\/p>\n<\/li>\n<li data-start=\"546\" data-end=\"603\">\n<p data-start=\"548\" data-end=\"603\">Kullan\u0131m Alan\u0131: Jungheinrich forklift fren sistemleri<\/p>\n<\/li>\n<li data-start=\"604\" data-end=\"671\">\n<p data-start=\"606\" data-end=\"671\">Avantajlar: H\u0131zl\u0131 fren tepkisi, g\u00fcvenli duru\u015f, uzun servis \u00f6mr\u00fc<\/p>\n<\/li>\n<\/ul>\n","protected":false},"featured_media":20274,"template":"","meta":[],"product_brand":[],"product_cat":[236,449,522],"product_tag":[],"class_list":{"0":"post-20273","1":"product","2":"type-product","3":"status-publish","4":"has-post-thumbnail","6":"product_cat-jungheinrich","7":"product_cat-fren-sistem-parcalari","8":"product_cat-yedek-parca-jungheinrich","10":"first","11":"instock","12":"taxable","13":"shipping-taxable","14":"purchasable","15":"product-type-simple"},"_links":{"self":[{"href":"https:\/\/ceoparts.com\/tr\/wp-json\/wp\/v2\/product\/20273","targetHints":{"allow":["GET"]}}],"collection":[{"href":"https:\/\/ceoparts.com\/tr\/wp-json\/wp\/v2\/product"}],"about":[{"href":"https:\/\/ceoparts.com\/tr\/wp-json\/wp\/v2\/types\/product"}],"wp:featuredmedia":[{"embeddable":true,"href":"https:\/\/ceoparts.com\/tr\/wp-json\/wp\/v2\/media\/20274"}],"wp:attachment":[{"href":"https:\/\/ceoparts.com\/tr\/wp-json\/wp\/v2\/media?parent=20273"}],"wp:term":[{"taxonomy":"product_brand","embeddable":true,"href":"https:\/\/ceoparts.com\/tr\/wp-json\/wp\/v2\/product_brand?post=20273"},{"taxonomy":"product_cat","embeddable":true,"href":"https:\/\/ceoparts.com\/tr\/wp-json\/wp\/v2\/product_cat?post=20273"},{"taxonomy":"product_tag","embeddable":true,"href":"https:\/\/ceoparts.com\/tr\/wp-json\/wp\/v2\/product_tag?post=20273"}],"curies":[{"name":"wp","href":"https:\/\/api.w.org\/{rel}","templated":true}]}}