{"id":20278,"date":"2025-12-19T09:27:26","date_gmt":"2025-12-19T06:27:26","guid":{"rendered":"https:\/\/ceoparts.com\/?post_type=product&#038;p=20278"},"modified":"2026-05-16T18:16:41","modified_gmt":"2026-05-16T15:16:41","slug":"albright-kontaktor-24v-ru80-5096","status":"publish","type":"product","link":"https:\/\/ceoparts.com\/tr\/urun\/albright-kontaktor-24v-ru80-5096\/","title":{"rendered":"Albright Kontakt\u00f6r 24V \u2013 RU80-5096"},"content":{"rendered":"<p>Albright Kontakt\u00f6r 24V \u2013 RU80-5096<\/p>","protected":false},"excerpt":{"rendered":"<p data-start=\"83\" data-end=\"374\">Ak\u00fcl\u00fc forklift ve end\u00fcstriyel ara\u00e7larda kullan\u0131lan <strong data-start=\"134\" data-end=\"172\">Albright Kontakt\u00f6r 24V \u2013 RU80-5096<\/strong>, 24 V elektrik sistemlerinde y\u00fcksek ak\u0131m anahtarlamas\u0131 sa\u011flamak i\u00e7in tasarlanm\u0131\u015f g\u00fc\u00e7l\u00fc bir g\u00fc\u00e7 kontakt\u00f6r\u00fcd\u00fcr. Dayan\u0131kl\u0131 yap\u0131s\u0131 sayesinde zorlu \u00e7al\u0131\u015fma ko\u015fullar\u0131nda stabil performans ve uzun \u00f6m\u00fcr sunar.<\/p>\n<p data-start=\"376\" data-end=\"391\"><strong data-start=\"376\" data-end=\"391\">\u00d6zellikler:<\/strong><\/p>\n<ul data-start=\"392\" data-end=\"743\">\n<li data-start=\"392\" data-end=\"440\">\n<p data-start=\"394\" data-end=\"440\">\u00dcr\u00fcn Ad\u0131: Albright Kontakt\u00f6r 24V \u2013 RU80-5096<\/p>\n<\/li>\n<li data-start=\"441\" data-end=\"466\">\n<p data-start=\"443\" data-end=\"466\">Par\u00e7a Kodu: RU80-5096<\/p>\n<\/li>\n<li data-start=\"467\" data-end=\"483\">\n<p data-start=\"469\" data-end=\"483\">Voltaj: 24 V<\/p>\n<\/li>\n<li data-start=\"484\" data-end=\"507\">\n<p data-start=\"486\" data-end=\"507\">Tip: G\u00fc\u00e7 kontakt\u00f6r\u00fc<\/p>\n<\/li>\n<li data-start=\"508\" data-end=\"569\">\n<p data-start=\"510\" data-end=\"569\">Malzeme: Sa\u011flam metal g\u00f6vde ve y\u00fcksek ak\u0131m kontakt yap\u0131s\u0131<\/p>\n<\/li>\n<li data-start=\"570\" data-end=\"656\">\n<p data-start=\"572\" data-end=\"656\">Kullan\u0131m Alan\u0131: Ak\u00fcl\u00fc forkliftler, elektrikli ara\u00e7lar ve end\u00fcstriyel g\u00fc\u00e7 devreleri<\/p>\n<\/li>\n<li data-start=\"657\" data-end=\"743\">\n<p data-start=\"659\" data-end=\"743\">Avantajlar: Y\u00fcksek ak\u0131m ta\u015f\u0131ma kapasitesi, g\u00fcvenilir anahtarlama, uzun servis \u00f6mr\u00fc<\/p>\n<\/li>\n<\/ul>\n","protected":false},"featured_media":20281,"template":"","meta":[],"product_brand":[],"product_cat":[462],"product_tag":[],"class_list":{"0":"post-20278","1":"product","2":"type-product","3":"status-publish","4":"has-post-thumbnail","6":"product_cat-kontaktorler","8":"first","9":"instock","10":"taxable","11":"shipping-taxable","12":"purchasable","13":"product-type-simple"},"_links":{"self":[{"href":"https:\/\/ceoparts.com\/tr\/wp-json\/wp\/v2\/product\/20278","targetHints":{"allow":["GET"]}}],"collection":[{"href":"https:\/\/ceoparts.com\/tr\/wp-json\/wp\/v2\/product"}],"about":[{"href":"https:\/\/ceoparts.com\/tr\/wp-json\/wp\/v2\/types\/product"}],"wp:featuredmedia":[{"embeddable":true,"href":"https:\/\/ceoparts.com\/tr\/wp-json\/wp\/v2\/media\/20281"}],"wp:attachment":[{"href":"https:\/\/ceoparts.com\/tr\/wp-json\/wp\/v2\/media?parent=20278"}],"wp:term":[{"taxonomy":"product_brand","embeddable":true,"href":"https:\/\/ceoparts.com\/tr\/wp-json\/wp\/v2\/product_brand?post=20278"},{"taxonomy":"product_cat","embeddable":true,"href":"https:\/\/ceoparts.com\/tr\/wp-json\/wp\/v2\/product_cat?post=20278"},{"taxonomy":"product_tag","embeddable":true,"href":"https:\/\/ceoparts.com\/tr\/wp-json\/wp\/v2\/product_tag?post=20278"}],"curies":[{"name":"wp","href":"https:\/\/api.w.org\/{rel}","templated":true}]}}