{"id":20283,"date":"2025-12-19T09:41:19","date_gmt":"2025-12-19T06:41:19","guid":{"rendered":"https:\/\/ceoparts.com\/?post_type=product&#038;p=20283"},"modified":"2026-05-16T14:48:38","modified_gmt":"2026-05-16T11:48:38","slug":"fren-manyetigi-lp200-7552246","status":"publish","type":"product","link":"https:\/\/ceoparts.com\/tr\/urun\/fren-manyetigi-lp200-7552246\/","title":{"rendered":"Fren Manyeti\u011fi LPE200 &#8211; 7552246"},"content":{"rendered":"<p>Fren Manyeti\u011fi LPE200 &#8211; 7552246<\/p>","protected":false},"excerpt":{"rendered":"<p data-start=\"76\" data-end=\"344\">Depo ve end\u00fcstriyel ara\u00e7larda kullan\u0131lan <strong data-start=\"117\" data-end=\"151\">Fren Manyeti\u011fi LPE200 \u2013 7552246<\/strong>, elektrikli fren sistemlerinde g\u00fcvenli ve h\u0131zl\u0131 frenleme sa\u011flayan elektromanyetik bir bile\u015fendir. Dayan\u0131kl\u0131 yap\u0131s\u0131 sayesinde yo\u011fun kullan\u0131m ko\u015fullar\u0131nda stabil ve uzun \u00f6m\u00fcrl\u00fc performans sunar.<\/p>\n<p data-start=\"346\" data-end=\"361\"><strong data-start=\"346\" data-end=\"361\">\u00d6zellikler:<\/strong><\/p>\n<ul data-start=\"362\" data-end=\"606\">\n<li data-start=\"362\" data-end=\"406\">\n<p data-start=\"364\" data-end=\"406\">\u00dcr\u00fcn Ad\u0131: Fren Manyeti\u011fi LPE200 \u2013 7552246<\/p>\n<\/li>\n<li data-start=\"407\" data-end=\"430\">\n<p data-start=\"409\" data-end=\"430\">Par\u00e7a Kodu: 7552246<\/p>\n<\/li>\n<li data-start=\"431\" data-end=\"447\">\n<p data-start=\"433\" data-end=\"447\">Model: LPE200<\/p>\n<\/li>\n<li data-start=\"448\" data-end=\"487\">\n<p data-start=\"450\" data-end=\"487\">Tip: Elektromanyetik fren manyeti\u011fi<\/p>\n<\/li>\n<li data-start=\"488\" data-end=\"549\">\n<p data-start=\"490\" data-end=\"549\">Kullan\u0131m Alan\u0131: Forklift ve depo ara\u00e7lar\u0131 fren sistemleri<\/p>\n<\/li>\n<li data-start=\"550\" data-end=\"606\">\n<p data-start=\"552\" data-end=\"606\">Avantajlar: H\u0131zl\u0131 tepki, g\u00fcvenli frenleme, uzun \u00f6m\u00fcr<\/p>\n<\/li>\n<\/ul>\n","protected":false},"featured_media":20284,"template":"","meta":[],"product_brand":[],"product_cat":[449],"product_tag":[],"class_list":{"0":"post-20283","1":"product","2":"type-product","3":"status-publish","4":"has-post-thumbnail","6":"product_cat-fren-sistem-parcalari","8":"first","9":"instock","10":"taxable","11":"shipping-taxable","12":"purchasable","13":"product-type-simple"},"_links":{"self":[{"href":"https:\/\/ceoparts.com\/tr\/wp-json\/wp\/v2\/product\/20283","targetHints":{"allow":["GET"]}}],"collection":[{"href":"https:\/\/ceoparts.com\/tr\/wp-json\/wp\/v2\/product"}],"about":[{"href":"https:\/\/ceoparts.com\/tr\/wp-json\/wp\/v2\/types\/product"}],"wp:featuredmedia":[{"embeddable":true,"href":"https:\/\/ceoparts.com\/tr\/wp-json\/wp\/v2\/media\/20284"}],"wp:attachment":[{"href":"https:\/\/ceoparts.com\/tr\/wp-json\/wp\/v2\/media?parent=20283"}],"wp:term":[{"taxonomy":"product_brand","embeddable":true,"href":"https:\/\/ceoparts.com\/tr\/wp-json\/wp\/v2\/product_brand?post=20283"},{"taxonomy":"product_cat","embeddable":true,"href":"https:\/\/ceoparts.com\/tr\/wp-json\/wp\/v2\/product_cat?post=20283"},{"taxonomy":"product_tag","embeddable":true,"href":"https:\/\/ceoparts.com\/tr\/wp-json\/wp\/v2\/product_tag?post=20283"}],"curies":[{"name":"wp","href":"https:\/\/api.w.org\/{rel}","templated":true}]}}