{"id":20296,"date":"2025-12-19T10:58:53","date_gmt":"2025-12-19T07:58:53","guid":{"rendered":"https:\/\/ceoparts.com\/?post_type=product&#038;p=20296"},"modified":"2026-05-16T17:28:40","modified_gmt":"2026-05-16T14:28:40","slug":"albright-kontaktor-ed250b34","status":"publish","type":"product","link":"https:\/\/ceoparts.com\/tr\/urun\/albright-kontaktor-ed250b34\/","title":{"rendered":"Albright Kontakt\u00f6r &#8211; ED250B34"},"content":{"rendered":"<p>Albright Kontakt\u00f6r &#8211; ED250B34<\/p>","protected":false},"excerpt":{"rendered":"<p data-start=\"74\" data-end=\"329\">Ak\u00fcl\u00fc forklift ve end\u00fcstriyel ara\u00e7larda kullan\u0131lan <strong data-start=\"125\" data-end=\"158\">Albright Kontakt\u00f6r \u2013 ED250B34<\/strong>, y\u00fcksek ak\u0131m anahtarlamas\u0131 i\u00e7in tasarlanm\u0131\u015f g\u00fcvenilir bir g\u00fc\u00e7 kontakt\u00f6r\u00fcd\u00fcr. Dayan\u0131kl\u0131 yap\u0131s\u0131 sayesinde zorlu \u00e7al\u0131\u015fma ko\u015fullar\u0131nda uzun \u00f6m\u00fcrl\u00fc ve stabil performans sunar.<\/p>\n<p data-start=\"331\" data-end=\"346\"><strong data-start=\"331\" data-end=\"346\">\u00d6zellikler:<\/strong><\/p>\n<ul data-start=\"347\" data-end=\"605\">\n<li data-start=\"347\" data-end=\"390\">\n<p data-start=\"349\" data-end=\"390\">\u00dcr\u00fcn Ad\u0131: Albright Kontakt\u00f6r \u2013 ED250B34<\/p>\n<\/li>\n<li data-start=\"391\" data-end=\"415\">\n<p data-start=\"393\" data-end=\"415\">Par\u00e7a Kodu: ED250B34<\/p>\n<\/li>\n<li data-start=\"416\" data-end=\"435\">\n<p data-start=\"418\" data-end=\"435\">Marka: Albright<\/p>\n<\/li>\n<li data-start=\"436\" data-end=\"459\">\n<p data-start=\"438\" data-end=\"459\">Tip: G\u00fc\u00e7 kontakt\u00f6r\u00fc<\/p>\n<\/li>\n<li data-start=\"460\" data-end=\"532\">\n<p data-start=\"462\" data-end=\"532\">Kullan\u0131m Alan\u0131: Ak\u00fcl\u00fc forkliftler ve end\u00fcstriyel elektrik sistemleri<\/p>\n<\/li>\n<li data-start=\"533\" data-end=\"605\">\n<p data-start=\"535\" data-end=\"605\">Avantajlar: Y\u00fcksek ak\u0131m kapasitesi, g\u00fcvenilir anahtarlama, uzun \u00f6m\u00fcr<\/p>\n<\/li>\n<\/ul>\n","protected":false},"featured_media":20299,"template":"","meta":[],"product_brand":[],"product_cat":[462],"product_tag":[],"class_list":{"0":"post-20296","1":"product","2":"type-product","3":"status-publish","4":"has-post-thumbnail","6":"product_cat-kontaktorler","8":"first","9":"instock","10":"taxable","11":"shipping-taxable","12":"purchasable","13":"product-type-simple"},"_links":{"self":[{"href":"https:\/\/ceoparts.com\/tr\/wp-json\/wp\/v2\/product\/20296","targetHints":{"allow":["GET"]}}],"collection":[{"href":"https:\/\/ceoparts.com\/tr\/wp-json\/wp\/v2\/product"}],"about":[{"href":"https:\/\/ceoparts.com\/tr\/wp-json\/wp\/v2\/types\/product"}],"wp:featuredmedia":[{"embeddable":true,"href":"https:\/\/ceoparts.com\/tr\/wp-json\/wp\/v2\/media\/20299"}],"wp:attachment":[{"href":"https:\/\/ceoparts.com\/tr\/wp-json\/wp\/v2\/media?parent=20296"}],"wp:term":[{"taxonomy":"product_brand","embeddable":true,"href":"https:\/\/ceoparts.com\/tr\/wp-json\/wp\/v2\/product_brand?post=20296"},{"taxonomy":"product_cat","embeddable":true,"href":"https:\/\/ceoparts.com\/tr\/wp-json\/wp\/v2\/product_cat?post=20296"},{"taxonomy":"product_tag","embeddable":true,"href":"https:\/\/ceoparts.com\/tr\/wp-json\/wp\/v2\/product_tag?post=20296"}],"curies":[{"name":"wp","href":"https:\/\/api.w.org\/{rel}","templated":true}]}}