{"id":20303,"date":"2025-12-19T12:50:46","date_gmt":"2025-12-19T09:50:46","guid":{"rendered":"https:\/\/ceoparts.com\/?post_type=product&#038;p=20303"},"modified":"2026-05-16T17:17:48","modified_gmt":"2026-05-16T14:17:48","slug":"bt-lpe-spe-platform-7566866-031","status":"publish","type":"product","link":"https:\/\/ceoparts.com\/tr\/urun\/bt-lpe-spe-platform-7566866-031\/","title":{"rendered":"BT LPE \/ SPE Platform &#8211; 7566866-031"},"content":{"rendered":"<p>BT LPE \/ SPE Platform &#8211; 7566866-031<\/p>","protected":false},"excerpt":{"rendered":"<p data-start=\"78\" data-end=\"347\">Depo ve lojistik uygulamalar\u0131nda kullan\u0131lan <strong data-start=\"122\" data-end=\"161\">BT LPE \/ SPE Platform \u2013 7566866-031<\/strong>, operat\u00f6r\u00fcn g\u00fcvenli ve dengeli \u015fekilde \u00e7al\u0131\u015fma yapmas\u0131n\u0131 sa\u011flayan dayan\u0131kl\u0131 bir platformdur. Sa\u011flam yap\u0131s\u0131 sayesinde yo\u011fun kullan\u0131ma uygundur ve BT LPE \/ SPE serisi ara\u00e7larla uyumludur.<\/p>\n<p data-start=\"349\" data-end=\"364\"><strong data-start=\"349\" data-end=\"364\">\u00d6zellikler:<\/strong><\/p>\n<ul data-start=\"365\" data-end=\"615\">\n<li data-start=\"365\" data-end=\"414\">\n<p data-start=\"367\" data-end=\"414\">\u00dcr\u00fcn Ad\u0131: BT LPE \/ SPE Platform \u2013 7566866-031<\/p>\n<\/li>\n<li data-start=\"415\" data-end=\"442\">\n<p data-start=\"417\" data-end=\"442\">Par\u00e7a Kodu: 7566866-031<\/p>\n<\/li>\n<li data-start=\"443\" data-end=\"485\">\n<p data-start=\"445\" data-end=\"485\">Malzeme: Y\u00fcksek mukavemetli metal yap\u0131<\/p>\n<\/li>\n<li data-start=\"486\" data-end=\"558\">\n<p data-start=\"488\" data-end=\"558\">Kullan\u0131m Alan\u0131: BT LPE \/ SPE serisi depo ve personel ta\u015f\u0131ma ara\u00e7lar\u0131<\/p>\n<\/li>\n<li data-start=\"559\" data-end=\"615\">\n<p data-start=\"561\" data-end=\"615\">Avantajlar: G\u00fcvenli kullan\u0131m, sa\u011flam yap\u0131, uzun \u00f6m\u00fcr<\/p>\n<\/li>\n<\/ul>\n","protected":false},"featured_media":20305,"template":"","meta":[],"product_brand":[],"product_cat":[251,472,518],"product_tag":[],"class_list":{"0":"post-20303","1":"product","2":"type-product","3":"status-publish","4":"has-post-thumbnail","6":"product_cat-bt","7":"product_cat-kaporta-aksami","8":"product_cat-yedek-parca-bt","10":"first","11":"instock","12":"taxable","13":"shipping-taxable","14":"purchasable","15":"product-type-simple"},"_links":{"self":[{"href":"https:\/\/ceoparts.com\/tr\/wp-json\/wp\/v2\/product\/20303","targetHints":{"allow":["GET"]}}],"collection":[{"href":"https:\/\/ceoparts.com\/tr\/wp-json\/wp\/v2\/product"}],"about":[{"href":"https:\/\/ceoparts.com\/tr\/wp-json\/wp\/v2\/types\/product"}],"wp:featuredmedia":[{"embeddable":true,"href":"https:\/\/ceoparts.com\/tr\/wp-json\/wp\/v2\/media\/20305"}],"wp:attachment":[{"href":"https:\/\/ceoparts.com\/tr\/wp-json\/wp\/v2\/media?parent=20303"}],"wp:term":[{"taxonomy":"product_brand","embeddable":true,"href":"https:\/\/ceoparts.com\/tr\/wp-json\/wp\/v2\/product_brand?post=20303"},{"taxonomy":"product_cat","embeddable":true,"href":"https:\/\/ceoparts.com\/tr\/wp-json\/wp\/v2\/product_cat?post=20303"},{"taxonomy":"product_tag","embeddable":true,"href":"https:\/\/ceoparts.com\/tr\/wp-json\/wp\/v2\/product_tag?post=20303"}],"curies":[{"name":"wp","href":"https:\/\/api.w.org\/{rel}","templated":true}]}}