{"id":20309,"date":"2025-12-19T13:09:52","date_gmt":"2025-12-19T10:09:52","guid":{"rendered":"https:\/\/ceoparts.com\/?post_type=product&#038;p=20309"},"modified":"2026-05-16T18:16:12","modified_gmt":"2026-05-16T15:16:12","slug":"jungheinrich-kece-51058822","status":"publish","type":"product","link":"https:\/\/ceoparts.com\/tr\/urun\/jungheinrich-kece-51058822\/","title":{"rendered":"Jungheinrich Ke\u00e7e &#8211; 51058822"},"content":{"rendered":"<p>Jungheinrich Ke\u00e7e &#8211; 51058822<\/p>","protected":false},"excerpt":{"rendered":"<p data-start=\"83\" data-end=\"306\">Forklift uygulamalar\u0131nda kullan\u0131lan <strong data-start=\"119\" data-end=\"151\">Jungheinrich Ke\u00e7e \u2013 51058822<\/strong>, hidrolik ve mekanik sistemlerde s\u0131zd\u0131rmazl\u0131k sa\u011flayarak ya\u011f ve kir giri\u015fini engeller. Dayan\u0131kl\u0131 yap\u0131s\u0131 sayesinde a\u015f\u0131nmaya kar\u015f\u0131 uzun \u00f6m\u00fcrl\u00fc koruma sunar.<\/p>\n<p data-start=\"308\" data-end=\"323\"><strong data-start=\"308\" data-end=\"323\">\u00d6zellikler:<\/strong><\/p>\n<ul data-start=\"324\" data-end=\"596\">\n<li data-start=\"324\" data-end=\"366\">\n<p data-start=\"326\" data-end=\"366\">\u00dcr\u00fcn Ad\u0131: Jungheinrich Ke\u00e7e \u2013 51058822<\/p>\n<\/li>\n<li data-start=\"367\" data-end=\"391\">\n<p data-start=\"369\" data-end=\"391\">Par\u00e7a Kodu: 51058822<\/p>\n<\/li>\n<li data-start=\"392\" data-end=\"454\">\n<p data-start=\"394\" data-end=\"454\">Malzeme: A\u015f\u0131nmaya ve ya\u011fa dayan\u0131kl\u0131 s\u0131zd\u0131rmazl\u0131k malzemesi<\/p>\n<\/li>\n<li data-start=\"455\" data-end=\"527\">\n<p data-start=\"457\" data-end=\"527\">Kullan\u0131m Alan\u0131: Jungheinrich forklift hidrolik ve mekanik sistemleri<\/p>\n<\/li>\n<li data-start=\"528\" data-end=\"596\">\n<p data-start=\"530\" data-end=\"596\">Avantajlar: Y\u00fcksek s\u0131zd\u0131rmazl\u0131k, uzun \u00f6m\u00fcr, g\u00fcvenilir performans<\/p>\n<\/li>\n<\/ul>\n","protected":false},"featured_media":20312,"template":"","meta":[],"product_brand":[],"product_cat":[236,470,522],"product_tag":[],"class_list":{"0":"post-20309","1":"product","2":"type-product","3":"status-publish","4":"has-post-thumbnail","6":"product_cat-jungheinrich","7":"product_cat-diger-yedek-parcalar","8":"product_cat-yedek-parca-jungheinrich","10":"first","11":"instock","12":"taxable","13":"shipping-taxable","14":"purchasable","15":"product-type-simple"},"_links":{"self":[{"href":"https:\/\/ceoparts.com\/tr\/wp-json\/wp\/v2\/product\/20309","targetHints":{"allow":["GET"]}}],"collection":[{"href":"https:\/\/ceoparts.com\/tr\/wp-json\/wp\/v2\/product"}],"about":[{"href":"https:\/\/ceoparts.com\/tr\/wp-json\/wp\/v2\/types\/product"}],"wp:featuredmedia":[{"embeddable":true,"href":"https:\/\/ceoparts.com\/tr\/wp-json\/wp\/v2\/media\/20312"}],"wp:attachment":[{"href":"https:\/\/ceoparts.com\/tr\/wp-json\/wp\/v2\/media?parent=20309"}],"wp:term":[{"taxonomy":"product_brand","embeddable":true,"href":"https:\/\/ceoparts.com\/tr\/wp-json\/wp\/v2\/product_brand?post=20309"},{"taxonomy":"product_cat","embeddable":true,"href":"https:\/\/ceoparts.com\/tr\/wp-json\/wp\/v2\/product_cat?post=20309"},{"taxonomy":"product_tag","embeddable":true,"href":"https:\/\/ceoparts.com\/tr\/wp-json\/wp\/v2\/product_tag?post=20309"}],"curies":[{"name":"wp","href":"https:\/\/api.w.org\/{rel}","templated":true}]}}