{"id":20313,"date":"2025-12-19T13:16:51","date_gmt":"2025-12-19T10:16:51","guid":{"rendered":"https:\/\/ceoparts.com\/?post_type=product&#038;p=20313"},"modified":"2026-05-16T16:24:46","modified_gmt":"2026-05-16T13:24:46","slug":"kontak-anahtari-802","status":"publish","type":"product","link":"https:\/\/ceoparts.com\/tr\/urun\/kontak-anahtari-802\/","title":{"rendered":"Kontak Anahtar\u0131 802"},"content":{"rendered":"<p>Kontak Anahtar\u0131 802<\/p>","protected":false},"excerpt":{"rendered":"<p data-start=\"81\" data-end=\"358\">Forklift ve end\u00fcstriyel ara\u00e7 uygulamalar\u0131nda kullan\u0131lan <strong data-start=\"137\" data-end=\"160\">Kontak Anahtar\u0131 802<\/strong>, arac\u0131n elektrik sistemini g\u00fcvenli ve kontroll\u00fc \u015fekilde a\u00e7\u0131p kapatmak i\u00e7in tasarlanm\u0131\u015f bir anahtar donan\u0131md\u0131r. Dayan\u0131kl\u0131 yap\u0131s\u0131 ve g\u00fcvenilir kontak noktalar\u0131 sayesinde uzun \u00f6m\u00fcrl\u00fc performans sunar.<\/p>\n<p data-start=\"360\" data-end=\"377\"><strong data-start=\"360\" data-end=\"375\">\u00d6zellikler:<\/strong><\/p>\n<ul data-start=\"378\" data-end=\"664\">\n<li data-start=\"378\" data-end=\"411\">\n<p data-start=\"380\" data-end=\"411\">\u00dcr\u00fcn Ad\u0131: Kontak Anahtar\u0131 802<\/p>\n<\/li>\n<li data-start=\"412\" data-end=\"458\">\n<p data-start=\"414\" data-end=\"458\">Tip: Kontak anahtar\u0131 \/ \u00e7al\u0131\u015ft\u0131rma anahtar\u0131<\/p>\n<\/li>\n<li data-start=\"459\" data-end=\"526\">\n<p data-start=\"461\" data-end=\"526\">Malzeme: Dayan\u0131kl\u0131 metal ve y\u00fcksek kaliteli elektrik kontaklar\u0131<\/p>\n<\/li>\n<li data-start=\"527\" data-end=\"600\">\n<p data-start=\"529\" data-end=\"600\">Kullan\u0131m Alan\u0131: Forkliftler, end\u00fcstriyel ara\u00e7lar, elektrik sistemleri<\/p>\n<\/li>\n<li data-start=\"601\" data-end=\"664\">\n<p data-start=\"603\" data-end=\"664\">Avantajlar: G\u00fcvenilir \u00e7al\u0131\u015ft\u0131rma, sa\u011flam yap\u0131, kolay montaj<\/p>\n<\/li>\n<\/ul>\n","protected":false},"featured_media":20314,"template":"","meta":[],"product_brand":[],"product_cat":[469],"product_tag":[],"class_list":{"0":"post-20313","1":"product","2":"type-product","3":"status-publish","4":"has-post-thumbnail","6":"product_cat-elektrik-ve-sistem-parcalari","8":"first","9":"instock","10":"taxable","11":"shipping-taxable","12":"purchasable","13":"product-type-simple"},"_links":{"self":[{"href":"https:\/\/ceoparts.com\/tr\/wp-json\/wp\/v2\/product\/20313","targetHints":{"allow":["GET"]}}],"collection":[{"href":"https:\/\/ceoparts.com\/tr\/wp-json\/wp\/v2\/product"}],"about":[{"href":"https:\/\/ceoparts.com\/tr\/wp-json\/wp\/v2\/types\/product"}],"wp:featuredmedia":[{"embeddable":true,"href":"https:\/\/ceoparts.com\/tr\/wp-json\/wp\/v2\/media\/20314"}],"wp:attachment":[{"href":"https:\/\/ceoparts.com\/tr\/wp-json\/wp\/v2\/media?parent=20313"}],"wp:term":[{"taxonomy":"product_brand","embeddable":true,"href":"https:\/\/ceoparts.com\/tr\/wp-json\/wp\/v2\/product_brand?post=20313"},{"taxonomy":"product_cat","embeddable":true,"href":"https:\/\/ceoparts.com\/tr\/wp-json\/wp\/v2\/product_cat?post=20313"},{"taxonomy":"product_tag","embeddable":true,"href":"https:\/\/ceoparts.com\/tr\/wp-json\/wp\/v2\/product_tag?post=20313"}],"curies":[{"name":"wp","href":"https:\/\/api.w.org\/{rel}","templated":true}]}}