{"id":20316,"date":"2025-12-19T13:21:02","date_gmt":"2025-12-19T10:21:02","guid":{"rendered":"https:\/\/ceoparts.com\/?post_type=product&#038;p=20316"},"modified":"2026-05-16T14:22:26","modified_gmt":"2026-05-16T11:22:26","slug":"kontak-anahtari-801","status":"publish","type":"product","link":"https:\/\/ceoparts.com\/tr\/urun\/kontak-anahtari-801\/","title":{"rendered":"Kontak Anahtar\u0131 801 &#8211;  5008280"},"content":{"rendered":"<p>Kontak Anahtar\u0131 801 &#8211;  5008280<\/p>","protected":false},"excerpt":{"rendered":"<p data-start=\"79\" data-end=\"315\">Forklift ve end\u00fcstriyel ara\u00e7 uygulamalar\u0131nda kullan\u0131lan <strong data-start=\"135\" data-end=\"168\">Kontak Anahtar\u0131 801 \u2013 5008280<\/strong>, arac\u0131n elektrik sisteminin g\u00fcvenli \u015fekilde a\u00e7\u0131l\u0131p kapat\u0131lmas\u0131n\u0131 sa\u011flar. Dayan\u0131kl\u0131 kontak yap\u0131s\u0131 sayesinde uzun s\u00fcreli ve sorunsuz kullan\u0131m sunar.<\/p>\n<p data-start=\"317\" data-end=\"332\"><strong data-start=\"317\" data-end=\"332\">\u00d6zellikler:<\/strong><\/p>\n<ul data-start=\"333\" data-end=\"607\">\n<li data-start=\"333\" data-end=\"376\">\n<p data-start=\"335\" data-end=\"376\">\u00dcr\u00fcn Ad\u0131: Kontak Anahtar\u0131 801 \u2013 5008280<\/p>\n<\/li>\n<li data-start=\"377\" data-end=\"400\">\n<p data-start=\"379\" data-end=\"400\">Par\u00e7a Kodu: 5008280<\/p>\n<\/li>\n<li data-start=\"401\" data-end=\"413\">\n<p data-start=\"403\" data-end=\"413\">Tip: 801<\/p>\n<\/li>\n<li data-start=\"414\" data-end=\"476\">\n<p data-start=\"416\" data-end=\"476\">Malzeme: Dayan\u0131kl\u0131 metal ve elektriksel kontak bile\u015fenleri<\/p>\n<\/li>\n<li data-start=\"477\" data-end=\"545\">\n<p data-start=\"479\" data-end=\"545\">Kullan\u0131m Alan\u0131: Forklift ve end\u00fcstriyel ara\u00e7 elektrik sistemleri<\/p>\n<\/li>\n<li data-start=\"546\" data-end=\"607\">\n<p data-start=\"548\" data-end=\"607\">Avantajlar: G\u00fcvenilir \u00e7al\u0131\u015ft\u0131rma, uzun \u00f6m\u00fcr, kolay montaj<\/p>\n<\/li>\n<\/ul>\n","protected":false},"featured_media":20317,"template":"","meta":[],"product_brand":[],"product_cat":[469],"product_tag":[],"class_list":{"0":"post-20316","1":"product","2":"type-product","3":"status-publish","4":"has-post-thumbnail","6":"product_cat-elektrik-ve-sistem-parcalari","8":"first","9":"instock","10":"taxable","11":"shipping-taxable","12":"purchasable","13":"product-type-simple"},"_links":{"self":[{"href":"https:\/\/ceoparts.com\/tr\/wp-json\/wp\/v2\/product\/20316","targetHints":{"allow":["GET"]}}],"collection":[{"href":"https:\/\/ceoparts.com\/tr\/wp-json\/wp\/v2\/product"}],"about":[{"href":"https:\/\/ceoparts.com\/tr\/wp-json\/wp\/v2\/types\/product"}],"wp:featuredmedia":[{"embeddable":true,"href":"https:\/\/ceoparts.com\/tr\/wp-json\/wp\/v2\/media\/20317"}],"wp:attachment":[{"href":"https:\/\/ceoparts.com\/tr\/wp-json\/wp\/v2\/media?parent=20316"}],"wp:term":[{"taxonomy":"product_brand","embeddable":true,"href":"https:\/\/ceoparts.com\/tr\/wp-json\/wp\/v2\/product_brand?post=20316"},{"taxonomy":"product_cat","embeddable":true,"href":"https:\/\/ceoparts.com\/tr\/wp-json\/wp\/v2\/product_cat?post=20316"},{"taxonomy":"product_tag","embeddable":true,"href":"https:\/\/ceoparts.com\/tr\/wp-json\/wp\/v2\/product_tag?post=20316"}],"curies":[{"name":"wp","href":"https:\/\/api.w.org\/{rel}","templated":true}]}}