{"id":20404,"date":"2025-12-29T16:20:47","date_gmt":"2025-12-29T13:20:47","guid":{"rendered":"https:\/\/ceoparts.com\/?post_type=product&#038;p=20404"},"modified":"2026-05-16T15:26:40","modified_gmt":"2026-05-16T12:26:40","slug":"hyster-kaldirma-indirme-butonu-sol-s1-6s","status":"publish","type":"product","link":"https:\/\/ceoparts.com\/tr\/urun\/hyster-kaldirma-indirme-butonu-sol-s1-6s\/","title":{"rendered":"Hyster Kald\u0131rma \/ \u0130ndirme Butonu Sol &#8211; S1.6s"},"content":{"rendered":"<p>Hyster Kald\u0131rma \/ \u0130ndirme Butonu Sol &#8211; S1.6s<\/p>","protected":false},"excerpt":{"rendered":"<p data-start=\"79\" data-end=\"372\">Forklift uygulamalar\u0131nda kullan\u0131lan <strong data-start=\"115\" data-end=\"165\">Hyster Kald\u0131rma \/ \u0130ndirme Butonu \u2013 Sol (S1.6s)<\/strong>, forkliftin kald\u0131rma ve indirme fonksiyonlar\u0131n\u0131n operat\u00f6r taraf\u0131ndan hassas ve g\u00fcvenli \u015fekilde kontrol edilmesini sa\u011flar. Dayan\u0131kl\u0131 yap\u0131s\u0131 sayesinde yo\u011fun kullan\u0131ma uygundur ve uzun \u00f6m\u00fcrl\u00fc performans sunar.<\/p>\n<p data-start=\"374\" data-end=\"389\"><strong data-start=\"374\" data-end=\"389\">\u00d6zellikler:<\/strong><\/p>\n<ul data-start=\"390\" data-end=\"668\">\n<li data-start=\"390\" data-end=\"450\">\n<p data-start=\"392\" data-end=\"450\">\u00dcr\u00fcn Ad\u0131: Hyster Kald\u0131rma \/ \u0130ndirme Butonu \u2013 Sol (S1.6s)<\/p>\n<\/li>\n<li data-start=\"451\" data-end=\"472\">\n<p data-start=\"453\" data-end=\"472\">Par\u00e7a Kodu: S1.6s<\/p>\n<\/li>\n<li data-start=\"473\" data-end=\"541\">\n<p data-start=\"475\" data-end=\"541\">Malzeme: Y\u00fcksek dayan\u0131ml\u0131 plastik g\u00f6vde ve elektriksel kontaklar<\/p>\n<\/li>\n<li data-start=\"542\" data-end=\"607\">\n<p data-start=\"544\" data-end=\"607\">Kullan\u0131m Alan\u0131: Hyster forklift kumanda ve kontrol sistemleri<\/p>\n<\/li>\n<li data-start=\"608\" data-end=\"668\">\n<p data-start=\"610\" data-end=\"668\">Avantajlar: Hassas kontrol, dayan\u0131kl\u0131 yap\u0131, kolay montaj<\/p>\n<\/li>\n<\/ul>\n","protected":false},"featured_media":20407,"template":"","meta":[],"product_brand":[],"product_cat":[454,256,520],"product_tag":[],"class_list":{"0":"post-20404","1":"product","2":"type-product","3":"status-publish","4":"has-post-thumbnail","6":"product_cat-switch-ve-buton","7":"product_cat-hyster","8":"product_cat-yedek-parca-hyster","10":"first","11":"instock","12":"taxable","13":"shipping-taxable","14":"purchasable","15":"product-type-simple"},"_links":{"self":[{"href":"https:\/\/ceoparts.com\/tr\/wp-json\/wp\/v2\/product\/20404","targetHints":{"allow":["GET"]}}],"collection":[{"href":"https:\/\/ceoparts.com\/tr\/wp-json\/wp\/v2\/product"}],"about":[{"href":"https:\/\/ceoparts.com\/tr\/wp-json\/wp\/v2\/types\/product"}],"wp:featuredmedia":[{"embeddable":true,"href":"https:\/\/ceoparts.com\/tr\/wp-json\/wp\/v2\/media\/20407"}],"wp:attachment":[{"href":"https:\/\/ceoparts.com\/tr\/wp-json\/wp\/v2\/media?parent=20404"}],"wp:term":[{"taxonomy":"product_brand","embeddable":true,"href":"https:\/\/ceoparts.com\/tr\/wp-json\/wp\/v2\/product_brand?post=20404"},{"taxonomy":"product_cat","embeddable":true,"href":"https:\/\/ceoparts.com\/tr\/wp-json\/wp\/v2\/product_cat?post=20404"},{"taxonomy":"product_tag","embeddable":true,"href":"https:\/\/ceoparts.com\/tr\/wp-json\/wp\/v2\/product_tag?post=20404"}],"curies":[{"name":"wp","href":"https:\/\/api.w.org\/{rel}","templated":true}]}}