{"id":20408,"date":"2025-12-29T16:53:51","date_gmt":"2025-12-29T13:53:51","guid":{"rendered":"https:\/\/ceoparts.com\/?post_type=product&#038;p=20408"},"modified":"2026-05-16T11:50:58","modified_gmt":"2026-05-16T08:50:58","slug":"jungheinrich-metal-plaka-51129986","status":"publish","type":"product","link":"https:\/\/ceoparts.com\/tr\/urun\/jungheinrich-metal-plaka-51129986\/","title":{"rendered":"Jungheinrich Metal Plaka &#8211; 51129986"},"content":{"rendered":"<p>Jungheinrich Metal Plaka &#8211; 51129986<\/p>","protected":false},"excerpt":{"rendered":"<p data-start=\"65\" data-end=\"349\">Forklift uygulamalar\u0131nda kullan\u0131lan <strong data-start=\"101\" data-end=\"140\">Jungheinrich Metal Plaka \u2013 51129986<\/strong>, forklift \u015fasi ve mekanik sistemlerinde destek, ba\u011flant\u0131 veya koruma amac\u0131yla kullan\u0131lan dayan\u0131kl\u0131 bir yedek par\u00e7ad\u0131r. Y\u00fck ve titre\u015fime kar\u015f\u0131 diren\u00e7li yap\u0131s\u0131 sayesinde uzun \u00f6m\u00fcrl\u00fc ve g\u00fcvenilir kullan\u0131m sunar.<\/p>\n<p data-start=\"351\" data-end=\"366\"><strong data-start=\"351\" data-end=\"366\">\u00d6zellikler:<\/strong><\/p>\n<ul data-start=\"367\" data-end=\"602\">\n<li data-start=\"367\" data-end=\"416\">\n<p data-start=\"369\" data-end=\"416\">\u00dcr\u00fcn Ad\u0131: Jungheinrich Metal Plaka \u2013 51129986<\/p>\n<\/li>\n<li data-start=\"417\" data-end=\"441\">\n<p data-start=\"419\" data-end=\"441\">Par\u00e7a Kodu: 51129986<\/p>\n<\/li>\n<li data-start=\"442\" data-end=\"479\">\n<p data-start=\"444\" data-end=\"479\">Malzeme: Y\u00fcksek mukavemetli metal<\/p>\n<\/li>\n<li data-start=\"480\" data-end=\"547\">\n<p data-start=\"482\" data-end=\"547\">Kullan\u0131m Alan\u0131: Jungheinrich forklift \u015fasi ve mekanik aksamlar\u0131<\/p>\n<\/li>\n<li data-start=\"548\" data-end=\"602\">\n<p data-start=\"550\" data-end=\"602\">Avantajlar: Dayan\u0131kl\u0131 yap\u0131, uzun \u00f6m\u00fcr, hassas uyum<\/p>\n<\/li>\n<\/ul>\n","protected":false},"featured_media":20410,"template":"","meta":[],"product_brand":[],"product_cat":[470,236,522],"product_tag":[],"class_list":{"0":"post-20408","1":"product","2":"type-product","3":"status-publish","4":"has-post-thumbnail","6":"product_cat-diger-yedek-parcalar","7":"product_cat-jungheinrich","8":"product_cat-yedek-parca-jungheinrich","10":"first","11":"instock","12":"taxable","13":"shipping-taxable","14":"purchasable","15":"product-type-simple"},"_links":{"self":[{"href":"https:\/\/ceoparts.com\/tr\/wp-json\/wp\/v2\/product\/20408","targetHints":{"allow":["GET"]}}],"collection":[{"href":"https:\/\/ceoparts.com\/tr\/wp-json\/wp\/v2\/product"}],"about":[{"href":"https:\/\/ceoparts.com\/tr\/wp-json\/wp\/v2\/types\/product"}],"wp:featuredmedia":[{"embeddable":true,"href":"https:\/\/ceoparts.com\/tr\/wp-json\/wp\/v2\/media\/20410"}],"wp:attachment":[{"href":"https:\/\/ceoparts.com\/tr\/wp-json\/wp\/v2\/media?parent=20408"}],"wp:term":[{"taxonomy":"product_brand","embeddable":true,"href":"https:\/\/ceoparts.com\/tr\/wp-json\/wp\/v2\/product_brand?post=20408"},{"taxonomy":"product_cat","embeddable":true,"href":"https:\/\/ceoparts.com\/tr\/wp-json\/wp\/v2\/product_cat?post=20408"},{"taxonomy":"product_tag","embeddable":true,"href":"https:\/\/ceoparts.com\/tr\/wp-json\/wp\/v2\/product_tag?post=20408"}],"curies":[{"name":"wp","href":"https:\/\/api.w.org\/{rel}","templated":true}]}}