{"id":20421,"date":"2025-12-30T10:49:47","date_gmt":"2025-12-30T07:49:47","guid":{"rendered":"https:\/\/ceoparts.com\/?post_type=product&#038;p=20421"},"modified":"2026-05-16T21:02:50","modified_gmt":"2026-05-16T18:02:50","slug":"elektronik-kart-redresor","status":"publish","type":"product","link":"https:\/\/ceoparts.com\/tr\/urun\/elektronik-kart-redresor\/","title":{"rendered":"Elektronik Kart &#8211; Redres\u00f6r"},"content":{"rendered":"<p>Elektronik Kart &#8211; Redres\u00f6r<\/p>","protected":false},"excerpt":{"rendered":"<p data-start=\"79\" data-end=\"359\">Forklift uygulamalar\u0131nda kullan\u0131lan <strong data-start=\"115\" data-end=\"145\">Elektronik Kart \u2013 Redres\u00f6r<\/strong>, ak\u00fcden veya \u015febekeden gelen elektri\u011fi do\u011fru ak\u0131ma \u00e7evirerek sistemin g\u00fcvenli ve stabil \u015fekilde \u00e7al\u0131\u015fmas\u0131n\u0131 sa\u011flar. Elektrik ak\u0131m\u0131n\u0131 reg\u00fcle ederek elektronik ve elektrikli bile\u015fenlerin korunmas\u0131na katk\u0131da bulunur.<\/p>\n<p data-start=\"361\" data-end=\"376\"><strong data-start=\"361\" data-end=\"376\">\u00d6zellikler:<\/strong><\/p>\n<ul data-start=\"377\" data-end=\"664\">\n<li data-start=\"377\" data-end=\"417\">\n<p data-start=\"379\" data-end=\"417\">\u00dcr\u00fcn Ad\u0131: Elektronik Kart \u2013 Redres\u00f6r<\/p>\n<\/li>\n<li data-start=\"418\" data-end=\"459\">\n<p data-start=\"420\" data-end=\"459\">Par\u00e7a Kodu: Yok \/ modele g\u00f6re de\u011fi\u015fir<\/p>\n<\/li>\n<li data-start=\"460\" data-end=\"528\">\n<p data-start=\"462\" data-end=\"528\">Malzeme: Elektronik devre kart\u0131, y\u00fcksek kaliteli g\u00fc\u00e7 bile\u015fenleri<\/p>\n<\/li>\n<li data-start=\"529\" data-end=\"588\">\n<p data-start=\"531\" data-end=\"588\">Kullan\u0131m Alan\u0131: Forklift \u015farj ve g\u00fc\u00e7 y\u00f6netim sistemleri<\/p>\n<\/li>\n<li data-start=\"589\" data-end=\"664\">\n<p data-start=\"591\" data-end=\"664\">Avantajlar: Stabil ak\u0131m d\u00f6n\u00fc\u015f\u00fcm\u00fc, sistem korumas\u0131, g\u00fcvenilir performans<\/p>\n<\/li>\n<\/ul>\n","protected":false},"featured_media":20424,"template":"","meta":[],"product_brand":[],"product_cat":[431],"product_tag":[],"class_list":{"0":"post-20421","1":"product","2":"type-product","3":"status-publish","4":"has-post-thumbnail","6":"product_cat-ekranlar-ve-kartlar","8":"first","9":"instock","10":"taxable","11":"shipping-taxable","12":"purchasable","13":"product-type-simple"},"_links":{"self":[{"href":"https:\/\/ceoparts.com\/tr\/wp-json\/wp\/v2\/product\/20421","targetHints":{"allow":["GET"]}}],"collection":[{"href":"https:\/\/ceoparts.com\/tr\/wp-json\/wp\/v2\/product"}],"about":[{"href":"https:\/\/ceoparts.com\/tr\/wp-json\/wp\/v2\/types\/product"}],"wp:featuredmedia":[{"embeddable":true,"href":"https:\/\/ceoparts.com\/tr\/wp-json\/wp\/v2\/media\/20424"}],"wp:attachment":[{"href":"https:\/\/ceoparts.com\/tr\/wp-json\/wp\/v2\/media?parent=20421"}],"wp:term":[{"taxonomy":"product_brand","embeddable":true,"href":"https:\/\/ceoparts.com\/tr\/wp-json\/wp\/v2\/product_brand?post=20421"},{"taxonomy":"product_cat","embeddable":true,"href":"https:\/\/ceoparts.com\/tr\/wp-json\/wp\/v2\/product_cat?post=20421"},{"taxonomy":"product_tag","embeddable":true,"href":"https:\/\/ceoparts.com\/tr\/wp-json\/wp\/v2\/product_tag?post=20421"}],"curies":[{"name":"wp","href":"https:\/\/api.w.org\/{rel}","templated":true}]}}