{"id":20482,"date":"2025-12-31T14:29:05","date_gmt":"2025-12-31T11:29:05","guid":{"rendered":"https:\/\/ceoparts.com\/?post_type=product&#038;p=20482"},"modified":"2026-05-17T23:38:56","modified_gmt":"2026-05-17T20:38:56","slug":"komur-seti-1065845","status":"publish","type":"product","link":"https:\/\/ceoparts.com\/tr\/urun\/komur-seti-1065845\/","title":{"rendered":"K\u00f6m\u00fcr Seti &#8211; 1065845"},"content":{"rendered":"<p>K\u00f6m\u00fcr Seti &#8211; 1065845<\/p>","protected":false},"excerpt":{"rendered":"<p data-start=\"116\" data-end=\"420\">Forklift uygulamalar\u0131nda kullan\u0131lan <strong data-start=\"152\" data-end=\"185\">Forklift K\u00f6m\u00fcr Seti \u2013 1065845<\/strong>, elektrik motorunun verimli ve kesintisiz \u00e7al\u0131\u015fmas\u0131n\u0131 sa\u011flamak i\u00e7in tasarlanm\u0131\u015f y\u00fcksek kaliteli bir yedek par\u00e7ad\u0131r. A\u015f\u0131nmaya dayan\u0131kl\u0131 yap\u0131s\u0131 sayesinde uzun \u00f6m\u00fcrl\u00fc kullan\u0131m sunar ve motor performans\u0131n\u0131n stabil kalmas\u0131na yard\u0131mc\u0131 olur.<\/p>\n<p data-start=\"422\" data-end=\"437\"><strong data-start=\"422\" data-end=\"437\">\u00d6zellikler:<\/strong><\/p>\n<ul data-start=\"438\" data-end=\"691\">\n<li data-start=\"438\" data-end=\"481\">\n<p data-start=\"440\" data-end=\"481\">\u00dcr\u00fcn Ad\u0131: Forklift K\u00f6m\u00fcr Seti \u2013 1065845<\/p>\n<\/li>\n<li data-start=\"482\" data-end=\"505\">\n<p data-start=\"484\" data-end=\"505\">Par\u00e7a Kodu: 1065845<\/p>\n<\/li>\n<li data-start=\"506\" data-end=\"575\">\n<p data-start=\"508\" data-end=\"575\">Malzeme: Y\u00fcksek iletkenli karbon k\u00f6m\u00fcr ve dayan\u0131kl\u0131 ta\u015f\u0131y\u0131c\u0131 yap\u0131<\/p>\n<\/li>\n<li data-start=\"576\" data-end=\"625\">\n<p data-start=\"578\" data-end=\"625\">Kullan\u0131m Alan\u0131: Elektrikli forklift motorlar\u0131<\/p>\n<\/li>\n<li data-start=\"626\" data-end=\"691\">\n<p data-start=\"628\" data-end=\"691\">Avantajlar: Uzun \u00f6m\u00fcr, stabil motor performans\u0131, kolay montaj<\/p>\n<\/li>\n<\/ul>\n","protected":false},"featured_media":20484,"template":"","meta":[],"product_brand":[],"product_cat":[470],"product_tag":[],"class_list":{"0":"post-20482","1":"product","2":"type-product","3":"status-publish","4":"has-post-thumbnail","6":"product_cat-diger-yedek-parcalar","8":"first","9":"instock","10":"taxable","11":"shipping-taxable","12":"purchasable","13":"product-type-simple"},"_links":{"self":[{"href":"https:\/\/ceoparts.com\/tr\/wp-json\/wp\/v2\/product\/20482","targetHints":{"allow":["GET"]}}],"collection":[{"href":"https:\/\/ceoparts.com\/tr\/wp-json\/wp\/v2\/product"}],"about":[{"href":"https:\/\/ceoparts.com\/tr\/wp-json\/wp\/v2\/types\/product"}],"wp:featuredmedia":[{"embeddable":true,"href":"https:\/\/ceoparts.com\/tr\/wp-json\/wp\/v2\/media\/20484"}],"wp:attachment":[{"href":"https:\/\/ceoparts.com\/tr\/wp-json\/wp\/v2\/media?parent=20482"}],"wp:term":[{"taxonomy":"product_brand","embeddable":true,"href":"https:\/\/ceoparts.com\/tr\/wp-json\/wp\/v2\/product_brand?post=20482"},{"taxonomy":"product_cat","embeddable":true,"href":"https:\/\/ceoparts.com\/tr\/wp-json\/wp\/v2\/product_cat?post=20482"},{"taxonomy":"product_tag","embeddable":true,"href":"https:\/\/ceoparts.com\/tr\/wp-json\/wp\/v2\/product_tag?post=20482"}],"curies":[{"name":"wp","href":"https:\/\/api.w.org\/{rel}","templated":true}]}}