{"id":20491,"date":"2025-12-31T15:03:36","date_gmt":"2025-12-31T12:03:36","guid":{"rendered":"https:\/\/ceoparts.com\/?post_type=product&#038;p=20491"},"modified":"2026-05-17T21:48:41","modified_gmt":"2026-05-17T18:48:41","slug":"bt-yuruyus-motor-komuru-164206","status":"publish","type":"product","link":"https:\/\/ceoparts.com\/tr\/urun\/bt-yuruyus-motor-komuru-164206\/","title":{"rendered":"BT Y\u00fcr\u00fcy\u00fc\u015f Motor K\u00f6m\u00fcr\u00fc &#8211; 164206"},"content":{"rendered":"<p>BT Y\u00fcr\u00fcy\u00fc\u015f Motor K\u00f6m\u00fcr\u00fc &#8211; 164206<\/p>","protected":false},"excerpt":{"rendered":"<p data-start=\"95\" data-end=\"409\">Forklift uygulamalar\u0131nda kullan\u0131lan <strong data-start=\"131\" data-end=\"167\">BT Y\u00fcr\u00fcy\u00fc\u015f Motor K\u00f6m\u00fcr\u00fc \u2013 164206<\/strong>, BT marka forkliftlerin y\u00fcr\u00fcy\u00fc\u015f motorlar\u0131nda elektrik iletiminin d\u00fczg\u00fcn ve kesintisiz \u015fekilde sa\u011flanmas\u0131 i\u00e7in tasarlanm\u0131\u015f bir yedek par\u00e7ad\u0131r. A\u015f\u0131nmaya dayan\u0131kl\u0131 karbon yap\u0131s\u0131 sayesinde motor performans\u0131n\u0131 korur ve uzun s\u00fcreli kullan\u0131m sunar.<\/p>\n<p data-start=\"411\" data-end=\"426\"><strong data-start=\"411\" data-end=\"426\">\u00d6zellikler:<\/strong><\/p>\n<ul data-start=\"427\" data-end=\"654\">\n<li data-start=\"427\" data-end=\"473\">\n<p data-start=\"429\" data-end=\"473\">\u00dcr\u00fcn Ad\u0131: BT Y\u00fcr\u00fcy\u00fc\u015f Motor K\u00f6m\u00fcr\u00fc \u2013 164206<\/p>\n<\/li>\n<li data-start=\"474\" data-end=\"496\">\n<p data-start=\"476\" data-end=\"496\">Par\u00e7a Kodu: 164206<\/p>\n<\/li>\n<li data-start=\"497\" data-end=\"539\">\n<p data-start=\"499\" data-end=\"539\">Malzeme: Y\u00fcksek iletkenli karbon k\u00f6m\u00fcr<\/p>\n<\/li>\n<li data-start=\"540\" data-end=\"589\">\n<p data-start=\"542\" data-end=\"589\">Kullan\u0131m Alan\u0131: BT forklift y\u00fcr\u00fcy\u00fc\u015f motorlar\u0131<\/p>\n<\/li>\n<li data-start=\"590\" data-end=\"654\">\n<p data-start=\"592\" data-end=\"654\">Avantajlar: Stabil elektrik iletimi, uzun \u00f6m\u00fcr, kolay montaj<\/p>\n<\/li>\n<\/ul>\n","protected":false},"featured_media":20493,"template":"","meta":[],"product_brand":[],"product_cat":[470,251,518],"product_tag":[],"class_list":{"0":"post-20491","1":"product","2":"type-product","3":"status-publish","4":"has-post-thumbnail","6":"product_cat-diger-yedek-parcalar","7":"product_cat-bt","8":"product_cat-yedek-parca-bt","10":"first","11":"instock","12":"taxable","13":"shipping-taxable","14":"purchasable","15":"product-type-simple"},"_links":{"self":[{"href":"https:\/\/ceoparts.com\/tr\/wp-json\/wp\/v2\/product\/20491","targetHints":{"allow":["GET"]}}],"collection":[{"href":"https:\/\/ceoparts.com\/tr\/wp-json\/wp\/v2\/product"}],"about":[{"href":"https:\/\/ceoparts.com\/tr\/wp-json\/wp\/v2\/types\/product"}],"wp:featuredmedia":[{"embeddable":true,"href":"https:\/\/ceoparts.com\/tr\/wp-json\/wp\/v2\/media\/20493"}],"wp:attachment":[{"href":"https:\/\/ceoparts.com\/tr\/wp-json\/wp\/v2\/media?parent=20491"}],"wp:term":[{"taxonomy":"product_brand","embeddable":true,"href":"https:\/\/ceoparts.com\/tr\/wp-json\/wp\/v2\/product_brand?post=20491"},{"taxonomy":"product_cat","embeddable":true,"href":"https:\/\/ceoparts.com\/tr\/wp-json\/wp\/v2\/product_cat?post=20491"},{"taxonomy":"product_tag","embeddable":true,"href":"https:\/\/ceoparts.com\/tr\/wp-json\/wp\/v2\/product_tag?post=20491"}],"curies":[{"name":"wp","href":"https:\/\/api.w.org\/{rel}","templated":true}]}}