{"id":20881,"date":"2026-01-21T17:25:01","date_gmt":"2026-01-21T14:25:01","guid":{"rendered":"https:\/\/ceoparts.com\/?post_type=product&#038;p=20881"},"modified":"2026-05-03T05:40:34","modified_gmt":"2026-05-03T02:40:34","slug":"82x90-17-poliuretan-transpalet-yuk-tekerlegi","status":"publish","type":"product","link":"https:\/\/ceoparts.com\/tr\/urun\/82x90-17-poliuretan-transpalet-yuk-tekerlegi\/","title":{"rendered":"82&#215;90-17 Poli\u00fcretan Transpalet Tekeri"},"content":{"rendered":"<p>82&#215;90-17 Poli\u00fcretan Transpalet Tekeri<\/p>\n<p><\/p>","protected":false},"excerpt":{"rendered":"<p data-start=\"151\" data-end=\"488\">82&#215;90-17 Demir\u00fcst\u00fc poli\u00fcretan y\u00fck tekeri, forklift ve i\u015f makinelerinde a\u011f\u0131r y\u00fcklerin g\u00fcvenle ta\u015f\u0131nabilmesi i\u00e7in geli\u015ftirilmi\u015ftir. Y\u00fcksek kaliteli poli\u00fcretan kaplamas\u0131 sayesinde uzun \u00f6m\u00fcrl\u00fc kullan\u0131m sunar ve zorlu \u00e7al\u0131\u015fma ko\u015fullar\u0131nda bile dayan\u0131kl\u0131l\u0131\u011f\u0131n\u0131 korur. End\u00fcstriyel alanlarda verimlili\u011fi art\u0131ran g\u00fcvenilir bir \u00e7\u00f6z\u00fcmd\u00fcr.<\/p>\n<p data-start=\"490\" data-end=\"754\"><strong data-start=\"490\" data-end=\"504\">\u00d6zellikler<\/strong><br data-start=\"504\" data-end=\"507\" \/><strong data-start=\"507\" data-end=\"520\">\u00dcr\u00fcn Ad\u0131:<\/strong> 82&#215;90-17 Demir\u00fcst\u00fc Poli\u00fcretan Y\u00fck Tekeri<br data-start=\"561\" data-end=\"564\" \/><strong data-start=\"564\" data-end=\"579\">Par\u00e7a Kodu:<\/strong>\u00a0Belirtilmemi\u015f<br data-start=\"593\" data-end=\"596\" \/><strong data-start=\"596\" data-end=\"608\">Malzeme:<\/strong>\u00a0Poli\u00fcretan kaplama, demir g\u00f6bek<br data-start=\"640\" data-end=\"643\" \/><strong data-start=\"643\" data-end=\"662\">Kullan\u0131m Alan\u0131:<\/strong>\u00a0Forklift ve i\u015f makineleri<br data-start=\"688\" data-end=\"691\" \/><strong data-start=\"691\" data-end=\"703\">Avantaj:<\/strong>\u00a0Y\u00fcksek ta\u015f\u0131ma kapasitesi, uzun \u00f6m\u00fcr, sa\u011flam yap\u0131<\/p>\n","protected":false},"featured_media":20861,"template":"","meta":[],"product_brand":[],"product_cat":[539,540],"product_tag":[],"class_list":{"0":"post-20881","1":"product","2":"type-product","3":"status-publish","4":"has-post-thumbnail","6":"product_cat-transpalet-tekeri","7":"product_cat-poliuretan-transpalet-tekeri","9":"first","10":"instock","11":"taxable","12":"shipping-taxable","13":"purchasable","14":"product-type-simple"},"_links":{"self":[{"href":"https:\/\/ceoparts.com\/tr\/wp-json\/wp\/v2\/product\/20881","targetHints":{"allow":["GET"]}}],"collection":[{"href":"https:\/\/ceoparts.com\/tr\/wp-json\/wp\/v2\/product"}],"about":[{"href":"https:\/\/ceoparts.com\/tr\/wp-json\/wp\/v2\/types\/product"}],"wp:featuredmedia":[{"embeddable":true,"href":"https:\/\/ceoparts.com\/tr\/wp-json\/wp\/v2\/media\/20861"}],"wp:attachment":[{"href":"https:\/\/ceoparts.com\/tr\/wp-json\/wp\/v2\/media?parent=20881"}],"wp:term":[{"taxonomy":"product_brand","embeddable":true,"href":"https:\/\/ceoparts.com\/tr\/wp-json\/wp\/v2\/product_brand?post=20881"},{"taxonomy":"product_cat","embeddable":true,"href":"https:\/\/ceoparts.com\/tr\/wp-json\/wp\/v2\/product_cat?post=20881"},{"taxonomy":"product_tag","embeddable":true,"href":"https:\/\/ceoparts.com\/tr\/wp-json\/wp\/v2\/product_tag?post=20881"}],"curies":[{"name":"wp","href":"https:\/\/api.w.org\/{rel}","templated":true}]}}