{"id":20912,"date":"2026-01-28T14:46:24","date_gmt":"2026-01-28T11:46:24","guid":{"rendered":"https:\/\/ceoparts.com\/?post_type=product&#038;p=20912"},"modified":"2026-05-03T05:40:34","modified_gmt":"2026-05-03T02:40:34","slug":"70x60-17-beyaz-poliamid-transpalet-yuk-tekeri","status":"publish","type":"product","link":"https:\/\/ceoparts.com\/tr\/urun\/70x60-17-beyaz-poliamid-transpalet-yuk-tekeri\/","title":{"rendered":"70&#215;60-17 Beyaz Poliamid Transpalet Tekeri"},"content":{"rendered":"<p>70&#215;60-17 Beyaz Poliamid Transpalet Tekeri<\/p>\n<p><\/p>","protected":false},"excerpt":{"rendered":"<p>Dayan\u0131kl\u0131 ve y\u00fcksek performansl\u0131 70&#215;60-17 Beyaz Poliamid Transpalet Tekeri, transpaletlerinizde uzun \u00f6m\u00fcrl\u00fc ve sessiz kullan\u0131m sa\u011flar. Poliamid malzemesi sayesinde a\u015f\u0131nmaya kar\u015f\u0131 diren\u00e7li, darbeye dayan\u0131kl\u0131 ve end\u00fcstriyel zeminlerde m\u00fckemmel kayma direnci sunar.<\/p>\n<p><strong>Ebat:<\/strong> 70&#215;60-17 mm<\/p>\n<p><strong>Renk:<\/strong> Beyaz<\/p>\n<p><strong>Malzeme:<\/strong> Y\u00fcksek kaliteli poliamid<\/p>\n<p><strong>Uyum:<\/strong> \u00c7o\u011fu transpalet modeliyle uyumludur<\/p>\n<p><strong>Avantajlar:<\/strong> D\u00fc\u015f\u00fck bak\u0131m gereksinimi, uzun kullan\u0131m \u00f6mr\u00fc ve sessiz \u00e7al\u0131\u015fma<\/p>\n<p>Transpalet performans\u0131n\u0131z\u0131 art\u0131rmak ve i\u015f verimlili\u011finizi y\u00fckseltmek i\u00e7in ideal se\u00e7im!<\/p>\n","protected":false},"featured_media":20913,"template":"","meta":[],"product_brand":[],"product_cat":[541,539],"product_tag":[],"class_list":{"0":"post-20912","1":"product","2":"type-product","3":"status-publish","4":"has-post-thumbnail","6":"product_cat-poliamid-transpalet-tekeri","7":"product_cat-transpalet-tekeri","9":"first","10":"instock","11":"taxable","12":"shipping-taxable","13":"purchasable","14":"product-type-simple"},"_links":{"self":[{"href":"https:\/\/ceoparts.com\/tr\/wp-json\/wp\/v2\/product\/20912","targetHints":{"allow":["GET"]}}],"collection":[{"href":"https:\/\/ceoparts.com\/tr\/wp-json\/wp\/v2\/product"}],"about":[{"href":"https:\/\/ceoparts.com\/tr\/wp-json\/wp\/v2\/types\/product"}],"wp:featuredmedia":[{"embeddable":true,"href":"https:\/\/ceoparts.com\/tr\/wp-json\/wp\/v2\/media\/20913"}],"wp:attachment":[{"href":"https:\/\/ceoparts.com\/tr\/wp-json\/wp\/v2\/media?parent=20912"}],"wp:term":[{"taxonomy":"product_brand","embeddable":true,"href":"https:\/\/ceoparts.com\/tr\/wp-json\/wp\/v2\/product_brand?post=20912"},{"taxonomy":"product_cat","embeddable":true,"href":"https:\/\/ceoparts.com\/tr\/wp-json\/wp\/v2\/product_cat?post=20912"},{"taxonomy":"product_tag","embeddable":true,"href":"https:\/\/ceoparts.com\/tr\/wp-json\/wp\/v2\/product_tag?post=20912"}],"curies":[{"name":"wp","href":"https:\/\/api.w.org\/{rel}","templated":true}]}}