{"id":21012,"date":"2026-02-16T14:25:13","date_gmt":"2026-02-16T11:25:13","guid":{"rendered":"https:\/\/ceoparts.com\/?post_type=product&#038;p=21012"},"modified":"2026-04-08T17:12:54","modified_gmt":"2026-04-08T14:12:54","slug":"380x192-rader-vogel-yuk-tekeri-51334553","status":"publish","type":"product","link":"https:\/\/ceoparts.com\/tr\/urun\/380x192-rader-vogel-yuk-tekeri-51334553\/","title":{"rendered":"380&#215;192 Rader Vogel Y\u00fck Tekeri &#8211; 51334553"},"content":{"rendered":"<p>380&#215;192 Rader Vogel Y\u00fck Tekeri &#8211; 51334553<\/p>","protected":false},"excerpt":{"rendered":"<p data-start=\"224\" data-end=\"374\">380\u00d7192 \u00f6l\u00e7\u00fclerinde poli\u00fcretan kapl\u0131 bu y\u00fck tekeri, <strong data-start=\"276\" data-end=\"336\">Jungheinrich reach truck ve dar koridor istif makineleri<\/strong> i\u00e7in tasarlanm\u0131\u015f a\u011f\u0131r hizmet tipidir.Y\u00fcksek ta\u015f\u0131ma kapasitesi ve geni\u015f y\u00fczey yap\u0131s\u0131 sayesinde a\u011f\u0131r y\u00fcklerde maksimum stabilite sa\u011flar. \u00c7elik g\u00f6bekli ve rulmanl\u0131 yap\u0131s\u0131 ile uzun \u00f6m\u00fcrl\u00fc kullan\u0131m sunar, zemin \u00fczerinde sessiz ve iz b\u0131rakmadan \u00e7al\u0131\u015f\u0131r.<br \/>\n\u00d6zellikle y\u00fcksek kald\u0131rma yapan depo ara\u00e7lar\u0131nda, y\u00fck da\u011f\u0131l\u0131m\u0131n\u0131 dengeli \u015fekilde aktararak makine performans\u0131n\u0131 art\u0131r\u0131r.<\/p>\n<ul>\n<li data-start=\"941\" data-end=\"1007\">\n<p data-start=\"943\" data-end=\"1007\">ETV Reach Truck Serisi (214 \/ 216 \/ 318 \/ 320 \/ 325 \/ 327 \/ 330)<\/p>\n<\/li>\n<li data-start=\"1008\" data-end=\"1032\">\n<p data-start=\"1010\" data-end=\"1032\">EKX Dar Koridor Serisi<\/p>\n<\/li>\n<li data-start=\"1033\" data-end=\"1062\">\n<p data-start=\"1035\" data-end=\"1062\">A\u011f\u0131r hizmet depo makineleri<\/p>\n<\/li>\n<\/ul>\n","protected":false},"featured_media":21015,"template":"","meta":[],"product_brand":[],"product_cat":[194],"product_tag":[],"class_list":{"0":"post-21012","1":"product","2":"type-product","3":"status-publish","4":"has-post-thumbnail","6":"product_cat-yuk-tekeri","8":"first","9":"instock","10":"taxable","11":"shipping-taxable","12":"purchasable","13":"product-type-simple"},"_links":{"self":[{"href":"https:\/\/ceoparts.com\/tr\/wp-json\/wp\/v2\/product\/21012","targetHints":{"allow":["GET"]}}],"collection":[{"href":"https:\/\/ceoparts.com\/tr\/wp-json\/wp\/v2\/product"}],"about":[{"href":"https:\/\/ceoparts.com\/tr\/wp-json\/wp\/v2\/types\/product"}],"wp:featuredmedia":[{"embeddable":true,"href":"https:\/\/ceoparts.com\/tr\/wp-json\/wp\/v2\/media\/21015"}],"wp:attachment":[{"href":"https:\/\/ceoparts.com\/tr\/wp-json\/wp\/v2\/media?parent=21012"}],"wp:term":[{"taxonomy":"product_brand","embeddable":true,"href":"https:\/\/ceoparts.com\/tr\/wp-json\/wp\/v2\/product_brand?post=21012"},{"taxonomy":"product_cat","embeddable":true,"href":"https:\/\/ceoparts.com\/tr\/wp-json\/wp\/v2\/product_cat?post=21012"},{"taxonomy":"product_tag","embeddable":true,"href":"https:\/\/ceoparts.com\/tr\/wp-json\/wp\/v2\/product_tag?post=21012"}],"curies":[{"name":"wp","href":"https:\/\/api.w.org\/{rel}","templated":true}]}}