{"id":21095,"date":"2026-03-02T15:12:14","date_gmt":"2026-03-02T12:12:14","guid":{"rendered":"https:\/\/ceoparts.com\/?post_type=product&#038;p=21095"},"modified":"2026-04-14T06:24:07","modified_gmt":"2026-04-14T03:24:07","slug":"24v-otomatik-aku-dolum-seti","status":"publish","type":"product","link":"https:\/\/ceoparts.com\/tr\/urun\/24v-otomatik-aku-dolum-seti\/","title":{"rendered":"24V Otomatik Ak\u00fc Dolum Seti"},"content":{"rendered":"<p>24V Otomatik Ak\u00fc Dolum Seti<\/p>\n<p>24V Otomatik Ak\u00fc Dolum Seti<\/p>","protected":false},"excerpt":{"rendered":"<p>Ak\u00fc H\u00fccre Bu\u015fon Kapa\u011f\u0131 &#8211; 12 adet<br \/>\nS\u0131k\u0131\u015ft\u0131rma Halkas\u0131 NW10 &#8211; 1 adet<br \/>\nS\u0131k\u0131\u015ft\u0131rma Halkas\u0131 NW6 &#8211; 24 adet<br \/>\nKapatma T\u0131pas\u0131 &#8211; 2 adet<br \/>\nHortum Kelep\u00e7esi NW10 &#8211; 5 Adet<br \/>\nT Par\u00e7alar<br \/>\nL Par\u00e7alar<br \/>\nFiltre Kartu\u015fu<br \/>\nAk\u00fc Ak\u0131\u015f G\u00f6stergesi<br \/>\nH\u0131zl\u0131 Ba\u011flant\u0131 &#8211; Erkek \/ Di\u015fi<\/p>\n<p>&nbsp;<\/p>\n","protected":false},"featured_media":21097,"template":"","meta":[],"product_brand":[],"product_cat":[443,442],"product_tag":[],"class_list":{"0":"post-21095","1":"product","2":"type-product","3":"status-publish","4":"has-post-thumbnail","6":"product_cat-aku-parcalari","7":"product_cat-aku-yedek-parcalari","9":"first","10":"instock","11":"taxable","12":"shipping-taxable","13":"purchasable","14":"product-type-simple"},"_links":{"self":[{"href":"https:\/\/ceoparts.com\/tr\/wp-json\/wp\/v2\/product\/21095","targetHints":{"allow":["GET"]}}],"collection":[{"href":"https:\/\/ceoparts.com\/tr\/wp-json\/wp\/v2\/product"}],"about":[{"href":"https:\/\/ceoparts.com\/tr\/wp-json\/wp\/v2\/types\/product"}],"wp:featuredmedia":[{"embeddable":true,"href":"https:\/\/ceoparts.com\/tr\/wp-json\/wp\/v2\/media\/21097"}],"wp:attachment":[{"href":"https:\/\/ceoparts.com\/tr\/wp-json\/wp\/v2\/media?parent=21095"}],"wp:term":[{"taxonomy":"product_brand","embeddable":true,"href":"https:\/\/ceoparts.com\/tr\/wp-json\/wp\/v2\/product_brand?post=21095"},{"taxonomy":"product_cat","embeddable":true,"href":"https:\/\/ceoparts.com\/tr\/wp-json\/wp\/v2\/product_cat?post=21095"},{"taxonomy":"product_tag","embeddable":true,"href":"https:\/\/ceoparts.com\/tr\/wp-json\/wp\/v2\/product_tag?post=21095"}],"curies":[{"name":"wp","href":"https:\/\/api.w.org\/{rel}","templated":true}]}}