{"id":21100,"date":"2026-03-02T16:23:05","date_gmt":"2026-03-02T13:23:05","guid":{"rendered":"https:\/\/ceoparts.com\/?post_type=product&#038;p=21100"},"modified":"2026-05-02T19:25:17","modified_gmt":"2026-05-02T16:25:17","slug":"valfli-disi-hizli-baglanti-jaki-kaplin-10mm","status":"publish","type":"product","link":"https:\/\/ceoparts.com\/tr\/urun\/valfli-disi-hizli-baglanti-jaki-kaplin-10mm\/","title":{"rendered":"Valfli Di\u015fi H\u0131zl\u0131 Ba\u011flant\u0131 Jak\u0131 (Kaplin) &#8211; 10Mm"},"content":{"rendered":"<p>Valfli Di\u015fi H\u0131zl\u0131 Ba\u011flant\u0131 Jak\u0131 (Kaplin) &#8211; 10Mm<\/p>","protected":false},"excerpt":{"rendered":"<p data-start=\"93\" data-end=\"279\">Di\u015fi kaplin par\u00e7as\u0131, Aquamatik su dolum sistemleri ve Aquamatic ak\u00fc dolum sistemleri ile uyumlu olacak \u015fekilde tasarlanm\u0131\u015ft\u0131r. Standart olarak su haznesi ba\u011flant\u0131 taraf\u0131nda kullan\u0131l\u0131r.<\/p>\n<p data-start=\"281\" data-end=\"353\">6 mm veya 10 mm su hortumu ba\u011flant\u0131s\u0131na uygundur.<br data-start=\"330\" data-end=\"333\" \/>Fr\u00f6tek \u00fcretimidir.<\/p>\n<p data-start=\"355\" data-end=\"478\">Sipari\u015f \u00f6ncesinde \u00fcr\u00fcn\u00fcn cihaz\u0131n\u0131z ile uyumlulu\u011funu kontrol etmeniz tavsiye edilir. Gerekli durumlarda destek sa\u011flanabilir.<\/p>\n","protected":false},"featured_media":21102,"template":"","meta":[],"product_brand":[],"product_cat":[443,442],"product_tag":[],"class_list":{"0":"post-21100","1":"product","2":"type-product","3":"status-publish","4":"has-post-thumbnail","6":"product_cat-aku-parcalari","7":"product_cat-aku-yedek-parcalari","9":"first","10":"instock","11":"taxable","12":"shipping-taxable","13":"purchasable","14":"product-type-simple"},"_links":{"self":[{"href":"https:\/\/ceoparts.com\/tr\/wp-json\/wp\/v2\/product\/21100","targetHints":{"allow":["GET"]}}],"collection":[{"href":"https:\/\/ceoparts.com\/tr\/wp-json\/wp\/v2\/product"}],"about":[{"href":"https:\/\/ceoparts.com\/tr\/wp-json\/wp\/v2\/types\/product"}],"wp:featuredmedia":[{"embeddable":true,"href":"https:\/\/ceoparts.com\/tr\/wp-json\/wp\/v2\/media\/21102"}],"wp:attachment":[{"href":"https:\/\/ceoparts.com\/tr\/wp-json\/wp\/v2\/media?parent=21100"}],"wp:term":[{"taxonomy":"product_brand","embeddable":true,"href":"https:\/\/ceoparts.com\/tr\/wp-json\/wp\/v2\/product_brand?post=21100"},{"taxonomy":"product_cat","embeddable":true,"href":"https:\/\/ceoparts.com\/tr\/wp-json\/wp\/v2\/product_cat?post=21100"},{"taxonomy":"product_tag","embeddable":true,"href":"https:\/\/ceoparts.com\/tr\/wp-json\/wp\/v2\/product_tag?post=21100"}],"curies":[{"name":"wp","href":"https:\/\/api.w.org\/{rel}","templated":true}]}}