{"id":21114,"date":"2026-03-14T11:30:09","date_gmt":"2026-03-14T08:30:09","guid":{"rendered":"https:\/\/ceoparts.com\/?post_type=product&#038;p=21114"},"modified":"2026-05-06T01:41:49","modified_gmt":"2026-05-05T22:41:49","slug":"jungheinrich-baglanti-parcasi-link-51255885","status":"publish","type":"product","link":"https:\/\/ceoparts.com\/tr\/urun\/jungheinrich-baglanti-parcasi-link-51255885\/","title":{"rendered":"Jungheinrich Ba\u011flant\u0131 Par\u00e7as\u0131 \/ Link &#8211; 51255885"},"content":{"rendered":"<p>Jungheinrich Ba\u011flant\u0131 Par\u00e7as\u0131 \/ Link &#8211; 51255885<\/p>","protected":false},"excerpt":{"rendered":"<p data-start=\"53\" data-end=\"456\">Jungheinrich istif makineleri ve transpaletlerde kullan\u0131lan <strong data-start=\"113\" data-end=\"149\">51255885 ba\u011flant\u0131 par\u00e7as\u0131 (link)<\/strong>, mekanik sistemler aras\u0131ndaki hareket iletimini sa\u011flayan \u00f6nemli bir bile\u015fendir. Dayan\u0131kl\u0131 metal yap\u0131s\u0131 sayesinde yo\u011fun depo ve lojistik operasyonlar\u0131nda uzun \u00f6m\u00fcrl\u00fc ve g\u00fcvenilir performans sunar. Makinenin hareketli par\u00e7alar\u0131n\u0131n dengeli ve stabil \u00e7al\u0131\u015fmas\u0131na yard\u0131mc\u0131 olarak sistem verimlili\u011fini art\u0131r\u0131r.<\/p>\n<p data-start=\"458\" data-end=\"572\" data-is-last-node=\"\" data-is-only-node=\"\">Uyumluluk ve do\u011fru kullan\u0131m i\u00e7in sipari\u015f \u00f6ncesinde makine modelinizle par\u00e7a numaras\u0131n\u0131n kontrol edilmesi \u00f6nerilir.<\/p>\n","protected":false},"featured_media":21115,"template":"","meta":[],"product_brand":[],"product_cat":[441,522,470],"product_tag":[],"class_list":{"0":"post-21114","1":"product","2":"type-product","3":"status-publish","4":"has-post-thumbnail","6":"product_cat-yedek-parca","7":"product_cat-yedek-parca-jungheinrich","8":"product_cat-diger-yedek-parcalar","10":"first","11":"instock","12":"taxable","13":"shipping-taxable","14":"purchasable","15":"product-type-simple"},"_links":{"self":[{"href":"https:\/\/ceoparts.com\/tr\/wp-json\/wp\/v2\/product\/21114","targetHints":{"allow":["GET"]}}],"collection":[{"href":"https:\/\/ceoparts.com\/tr\/wp-json\/wp\/v2\/product"}],"about":[{"href":"https:\/\/ceoparts.com\/tr\/wp-json\/wp\/v2\/types\/product"}],"wp:featuredmedia":[{"embeddable":true,"href":"https:\/\/ceoparts.com\/tr\/wp-json\/wp\/v2\/media\/21115"}],"wp:attachment":[{"href":"https:\/\/ceoparts.com\/tr\/wp-json\/wp\/v2\/media?parent=21114"}],"wp:term":[{"taxonomy":"product_brand","embeddable":true,"href":"https:\/\/ceoparts.com\/tr\/wp-json\/wp\/v2\/product_brand?post=21114"},{"taxonomy":"product_cat","embeddable":true,"href":"https:\/\/ceoparts.com\/tr\/wp-json\/wp\/v2\/product_cat?post=21114"},{"taxonomy":"product_tag","embeddable":true,"href":"https:\/\/ceoparts.com\/tr\/wp-json\/wp\/v2\/product_tag?post=21114"}],"curies":[{"name":"wp","href":"https:\/\/api.w.org\/{rel}","templated":true}]}}